{"id":28173,"date":"2024-08-02T08:11:10","date_gmt":"2024-08-02T08:11:10","guid":{"rendered":"https:\/\/samarali.com\/product\/wedge-meditation-pillow\/"},"modified":"2025-01-06T13:42:38","modified_gmt":"2025-01-06T12:42:38","slug":"wedge-meditation-pillow","status":"publish","type":"product","link":"https:\/\/samarali.com\/de\/produkt\/wedge-meditation-pillow\/","title":{"rendered":"Wedge Meditation Pillow"},"content":{"rendered":"<p>Das Wedge-Kissen wurde entwickelt, um Ihre H\u00fcften und Beine zu st\u00fctzen. Dadurch ist es ideal f\u00fcr die Aufrechterhaltung der Wirbels\u00e4ule und f\u00fcr mehr Komfort.<br \/>\nSeine geschwungene Form sorgt f\u00fcr eine sanfte Erh\u00f6hung, die dazu beitr\u00e4gt, Ihre Wirbels\u00e4ule w\u00e4hrend der Meditation, beim Sitzen oder bei anderen Aktivit\u00e4ten gerade zu halten.<br \/>\nAbgesehen von der Meditation ist das Wedge-Kissen vielseitig genug und kann f\u00fcr weitere Zwecke verwendet werden, z.B. zur Unterst\u00fctzung des R\u00fcckens beim Sitzen oder zur Korrektur der K\u00f6rperhaltung.<br \/>\nSein praktisches Design macht es zu einer wertvollen Erg\u00e4nzung f\u00fcr Ihre Wellness-Routine.<br \/>\nJedes Kissen ist mit einem Griff an der Au\u00dfenseite versehen, so dass es leicht zu transportieren ist.<br \/>\nDer Griff ist mit einer Stickerei verziert, die unsere Werte und unser Erbe widerspiegelt und einen Hauch von kultureller Bedeutung verleiht.<br \/>\nDas Wedge-Kissen wird mit zwei abnehmbaren Bez\u00fcgen geliefert, die beide mit Rei\u00dfverschl\u00fcssen versehen sind.<br \/>\nSo l\u00e4sst sich der \u00e4u\u00dfere Bezug leicht abnehmen und bei 30\u00b0C waschen.<br \/>\nDar\u00fcber hinaus erleichtern die Rei\u00dfverschl\u00fcsse die Anpassung der Buchweizenf\u00fcllung, so dass Sie die H\u00f6he und Festigkeit des Kissens nach Ihren W\u00fcnschen anpassen k\u00f6nnen.<br \/>\nDie Pflegehinweise befinden sich auf der Innenseite der Bez\u00fcge, so dass Sie Ihr Kissen mit minimalem Aufwand in einem ausgezeichneten Zustand halten k\u00f6nnen.   <\/p>\n","protected":false},"excerpt":{"rendered":"<p>Unser vielseitiges Wedge-Kissen wurde f\u00fcr die Ausrichtung der Wirbels\u00e4ule und den Komfort entwickelt. Es verf\u00fcgt \u00fcber eine geschwungene Form, eine verstellbare Buchweizenf\u00fcllung und waschbare Bez\u00fcge. Er ist leicht zu transportieren und eignet sich perfekt f\u00fcr die Meditation oder zur Unterst\u00fctzung der K\u00f6rperhaltung.<\/p>\n","protected":false},"featured_media":19785,"comment_status":"open","ping_status":"closed","template":"","meta":{"_acf_changed":false,"_improvement_type_select":"improve_an_existing","_thumb_yes_seoaic":false,"_frame_yes_seoaic":false,"seoaic_generate_description":"","seoaic_improve_instructions_prompt":"","seoaic_rollback_content_improvement":"","seoaic_idea_thumbnail_generator":"","thumbnail_generated":false,"thumbnail_generate_prompt":"","seoaic_article_description":"","inline_featured_image":false},"product_cat":[264,265],"product_tag":[],"class_list":{"0":"post-28173","1":"product","2":"type-product","3":"status-publish","4":"has-post-thumbnail","6":"product_cat-meditation-de","7":"product_cat-meditationskissen","9":"first","10":"instock","11":"shipping-taxable","12":"purchasable","13":"product-type-variable"},"acf":[],"yoast_head":"<!-- This site is optimized with the Yoast SEO Premium plugin v27.3 (Yoast SEO v27.3) - https:\/\/yoast.com\/product\/yoast-seo-premium-wordpress\/ -->\n<title>Wedge Meditation Pillow - Samarali<\/title>\n<meta name=\"description\" content=\"Das Wedge Meditation Pillow hat eine geschwungene Form, eine anpassbare Buchweizenf\u00fcllung und einen waschbaren Bezug. Er ist leicht zu transportieren und eignet sich perfekt f\u00fcr die Meditation.\" \/>\n<meta name=\"robots\" content=\"index, follow, max-snippet:-1, max-image-preview:large, max-video-preview:-1\" \/>\n<link rel=\"canonical\" href=\"https:\/\/samarali.com\/de\/produkt\/wedge-meditation-pillow\/\" \/>\n<meta property=\"og:locale\" content=\"de_DE\" \/>\n<meta property=\"og:type\" content=\"article\" \/>\n<meta property=\"og:title\" content=\"Wedge Meditation Pillow - Samarali\" \/>\n<meta property=\"og:description\" content=\"Das Wedge Meditation Pillow hat eine geschwungene Form, eine anpassbare Buchweizenf\u00fcllung und einen waschbaren Bezug. Er ist leicht zu transportieren und eignet sich perfekt f\u00fcr die Meditation.\" \/>\n<meta property=\"og:url\" content=\"https:\/\/samarali.com\/de\/produkt\/wedge-meditation-pillow\/\" \/>\n<meta property=\"og:site_name\" content=\"Samarali\" \/>\n<meta property=\"article:publisher\" content=\"https:\/\/www.facebook.com\/samaraliyoga\" \/>\n<meta property=\"article:modified_time\" content=\"2025-01-06T12:42:38+00:00\" \/>\n<meta property=\"og:image\" content=\"https:\/\/samarali.com\/wp-content\/uploads\/2024\/08\/Wedge-cushion_Chateau-grey_03.jpg\" \/>\n\t<meta property=\"og:image:width\" content=\"1000\" \/>\n\t<meta property=\"og:image:height\" content=\"1000\" \/>\n\t<meta property=\"og:image:type\" content=\"image\/jpeg\" \/>\n<meta name=\"twitter:card\" content=\"summary_large_image\" \/>\n<meta name=\"twitter:label1\" content=\"Verf\u00fcgbarkeit\" \/>\n\t<meta name=\"twitter:data1\" content=\"Auf Lager\" \/>\n<script type=\"application\/ld+json\" class=\"yoast-schema-graph\">{\"@context\":\"https:\\\/\\\/schema.org\",\"@graph\":[{\"@type\":\"WebPage\",\"@id\":\"https:\\\/\\\/samarali.com\\\/de\\\/produkt\\\/wedge-meditation-pillow\\\/\",\"url\":\"https:\\\/\\\/samarali.com\\\/de\\\/produkt\\\/wedge-meditation-pillow\\\/\",\"name\":\"Wedge Meditation Pillow - Samarali\",\"isPartOf\":{\"@id\":\"https:\\\/\\\/samarali.com\\\/de\\\/#website\"},\"primaryImageOfPage\":{\"@id\":\"https:\\\/\\\/samarali.com\\\/de\\\/produkt\\\/wedge-meditation-pillow\\\/#primaryimage\"},\"image\":{\"@id\":\"https:\\\/\\\/samarali.com\\\/de\\\/produkt\\\/wedge-meditation-pillow\\\/#primaryimage\"},\"thumbnailUrl\":\"https:\\\/\\\/samarali.com\\\/wp-content\\\/uploads\\\/2024\\\/08\\\/Wedge-cushion_Chateau-grey_03.jpg\",\"datePublished\":\"2024-08-02T08:11:10+00:00\",\"dateModified\":\"2025-01-06T12:42:38+00:00\",\"description\":\"Das Wedge Meditation Pillow hat eine geschwungene Form, eine anpassbare Buchweizenf\u00fcllung und einen waschbaren Bezug. Er ist leicht zu transportieren und eignet sich perfekt f\u00fcr die Meditation.\",\"breadcrumb\":{\"@id\":\"https:\\\/\\\/samarali.com\\\/de\\\/produkt\\\/wedge-meditation-pillow\\\/#breadcrumb\"},\"inLanguage\":\"de\",\"potentialAction\":[{\"@type\":\"ReadAction\",\"target\":[\"https:\\\/\\\/samarali.com\\\/de\\\/produkt\\\/wedge-meditation-pillow\\\/\"]}]},{\"@type\":\"ImageObject\",\"inLanguage\":\"de\",\"@id\":\"https:\\\/\\\/samarali.com\\\/de\\\/produkt\\\/wedge-meditation-pillow\\\/#primaryimage\",\"url\":\"https:\\\/\\\/samarali.com\\\/wp-content\\\/uploads\\\/2024\\\/08\\\/Wedge-cushion_Chateau-grey_03.jpg\",\"contentUrl\":\"https:\\\/\\\/samarali.com\\\/wp-content\\\/uploads\\\/2024\\\/08\\\/Wedge-cushion_Chateau-grey_03.jpg\",\"width\":1000,\"height\":1000,\"caption\":\"Keilkissen Chateau grau 03\"},{\"@type\":\"BreadcrumbList\",\"@id\":\"https:\\\/\\\/samarali.com\\\/de\\\/produkt\\\/wedge-meditation-pillow\\\/#breadcrumb\",\"itemListElement\":[{\"@type\":\"ListItem\",\"position\":1,\"name\":\"Startseite\",\"item\":\"https:\\\/\\\/samarali.com\\\/de\\\/startseite\\\/\"},{\"@type\":\"ListItem\",\"position\":2,\"name\":\"Shop\",\"item\":\"https:\\\/\\\/samarali.com\\\/de\\\/shop\\\/\"},{\"@type\":\"ListItem\",\"position\":3,\"name\":\"Wedge Meditation Pillow\"}]},{\"@type\":\"WebSite\",\"@id\":\"https:\\\/\\\/samarali.com\\\/de\\\/#website\",\"url\":\"https:\\\/\\\/samarali.com\\\/de\\\/\",\"name\":\"Samarali\",\"description\":\"Samarali ist eine nachhaltige Yoga- und Lifestyle-Marke mit Sitz in den Niederlanden\",\"publisher\":{\"@id\":\"https:\\\/\\\/samarali.com\\\/de\\\/#organization\"},\"potentialAction\":[{\"@type\":\"SearchAction\",\"target\":{\"@type\":\"EntryPoint\",\"urlTemplate\":\"https:\\\/\\\/samarali.com\\\/de\\\/?s={search_term_string}\"},\"query-input\":{\"@type\":\"PropertyValueSpecification\",\"valueRequired\":true,\"valueName\":\"search_term_string\"}}],\"inLanguage\":\"de\"},{\"@type\":\"Organization\",\"@id\":\"https:\\\/\\\/samarali.com\\\/de\\\/#organization\",\"name\":\"Samarali\",\"url\":\"https:\\\/\\\/samarali.com\\\/de\\\/\",\"logo\":{\"@type\":\"ImageObject\",\"inLanguage\":\"de\",\"@id\":\"https:\\\/\\\/samarali.com\\\/de\\\/#\\\/schema\\\/logo\\\/image\\\/\",\"url\":\"https:\\\/\\\/samarali.com\\\/wp-content\\\/uploads\\\/2024\\\/05\\\/cropped-samarali-icon.png\",\"contentUrl\":\"https:\\\/\\\/samarali.com\\\/wp-content\\\/uploads\\\/2024\\\/05\\\/cropped-samarali-icon.png\",\"width\":512,\"height\":512,\"caption\":\"Samarali\"},\"image\":{\"@id\":\"https:\\\/\\\/samarali.com\\\/de\\\/#\\\/schema\\\/logo\\\/image\\\/\"},\"sameAs\":[\"https:\\\/\\\/www.facebook.com\\\/samaraliyoga\",\"https:\\\/\\\/www.linkedin.com\\\/company\\\/69563155\\\/\",\"https:\\\/\\\/www.instagram.com\\\/samaraliyoga\\\/\",\"https:\\\/\\\/nl.pinterest.com\\\/Samaraliyoga\\\/\"],\"description\":\"Samarali is a sustainable yoga and lifestyle brand based in the Netherlands\",\"email\":\"info@samarali.com\",\"legalName\":\"Samarali B.V.\",\"vatID\":\"NL859820324B01\",\"numberOfEmployees\":{\"@type\":\"QuantitativeValue\",\"minValue\":\"1\",\"maxValue\":\"10\"}}]}<\/script>\n<meta property=\"og:availability\" content=\"instock\" \/>\n<meta property=\"product:availability\" content=\"instock\" \/>\n<meta property=\"product:condition\" content=\"new\" \/>\n<!-- \/ Yoast SEO Premium plugin. -->","yoast_head_json":{"title":"Wedge Meditation Pillow - Samarali","description":"Das Wedge Meditation Pillow hat eine geschwungene Form, eine anpassbare Buchweizenf\u00fcllung und einen waschbaren Bezug. Er ist leicht zu transportieren und eignet sich perfekt f\u00fcr die Meditation.","robots":{"index":"index","follow":"follow","max-snippet":"max-snippet:-1","max-image-preview":"max-image-preview:large","max-video-preview":"max-video-preview:-1"},"canonical":"https:\/\/samarali.com\/de\/produkt\/wedge-meditation-pillow\/","og_locale":"de_DE","og_type":"article","og_title":"Wedge Meditation Pillow - Samarali","og_description":"Das Wedge Meditation Pillow hat eine geschwungene Form, eine anpassbare Buchweizenf\u00fcllung und einen waschbaren Bezug. Er ist leicht zu transportieren und eignet sich perfekt f\u00fcr die Meditation.","og_url":"https:\/\/samarali.com\/de\/produkt\/wedge-meditation-pillow\/","og_site_name":"Samarali","article_publisher":"https:\/\/www.facebook.com\/samaraliyoga","article_modified_time":"2025-01-06T12:42:38+00:00","og_image":[{"width":1000,"height":1000,"url":"https:\/\/samarali.com\/wp-content\/uploads\/2024\/08\/Wedge-cushion_Chateau-grey_03.jpg","type":"image\/jpeg"}],"twitter_card":"summary_large_image","twitter_misc":{"Verf\u00fcgbarkeit":"Auf Lager"},"schema":{"@context":"https:\/\/schema.org","@graph":[{"@type":"WebPage","@id":"https:\/\/samarali.com\/de\/produkt\/wedge-meditation-pillow\/","url":"https:\/\/samarali.com\/de\/produkt\/wedge-meditation-pillow\/","name":"Wedge Meditation Pillow - Samarali","isPartOf":{"@id":"https:\/\/samarali.com\/de\/#website"},"primaryImageOfPage":{"@id":"https:\/\/samarali.com\/de\/produkt\/wedge-meditation-pillow\/#primaryimage"},"image":{"@id":"https:\/\/samarali.com\/de\/produkt\/wedge-meditation-pillow\/#primaryimage"},"thumbnailUrl":"https:\/\/samarali.com\/wp-content\/uploads\/2024\/08\/Wedge-cushion_Chateau-grey_03.jpg","datePublished":"2024-08-02T08:11:10+00:00","dateModified":"2025-01-06T12:42:38+00:00","description":"Das Wedge Meditation Pillow hat eine geschwungene Form, eine anpassbare Buchweizenf\u00fcllung und einen waschbaren Bezug. Er ist leicht zu transportieren und eignet sich perfekt f\u00fcr die Meditation.","breadcrumb":{"@id":"https:\/\/samarali.com\/de\/produkt\/wedge-meditation-pillow\/#breadcrumb"},"inLanguage":"de","potentialAction":[{"@type":"ReadAction","target":["https:\/\/samarali.com\/de\/produkt\/wedge-meditation-pillow\/"]}]},{"@type":"ImageObject","inLanguage":"de","@id":"https:\/\/samarali.com\/de\/produkt\/wedge-meditation-pillow\/#primaryimage","url":"https:\/\/samarali.com\/wp-content\/uploads\/2024\/08\/Wedge-cushion_Chateau-grey_03.jpg","contentUrl":"https:\/\/samarali.com\/wp-content\/uploads\/2024\/08\/Wedge-cushion_Chateau-grey_03.jpg","width":1000,"height":1000,"caption":"Keilkissen Chateau grau 03"},{"@type":"BreadcrumbList","@id":"https:\/\/samarali.com\/de\/produkt\/wedge-meditation-pillow\/#breadcrumb","itemListElement":[{"@type":"ListItem","position":1,"name":"Startseite","item":"https:\/\/samarali.com\/de\/startseite\/"},{"@type":"ListItem","position":2,"name":"Shop","item":"https:\/\/samarali.com\/de\/shop\/"},{"@type":"ListItem","position":3,"name":"Wedge Meditation Pillow"}]},{"@type":"WebSite","@id":"https:\/\/samarali.com\/de\/#website","url":"https:\/\/samarali.com\/de\/","name":"Samarali","description":"Samarali ist eine nachhaltige Yoga- und Lifestyle-Marke mit Sitz in den Niederlanden","publisher":{"@id":"https:\/\/samarali.com\/de\/#organization"},"potentialAction":[{"@type":"SearchAction","target":{"@type":"EntryPoint","urlTemplate":"https:\/\/samarali.com\/de\/?s={search_term_string}"},"query-input":{"@type":"PropertyValueSpecification","valueRequired":true,"valueName":"search_term_string"}}],"inLanguage":"de"},{"@type":"Organization","@id":"https:\/\/samarali.com\/de\/#organization","name":"Samarali","url":"https:\/\/samarali.com\/de\/","logo":{"@type":"ImageObject","inLanguage":"de","@id":"https:\/\/samarali.com\/de\/#\/schema\/logo\/image\/","url":"https:\/\/samarali.com\/wp-content\/uploads\/2024\/05\/cropped-samarali-icon.png","contentUrl":"https:\/\/samarali.com\/wp-content\/uploads\/2024\/05\/cropped-samarali-icon.png","width":512,"height":512,"caption":"Samarali"},"image":{"@id":"https:\/\/samarali.com\/de\/#\/schema\/logo\/image\/"},"sameAs":["https:\/\/www.facebook.com\/samaraliyoga","https:\/\/www.linkedin.com\/company\/69563155\/","https:\/\/www.instagram.com\/samaraliyoga\/","https:\/\/nl.pinterest.com\/Samaraliyoga\/"],"description":"Samarali is a sustainable yoga and lifestyle brand based in the Netherlands","email":"info@samarali.com","legalName":"Samarali B.V.","vatID":"NL859820324B01","numberOfEmployees":{"@type":"QuantitativeValue","minValue":"1","maxValue":"10"}}]},"og_availability":"instock","product_availability":"instock","product_condition":"new"},"jetpack_sharing_enabled":true,"_links":{"self":[{"href":"https:\/\/samarali.com\/de\/wp-json\/wp\/v2\/product\/28173","targetHints":{"allow":["GET"]}}],"collection":[{"href":"https:\/\/samarali.com\/de\/wp-json\/wp\/v2\/product"}],"about":[{"href":"https:\/\/samarali.com\/de\/wp-json\/wp\/v2\/types\/product"}],"replies":[{"embeddable":true,"href":"https:\/\/samarali.com\/de\/wp-json\/wp\/v2\/comments?post=28173"}],"version-history":[{"count":1,"href":"https:\/\/samarali.com\/de\/wp-json\/wp\/v2\/product\/28173\/revisions"}],"predecessor-version":[{"id":32816,"href":"https:\/\/samarali.com\/de\/wp-json\/wp\/v2\/product\/28173\/revisions\/32816"}],"wp:featuredmedia":[{"embeddable":true,"href":"https:\/\/samarali.com\/de\/wp-json\/wp\/v2\/media\/19785"}],"wp:attachment":[{"href":"https:\/\/samarali.com\/de\/wp-json\/wp\/v2\/media?parent=28173"}],"wp:term":[{"taxonomy":"product_cat","embeddable":true,"href":"https:\/\/samarali.com\/de\/wp-json\/wp\/v2\/product_cat?post=28173"},{"taxonomy":"product_tag","embeddable":true,"href":"https:\/\/samarali.com\/de\/wp-json\/wp\/v2\/product_tag?post=28173"}],"curies":[{"name":"wp","href":"https:\/\/api.w.org\/{rel}","templated":true}]}}