{"id":28134,"date":"2024-08-08T20:46:43","date_gmt":"2024-08-08T20:46:43","guid":{"rendered":"https:\/\/samarali.com\/product\/yoga-shorts-baumwolle\/"},"modified":"2025-01-01T00:04:43","modified_gmt":"2024-12-31T23:04:43","slug":"yoga-shorts-baumwolle","status":"publish","type":"product","link":"https:\/\/samarali.com\/de\/produkt\/yoga-shorts-baumwolle\/","title":{"rendered":"Yoga Shorts &#8211; Baumwolle"},"content":{"rendered":"<p>Erleben Sie eine einzigartige Mischung aus Komfort und Stil mit unseren Samarali Premium-Baumwoll-Yogashorts, die so weich sind, dass Sie vergessen werden, dass Sie sie \u00fcberhaupt tragen. Ob Sie nun Yoga machen, wandern oder Besorgungen machen, diese vielseitigen Shorts sind die perfekte Wahl f\u00fcr jede Gelegenheit. Sie sind in verschiedenen Farben erh\u00e4ltlich und lassen sich m\u00fchelos mit unserem Samarali Tank-Top und Yoga-BH kombinieren.<\/p>\n<p>Unsere Shorts werden in der Ukraine von einem von Frauen gef\u00fchrten Unternehmen hergestellt, das sich zum Ziel gesetzt hat, Sie auf Ihrem Weg zu Heilung, Bewusstsein und Selbsterkenntnis zu unterst\u00fctzen.<\/p>\n<p><strong>Die Pflegerichtlinien:<\/strong><\/p>\n<ul>\n<li>Mit \u00e4hnlichen Farben waschen<\/li>\n<li>Waschen Sie es in kaltem Wasser (bis zu 30\u00b0C) im Schonwaschgang.<\/li>\n<\/ul>\n<div id=\"gtx-trans\" style=\"position: absolute; left: 524px; top: 1.2px;\">\n<div class=\"gtx-trans-icon\"><\/div>\n<\/div>\n","protected":false},"excerpt":{"rendered":"<p>Erzielen Sie die perfekte Balance zwischen Komfort und Stil mit unseren Baumwoll-Yogashorts Samarali. Perfekt f\u00fcr jede Gelegenheit, vom Yoga bis zum t\u00e4glichen Tragen.<\/p>\n<div id=\"gtx-trans\" style=\"position: absolute; left: 540px; top: 37.8px;\">\n<div class=\"gtx-trans-icon\"><\/div>\n<\/div>\n","protected":false},"featured_media":24829,"comment_status":"open","ping_status":"closed","template":"","meta":{"_acf_changed":false,"_improvement_type_select":"improve_an_existing","_thumb_yes_seoaic":false,"_frame_yes_seoaic":false,"seoaic_generate_description":"","seoaic_improve_instructions_prompt":"","seoaic_rollback_content_improvement":"","seoaic_idea_thumbnail_generator":"","thumbnail_generated":false,"thumbnail_generate_prompt":"","seoaic_article_description":"","inline_featured_image":false},"product_cat":[218],"product_tag":[],"class_list":{"0":"post-28134","1":"product","2":"type-product","3":"status-publish","4":"has-post-thumbnail","6":"product_cat-kleidung","8":"first","9":"instock","10":"shipping-taxable","11":"purchasable","12":"product-type-variable"},"acf":[],"yoast_head":"<!-- This site is optimized with the Yoast SEO Premium plugin v27.3 (Yoast SEO v27.3) - https:\/\/yoast.com\/product\/yoast-seo-premium-wordpress\/ -->\n<title>Yoga Shorts - Baumwolle - Samarali<\/title>\n<meta name=\"description\" content=\"Erzielen Sie die perfekte Balance zwischen Komfort und Stil mit unseren Baumwoll-Yogashorts Samarali. Perfekt f\u00fcr jede Gelegenheit, vom Yoga bis zum t\u00e4glichen Tragen. Verpassen Sie es nicht!\" \/>\n<meta name=\"robots\" content=\"index, follow, max-snippet:-1, max-image-preview:large, max-video-preview:-1\" \/>\n<link rel=\"canonical\" href=\"https:\/\/samarali.com\/de\/produkt\/yoga-shorts-baumwolle\/\" \/>\n<meta property=\"og:locale\" content=\"de_DE\" \/>\n<meta property=\"og:type\" content=\"article\" \/>\n<meta property=\"og:title\" content=\"Yoga Shorts - Baumwolle - Samarali\" \/>\n<meta property=\"og:description\" content=\"Erzielen Sie die perfekte Balance zwischen Komfort und Stil mit unseren Baumwoll-Yogashorts Samarali. Perfekt f\u00fcr jede Gelegenheit, vom Yoga bis zum t\u00e4glichen Tragen. Verpassen Sie es nicht!\" \/>\n<meta property=\"og:url\" content=\"https:\/\/samarali.com\/de\/produkt\/yoga-shorts-baumwolle\/\" \/>\n<meta property=\"og:site_name\" content=\"Samarali\" \/>\n<meta property=\"article:publisher\" content=\"https:\/\/www.facebook.com\/samaraliyoga\" \/>\n<meta property=\"article:modified_time\" content=\"2024-12-31T23:04:43+00:00\" \/>\n<meta property=\"og:image\" content=\"https:\/\/samarali.com\/wp-content\/uploads\/2024\/08\/Fitness-set-with-shorts-Blue-17.jpg\" \/>\n\t<meta property=\"og:image:width\" content=\"1000\" \/>\n\t<meta property=\"og:image:height\" content=\"1000\" \/>\n\t<meta property=\"og:image:type\" content=\"image\/jpeg\" \/>\n<meta name=\"twitter:card\" content=\"summary_large_image\" \/>\n<meta name=\"twitter:label1\" content=\"Verf\u00fcgbarkeit\" \/>\n\t<meta name=\"twitter:data1\" content=\"Auf Lager\" \/>\n<script type=\"application\/ld+json\" class=\"yoast-schema-graph\">{\"@context\":\"https:\\\/\\\/schema.org\",\"@graph\":[{\"@type\":\"WebPage\",\"@id\":\"https:\\\/\\\/samarali.com\\\/de\\\/produkt\\\/yoga-shorts-baumwolle\\\/\",\"url\":\"https:\\\/\\\/samarali.com\\\/de\\\/produkt\\\/yoga-shorts-baumwolle\\\/\",\"name\":\"Yoga Shorts - Baumwolle - Samarali\",\"isPartOf\":{\"@id\":\"https:\\\/\\\/samarali.com\\\/de\\\/#website\"},\"primaryImageOfPage\":{\"@id\":\"https:\\\/\\\/samarali.com\\\/de\\\/produkt\\\/yoga-shorts-baumwolle\\\/#primaryimage\"},\"image\":{\"@id\":\"https:\\\/\\\/samarali.com\\\/de\\\/produkt\\\/yoga-shorts-baumwolle\\\/#primaryimage\"},\"thumbnailUrl\":\"https:\\\/\\\/samarali.com\\\/wp-content\\\/uploads\\\/2024\\\/08\\\/Fitness-set-with-shorts-Blue-17.jpg\",\"datePublished\":\"2024-08-08T20:46:43+00:00\",\"dateModified\":\"2024-12-31T23:04:43+00:00\",\"description\":\"Erzielen Sie die perfekte Balance zwischen Komfort und Stil mit unseren Baumwoll-Yogashorts Samarali. Perfekt f\u00fcr jede Gelegenheit, vom Yoga bis zum t\u00e4glichen Tragen. Verpassen Sie es nicht!\",\"breadcrumb\":{\"@id\":\"https:\\\/\\\/samarali.com\\\/de\\\/produkt\\\/yoga-shorts-baumwolle\\\/#breadcrumb\"},\"inLanguage\":\"de\",\"potentialAction\":[{\"@type\":\"ReadAction\",\"target\":[\"https:\\\/\\\/samarali.com\\\/de\\\/produkt\\\/yoga-shorts-baumwolle\\\/\"]}]},{\"@type\":\"ImageObject\",\"inLanguage\":\"de\",\"@id\":\"https:\\\/\\\/samarali.com\\\/de\\\/produkt\\\/yoga-shorts-baumwolle\\\/#primaryimage\",\"url\":\"https:\\\/\\\/samarali.com\\\/wp-content\\\/uploads\\\/2024\\\/08\\\/Fitness-set-with-shorts-Blue-17.jpg\",\"contentUrl\":\"https:\\\/\\\/samarali.com\\\/wp-content\\\/uploads\\\/2024\\\/08\\\/Fitness-set-with-shorts-Blue-17.jpg\",\"width\":1000,\"height\":1000,\"caption\":\"Fitness-Set mit Shorts Blau 17\"},{\"@type\":\"BreadcrumbList\",\"@id\":\"https:\\\/\\\/samarali.com\\\/de\\\/produkt\\\/yoga-shorts-baumwolle\\\/#breadcrumb\",\"itemListElement\":[{\"@type\":\"ListItem\",\"position\":1,\"name\":\"Startseite\",\"item\":\"https:\\\/\\\/samarali.com\\\/de\\\/startseite\\\/\"},{\"@type\":\"ListItem\",\"position\":2,\"name\":\"Shop\",\"item\":\"https:\\\/\\\/samarali.com\\\/de\\\/shop\\\/\"},{\"@type\":\"ListItem\",\"position\":3,\"name\":\"Yoga Shorts &#8211; Baumwolle\"}]},{\"@type\":\"WebSite\",\"@id\":\"https:\\\/\\\/samarali.com\\\/de\\\/#website\",\"url\":\"https:\\\/\\\/samarali.com\\\/de\\\/\",\"name\":\"Samarali\",\"description\":\"Samarali ist eine nachhaltige Yoga- und Lifestyle-Marke mit Sitz in den Niederlanden\",\"publisher\":{\"@id\":\"https:\\\/\\\/samarali.com\\\/de\\\/#organization\"},\"potentialAction\":[{\"@type\":\"SearchAction\",\"target\":{\"@type\":\"EntryPoint\",\"urlTemplate\":\"https:\\\/\\\/samarali.com\\\/de\\\/?s={search_term_string}\"},\"query-input\":{\"@type\":\"PropertyValueSpecification\",\"valueRequired\":true,\"valueName\":\"search_term_string\"}}],\"inLanguage\":\"de\"},{\"@type\":\"Organization\",\"@id\":\"https:\\\/\\\/samarali.com\\\/de\\\/#organization\",\"name\":\"Samarali\",\"url\":\"https:\\\/\\\/samarali.com\\\/de\\\/\",\"logo\":{\"@type\":\"ImageObject\",\"inLanguage\":\"de\",\"@id\":\"https:\\\/\\\/samarali.com\\\/de\\\/#\\\/schema\\\/logo\\\/image\\\/\",\"url\":\"https:\\\/\\\/samarali.com\\\/wp-content\\\/uploads\\\/2024\\\/05\\\/cropped-samarali-icon.png\",\"contentUrl\":\"https:\\\/\\\/samarali.com\\\/wp-content\\\/uploads\\\/2024\\\/05\\\/cropped-samarali-icon.png\",\"width\":512,\"height\":512,\"caption\":\"Samarali\"},\"image\":{\"@id\":\"https:\\\/\\\/samarali.com\\\/de\\\/#\\\/schema\\\/logo\\\/image\\\/\"},\"sameAs\":[\"https:\\\/\\\/www.facebook.com\\\/samaraliyoga\",\"https:\\\/\\\/www.linkedin.com\\\/company\\\/69563155\\\/\",\"https:\\\/\\\/www.instagram.com\\\/samaraliyoga\\\/\",\"https:\\\/\\\/nl.pinterest.com\\\/Samaraliyoga\\\/\"],\"description\":\"Samarali is a sustainable yoga and lifestyle brand based in the Netherlands\",\"email\":\"info@samarali.com\",\"legalName\":\"Samarali B.V.\",\"vatID\":\"NL859820324B01\",\"numberOfEmployees\":{\"@type\":\"QuantitativeValue\",\"minValue\":\"1\",\"maxValue\":\"10\"}}]}<\/script>\n<meta property=\"og:availability\" content=\"instock\" \/>\n<meta property=\"product:availability\" content=\"instock\" \/>\n<meta property=\"product:condition\" content=\"new\" \/>\n<!-- \/ Yoast SEO Premium plugin. -->","yoast_head_json":{"title":"Yoga Shorts - Baumwolle - Samarali","description":"Erzielen Sie die perfekte Balance zwischen Komfort und Stil mit unseren Baumwoll-Yogashorts Samarali. Perfekt f\u00fcr jede Gelegenheit, vom Yoga bis zum t\u00e4glichen Tragen. Verpassen Sie es nicht!","robots":{"index":"index","follow":"follow","max-snippet":"max-snippet:-1","max-image-preview":"max-image-preview:large","max-video-preview":"max-video-preview:-1"},"canonical":"https:\/\/samarali.com\/de\/produkt\/yoga-shorts-baumwolle\/","og_locale":"de_DE","og_type":"article","og_title":"Yoga Shorts - Baumwolle - Samarali","og_description":"Erzielen Sie die perfekte Balance zwischen Komfort und Stil mit unseren Baumwoll-Yogashorts Samarali. Perfekt f\u00fcr jede Gelegenheit, vom Yoga bis zum t\u00e4glichen Tragen. Verpassen Sie es nicht!","og_url":"https:\/\/samarali.com\/de\/produkt\/yoga-shorts-baumwolle\/","og_site_name":"Samarali","article_publisher":"https:\/\/www.facebook.com\/samaraliyoga","article_modified_time":"2024-12-31T23:04:43+00:00","og_image":[{"width":1000,"height":1000,"url":"https:\/\/samarali.com\/wp-content\/uploads\/2024\/08\/Fitness-set-with-shorts-Blue-17.jpg","type":"image\/jpeg"}],"twitter_card":"summary_large_image","twitter_misc":{"Verf\u00fcgbarkeit":"Auf Lager"},"schema":{"@context":"https:\/\/schema.org","@graph":[{"@type":"WebPage","@id":"https:\/\/samarali.com\/de\/produkt\/yoga-shorts-baumwolle\/","url":"https:\/\/samarali.com\/de\/produkt\/yoga-shorts-baumwolle\/","name":"Yoga Shorts - Baumwolle - Samarali","isPartOf":{"@id":"https:\/\/samarali.com\/de\/#website"},"primaryImageOfPage":{"@id":"https:\/\/samarali.com\/de\/produkt\/yoga-shorts-baumwolle\/#primaryimage"},"image":{"@id":"https:\/\/samarali.com\/de\/produkt\/yoga-shorts-baumwolle\/#primaryimage"},"thumbnailUrl":"https:\/\/samarali.com\/wp-content\/uploads\/2024\/08\/Fitness-set-with-shorts-Blue-17.jpg","datePublished":"2024-08-08T20:46:43+00:00","dateModified":"2024-12-31T23:04:43+00:00","description":"Erzielen Sie die perfekte Balance zwischen Komfort und Stil mit unseren Baumwoll-Yogashorts Samarali. Perfekt f\u00fcr jede Gelegenheit, vom Yoga bis zum t\u00e4glichen Tragen. Verpassen Sie es nicht!","breadcrumb":{"@id":"https:\/\/samarali.com\/de\/produkt\/yoga-shorts-baumwolle\/#breadcrumb"},"inLanguage":"de","potentialAction":[{"@type":"ReadAction","target":["https:\/\/samarali.com\/de\/produkt\/yoga-shorts-baumwolle\/"]}]},{"@type":"ImageObject","inLanguage":"de","@id":"https:\/\/samarali.com\/de\/produkt\/yoga-shorts-baumwolle\/#primaryimage","url":"https:\/\/samarali.com\/wp-content\/uploads\/2024\/08\/Fitness-set-with-shorts-Blue-17.jpg","contentUrl":"https:\/\/samarali.com\/wp-content\/uploads\/2024\/08\/Fitness-set-with-shorts-Blue-17.jpg","width":1000,"height":1000,"caption":"Fitness-Set mit Shorts Blau 17"},{"@type":"BreadcrumbList","@id":"https:\/\/samarali.com\/de\/produkt\/yoga-shorts-baumwolle\/#breadcrumb","itemListElement":[{"@type":"ListItem","position":1,"name":"Startseite","item":"https:\/\/samarali.com\/de\/startseite\/"},{"@type":"ListItem","position":2,"name":"Shop","item":"https:\/\/samarali.com\/de\/shop\/"},{"@type":"ListItem","position":3,"name":"Yoga Shorts &#8211; Baumwolle"}]},{"@type":"WebSite","@id":"https:\/\/samarali.com\/de\/#website","url":"https:\/\/samarali.com\/de\/","name":"Samarali","description":"Samarali ist eine nachhaltige Yoga- und Lifestyle-Marke mit Sitz in den Niederlanden","publisher":{"@id":"https:\/\/samarali.com\/de\/#organization"},"potentialAction":[{"@type":"SearchAction","target":{"@type":"EntryPoint","urlTemplate":"https:\/\/samarali.com\/de\/?s={search_term_string}"},"query-input":{"@type":"PropertyValueSpecification","valueRequired":true,"valueName":"search_term_string"}}],"inLanguage":"de"},{"@type":"Organization","@id":"https:\/\/samarali.com\/de\/#organization","name":"Samarali","url":"https:\/\/samarali.com\/de\/","logo":{"@type":"ImageObject","inLanguage":"de","@id":"https:\/\/samarali.com\/de\/#\/schema\/logo\/image\/","url":"https:\/\/samarali.com\/wp-content\/uploads\/2024\/05\/cropped-samarali-icon.png","contentUrl":"https:\/\/samarali.com\/wp-content\/uploads\/2024\/05\/cropped-samarali-icon.png","width":512,"height":512,"caption":"Samarali"},"image":{"@id":"https:\/\/samarali.com\/de\/#\/schema\/logo\/image\/"},"sameAs":["https:\/\/www.facebook.com\/samaraliyoga","https:\/\/www.linkedin.com\/company\/69563155\/","https:\/\/www.instagram.com\/samaraliyoga\/","https:\/\/nl.pinterest.com\/Samaraliyoga\/"],"description":"Samarali is a sustainable yoga and lifestyle brand based in the Netherlands","email":"info@samarali.com","legalName":"Samarali B.V.","vatID":"NL859820324B01","numberOfEmployees":{"@type":"QuantitativeValue","minValue":"1","maxValue":"10"}}]},"og_availability":"instock","product_availability":"instock","product_condition":"new"},"jetpack_sharing_enabled":true,"_links":{"self":[{"href":"https:\/\/samarali.com\/de\/wp-json\/wp\/v2\/product\/28134","targetHints":{"allow":["GET"]}}],"collection":[{"href":"https:\/\/samarali.com\/de\/wp-json\/wp\/v2\/product"}],"about":[{"href":"https:\/\/samarali.com\/de\/wp-json\/wp\/v2\/types\/product"}],"replies":[{"embeddable":true,"href":"https:\/\/samarali.com\/de\/wp-json\/wp\/v2\/comments?post=28134"}],"version-history":[{"count":1,"href":"https:\/\/samarali.com\/de\/wp-json\/wp\/v2\/product\/28134\/revisions"}],"predecessor-version":[{"id":32473,"href":"https:\/\/samarali.com\/de\/wp-json\/wp\/v2\/product\/28134\/revisions\/32473"}],"wp:featuredmedia":[{"embeddable":true,"href":"https:\/\/samarali.com\/de\/wp-json\/wp\/v2\/media\/24829"}],"wp:attachment":[{"href":"https:\/\/samarali.com\/de\/wp-json\/wp\/v2\/media?parent=28134"}],"wp:term":[{"taxonomy":"product_cat","embeddable":true,"href":"https:\/\/samarali.com\/de\/wp-json\/wp\/v2\/product_cat?post=28134"},{"taxonomy":"product_tag","embeddable":true,"href":"https:\/\/samarali.com\/de\/wp-json\/wp\/v2\/product_tag?post=28134"}],"curies":[{"name":"wp","href":"https:\/\/api.w.org\/{rel}","templated":true}]}}