{"id":28025,"date":"2024-08-08T18:58:56","date_gmt":"2024-08-08T18:58:56","guid":{"rendered":"https:\/\/samarali.com\/product\/yoga-bh\/"},"modified":"2026-04-30T22:30:39","modified_gmt":"2026-04-30T20:30:39","slug":"yoga-bh","status":"publish","type":"product","link":"https:\/\/samarali.com\/de\/produkt\/yoga-bh\/","title":{"rendered":"Yoga-BH"},"content":{"rendered":"<div>\n<div>\n<p>Erleben Sie ultimativen Komfort mit unserem Yoga-BH, der aus hochwertiger Baumwolle mit Samtstruktur gefertigt ist, die sich luxuri\u00f6s weich auf Ihrer Haut anf\u00fchlt. Es ist mit einer doppelten Stoffschicht ausgestattet und bietet ausreichend Halt, ohne dass synthetische Alternativen erforderlich sind. Genie\u00dfen Sie den nat\u00fcrlichen Tragekomfort von Baumwolle, die mit Elastan f\u00fcr perfekte Flexibilit\u00e4t erg\u00e4nzt wurde, damit Ihre Yoga-Praxis sowohl unterst\u00fctzt als auch bequem ist.<\/p>\n<p>Unser Stoff ist OEKO-TEX-zertifiziert und besteht aus 90% weicher, samtartiger Baumwolle und 10% Elastan. Es ist undurchsichtig und beh\u00e4lt seine Integrit\u00e4t auch bei tiefen Dehnungen. Egal, ob Sie Asanas ausf\u00fchren oder zu Hause faulenzen, dieser BH bietet au\u00dfergew\u00f6hnlichen Komfort und Stil.<\/p>\n<\/div>\n<div>\n<p><strong>Die Pflegerichtlinien:<\/strong><\/p>\n<ul>\n<li>Mit \u00e4hnlichen Farben waschen<\/li>\n<li>Waschen Sie es in kaltem Wasser (bis zu 30\u00b0C) im Schonwaschgang.<\/li>\n<\/ul>\n<\/div>\n<\/div>\n<div><strong>Gr\u00f6\u00dfen unserer Modelle:<\/strong><\/div>\n<div><\/div>\n<ul>\n<li>XS: Gr\u00f6\u00dfe 169 cm, Oberweite x Taille x H\u00fcfte: 81 x59 x 88 cm<\/li>\n<li>S: Gr\u00f6\u00dfe 170 cm, Oberweite x Taille x H\u00fcfte: 82 x59 x 90 cm<\/li>\n<li>M: Gr\u00f6\u00dfe: 169 cm, Oberweite x Taille x H\u00fcfte: 85 x63 x 95 cm<\/li>\n<li>L: Gr\u00f6\u00dfe: 179 cm, Oberweite x Taille x H\u00fcfte: 96 x 76 x 106 cm.<\/li>\n<\/ul>\n","protected":false},"excerpt":{"rendered":"<p>Erleben Sie luxuri\u00f6sen Komfort und Halt mit unserem Yoga-BH aus Baumwolle mit Samtstruktur. Verbessern Sie Ihre Yoga-Praxis mit der perfekten Mischung aus Flexibilit\u00e4t und Stil.<\/p>\n","protected":false},"featured_media":24178,"comment_status":"open","ping_status":"closed","template":"","meta":{"_acf_changed":false,"_improvement_type_select":"improve_an_existing","_thumb_yes_seoaic":false,"_frame_yes_seoaic":false,"seoaic_generate_description":"","seoaic_improve_instructions_prompt":"","seoaic_rollback_content_improvement":"","seoaic_idea_thumbnail_generator":"","thumbnail_generated":false,"thumbnail_generate_prompt":"","seoaic_article_description":"","inline_featured_image":false},"product_cat":[218],"product_tag":[],"class_list":{"0":"post-28025","1":"product","2":"type-product","3":"status-publish","4":"has-post-thumbnail","6":"product_cat-kleidung","8":"first","9":"instock","10":"shipping-taxable","11":"purchasable","12":"product-type-variable"},"acf":[],"yoast_head":"<!-- This site is optimized with the Yoast SEO Premium plugin v27.5 (Yoast SEO v27.5) - https:\/\/yoast.com\/product\/yoast-seo-premium-wordpress\/ -->\n<title>Yoga-BH - Samarali<\/title>\n<meta name=\"description\" content=\"Erleben Sie luxuri\u00f6sen Komfort und Unterst\u00fctzung mit unserem Yoga-BH aus Baumwolle. Verbessern Sie Ihre Yoga-Praxis mit der perfekten Mischung aus Flexibilit\u00e4t und Stil.\" \/>\n<meta name=\"robots\" content=\"index, follow, max-snippet:-1, max-image-preview:large, max-video-preview:-1\" \/>\n<link rel=\"canonical\" href=\"https:\/\/samarali.com\/de\/produkt\/yoga-bh\/\" \/>\n<meta property=\"og:locale\" content=\"de_DE\" \/>\n<meta property=\"og:type\" content=\"article\" \/>\n<meta property=\"og:title\" content=\"Yoga-BH - Samarali\" \/>\n<meta property=\"og:description\" content=\"Erleben Sie luxuri\u00f6sen Komfort und Unterst\u00fctzung mit unserem Yoga-BH aus Baumwolle. Verbessern Sie Ihre Yoga-Praxis mit der perfekten Mischung aus Flexibilit\u00e4t und Stil.\" \/>\n<meta property=\"og:url\" content=\"https:\/\/samarali.com\/de\/produkt\/yoga-bh\/\" \/>\n<meta property=\"og:site_name\" content=\"Samarali\" \/>\n<meta property=\"article:publisher\" content=\"https:\/\/www.facebook.com\/samaraliyoga\" \/>\n<meta property=\"article:modified_time\" content=\"2026-04-30T20:30:39+00:00\" \/>\n<meta property=\"og:image\" content=\"https:\/\/samarali.com\/wp-content\/uploads\/2024\/08\/Top-Green-1.jpg\" \/>\n\t<meta property=\"og:image:width\" content=\"1000\" \/>\n\t<meta property=\"og:image:height\" content=\"1000\" \/>\n\t<meta property=\"og:image:type\" content=\"image\/jpeg\" \/>\n<meta name=\"twitter:card\" content=\"summary_large_image\" \/>\n<meta name=\"twitter:label1\" content=\"Verf\u00fcgbarkeit\" \/>\n\t<meta name=\"twitter:data1\" content=\"Auf Lager\" \/>\n<script type=\"application\/ld+json\" class=\"yoast-schema-graph\">{\"@context\":\"https:\\\/\\\/schema.org\",\"@graph\":[{\"@type\":\"WebPage\",\"@id\":\"https:\\\/\\\/samarali.com\\\/de\\\/produkt\\\/yoga-bh\\\/\",\"url\":\"https:\\\/\\\/samarali.com\\\/de\\\/produkt\\\/yoga-bh\\\/\",\"name\":\"Yoga-BH - Samarali\",\"isPartOf\":{\"@id\":\"https:\\\/\\\/samarali.com\\\/de\\\/#website\"},\"primaryImageOfPage\":{\"@id\":\"https:\\\/\\\/samarali.com\\\/de\\\/produkt\\\/yoga-bh\\\/#primaryimage\"},\"image\":{\"@id\":\"https:\\\/\\\/samarali.com\\\/de\\\/produkt\\\/yoga-bh\\\/#primaryimage\"},\"thumbnailUrl\":\"https:\\\/\\\/samarali.com\\\/wp-content\\\/uploads\\\/2024\\\/08\\\/Top-Green-1.jpg\",\"datePublished\":\"2024-08-08T18:58:56+00:00\",\"dateModified\":\"2026-04-30T20:30:39+00:00\",\"description\":\"Erleben Sie luxuri\u00f6sen Komfort und Unterst\u00fctzung mit unserem Yoga-BH aus Baumwolle. Verbessern Sie Ihre Yoga-Praxis mit der perfekten Mischung aus Flexibilit\u00e4t und Stil.\",\"breadcrumb\":{\"@id\":\"https:\\\/\\\/samarali.com\\\/de\\\/produkt\\\/yoga-bh\\\/#breadcrumb\"},\"inLanguage\":\"de\",\"potentialAction\":[{\"@type\":\"ReadAction\",\"target\":[\"https:\\\/\\\/samarali.com\\\/de\\\/produkt\\\/yoga-bh\\\/\"]}]},{\"@type\":\"ImageObject\",\"inLanguage\":\"de\",\"@id\":\"https:\\\/\\\/samarali.com\\\/de\\\/produkt\\\/yoga-bh\\\/#primaryimage\",\"url\":\"https:\\\/\\\/samarali.com\\\/wp-content\\\/uploads\\\/2024\\\/08\\\/Top-Green-1.jpg\",\"contentUrl\":\"https:\\\/\\\/samarali.com\\\/wp-content\\\/uploads\\\/2024\\\/08\\\/Top-Green-1.jpg\",\"width\":1000,\"height\":1000,\"caption\":\"Top Gr\u00fcn 1\"},{\"@type\":\"BreadcrumbList\",\"@id\":\"https:\\\/\\\/samarali.com\\\/de\\\/produkt\\\/yoga-bh\\\/#breadcrumb\",\"itemListElement\":[{\"@type\":\"ListItem\",\"position\":1,\"name\":\"Startseite\",\"item\":\"https:\\\/\\\/samarali.com\\\/de\\\/startseite\\\/\"},{\"@type\":\"ListItem\",\"position\":2,\"name\":\"Shop\",\"item\":\"https:\\\/\\\/samarali.com\\\/de\\\/shop\\\/\"},{\"@type\":\"ListItem\",\"position\":3,\"name\":\"Yoga-BH\"}]},{\"@type\":\"WebSite\",\"@id\":\"https:\\\/\\\/samarali.com\\\/de\\\/#website\",\"url\":\"https:\\\/\\\/samarali.com\\\/de\\\/\",\"name\":\"Samarali\",\"description\":\"Samarali ist eine nachhaltige Yoga- und Lifestyle-Marke mit Sitz in den Niederlanden\",\"publisher\":{\"@id\":\"https:\\\/\\\/samarali.com\\\/de\\\/#organization\"},\"potentialAction\":[{\"@type\":\"SearchAction\",\"target\":{\"@type\":\"EntryPoint\",\"urlTemplate\":\"https:\\\/\\\/samarali.com\\\/de\\\/?s={search_term_string}\"},\"query-input\":{\"@type\":\"PropertyValueSpecification\",\"valueRequired\":true,\"valueName\":\"search_term_string\"}}],\"inLanguage\":\"de\"},{\"@type\":\"Organization\",\"@id\":\"https:\\\/\\\/samarali.com\\\/de\\\/#organization\",\"name\":\"Samarali\",\"url\":\"https:\\\/\\\/samarali.com\\\/de\\\/\",\"logo\":{\"@type\":\"ImageObject\",\"inLanguage\":\"de\",\"@id\":\"https:\\\/\\\/samarali.com\\\/de\\\/#\\\/schema\\\/logo\\\/image\\\/\",\"url\":\"https:\\\/\\\/samarali.com\\\/wp-content\\\/uploads\\\/2024\\\/05\\\/cropped-samarali-icon.png\",\"contentUrl\":\"https:\\\/\\\/samarali.com\\\/wp-content\\\/uploads\\\/2024\\\/05\\\/cropped-samarali-icon.png\",\"width\":512,\"height\":512,\"caption\":\"Samarali\"},\"image\":{\"@id\":\"https:\\\/\\\/samarali.com\\\/de\\\/#\\\/schema\\\/logo\\\/image\\\/\"},\"sameAs\":[\"https:\\\/\\\/www.facebook.com\\\/samaraliyoga\",\"https:\\\/\\\/www.linkedin.com\\\/company\\\/69563155\\\/\",\"https:\\\/\\\/www.instagram.com\\\/samaraliyoga\\\/\",\"https:\\\/\\\/nl.pinterest.com\\\/Samaraliyoga\\\/\"],\"description\":\"Samarali is a sustainable yoga and lifestyle brand based in the Netherlands\",\"email\":\"info@samarali.com\",\"legalName\":\"Samarali B.V.\",\"vatID\":\"NL859820324B01\",\"numberOfEmployees\":{\"@type\":\"QuantitativeValue\",\"minValue\":\"1\",\"maxValue\":\"10\"}}]}<\/script>\n<meta property=\"og:availability\" content=\"instock\" \/>\n<meta property=\"product:availability\" content=\"instock\" \/>\n<meta property=\"product:condition\" content=\"new\" \/>\n<!-- \/ Yoast SEO Premium plugin. -->","yoast_head_json":{"title":"Yoga-BH - Samarali","description":"Erleben Sie luxuri\u00f6sen Komfort und Unterst\u00fctzung mit unserem Yoga-BH aus Baumwolle. Verbessern Sie Ihre Yoga-Praxis mit der perfekten Mischung aus Flexibilit\u00e4t und Stil.","robots":{"index":"index","follow":"follow","max-snippet":"max-snippet:-1","max-image-preview":"max-image-preview:large","max-video-preview":"max-video-preview:-1"},"canonical":"https:\/\/samarali.com\/de\/produkt\/yoga-bh\/","og_locale":"de_DE","og_type":"article","og_title":"Yoga-BH - Samarali","og_description":"Erleben Sie luxuri\u00f6sen Komfort und Unterst\u00fctzung mit unserem Yoga-BH aus Baumwolle. Verbessern Sie Ihre Yoga-Praxis mit der perfekten Mischung aus Flexibilit\u00e4t und Stil.","og_url":"https:\/\/samarali.com\/de\/produkt\/yoga-bh\/","og_site_name":"Samarali","article_publisher":"https:\/\/www.facebook.com\/samaraliyoga","article_modified_time":"2026-04-30T20:30:39+00:00","og_image":[{"width":1000,"height":1000,"url":"https:\/\/samarali.com\/wp-content\/uploads\/2024\/08\/Top-Green-1.jpg","type":"image\/jpeg"}],"twitter_card":"summary_large_image","twitter_misc":{"Verf\u00fcgbarkeit":"Auf Lager"},"schema":{"@context":"https:\/\/schema.org","@graph":[{"@type":"WebPage","@id":"https:\/\/samarali.com\/de\/produkt\/yoga-bh\/","url":"https:\/\/samarali.com\/de\/produkt\/yoga-bh\/","name":"Yoga-BH - Samarali","isPartOf":{"@id":"https:\/\/samarali.com\/de\/#website"},"primaryImageOfPage":{"@id":"https:\/\/samarali.com\/de\/produkt\/yoga-bh\/#primaryimage"},"image":{"@id":"https:\/\/samarali.com\/de\/produkt\/yoga-bh\/#primaryimage"},"thumbnailUrl":"https:\/\/samarali.com\/wp-content\/uploads\/2024\/08\/Top-Green-1.jpg","datePublished":"2024-08-08T18:58:56+00:00","dateModified":"2026-04-30T20:30:39+00:00","description":"Erleben Sie luxuri\u00f6sen Komfort und Unterst\u00fctzung mit unserem Yoga-BH aus Baumwolle. Verbessern Sie Ihre Yoga-Praxis mit der perfekten Mischung aus Flexibilit\u00e4t und Stil.","breadcrumb":{"@id":"https:\/\/samarali.com\/de\/produkt\/yoga-bh\/#breadcrumb"},"inLanguage":"de","potentialAction":[{"@type":"ReadAction","target":["https:\/\/samarali.com\/de\/produkt\/yoga-bh\/"]}]},{"@type":"ImageObject","inLanguage":"de","@id":"https:\/\/samarali.com\/de\/produkt\/yoga-bh\/#primaryimage","url":"https:\/\/samarali.com\/wp-content\/uploads\/2024\/08\/Top-Green-1.jpg","contentUrl":"https:\/\/samarali.com\/wp-content\/uploads\/2024\/08\/Top-Green-1.jpg","width":1000,"height":1000,"caption":"Top Gr\u00fcn 1"},{"@type":"BreadcrumbList","@id":"https:\/\/samarali.com\/de\/produkt\/yoga-bh\/#breadcrumb","itemListElement":[{"@type":"ListItem","position":1,"name":"Startseite","item":"https:\/\/samarali.com\/de\/startseite\/"},{"@type":"ListItem","position":2,"name":"Shop","item":"https:\/\/samarali.com\/de\/shop\/"},{"@type":"ListItem","position":3,"name":"Yoga-BH"}]},{"@type":"WebSite","@id":"https:\/\/samarali.com\/de\/#website","url":"https:\/\/samarali.com\/de\/","name":"Samarali","description":"Samarali ist eine nachhaltige Yoga- und Lifestyle-Marke mit Sitz in den Niederlanden","publisher":{"@id":"https:\/\/samarali.com\/de\/#organization"},"potentialAction":[{"@type":"SearchAction","target":{"@type":"EntryPoint","urlTemplate":"https:\/\/samarali.com\/de\/?s={search_term_string}"},"query-input":{"@type":"PropertyValueSpecification","valueRequired":true,"valueName":"search_term_string"}}],"inLanguage":"de"},{"@type":"Organization","@id":"https:\/\/samarali.com\/de\/#organization","name":"Samarali","url":"https:\/\/samarali.com\/de\/","logo":{"@type":"ImageObject","inLanguage":"de","@id":"https:\/\/samarali.com\/de\/#\/schema\/logo\/image\/","url":"https:\/\/samarali.com\/wp-content\/uploads\/2024\/05\/cropped-samarali-icon.png","contentUrl":"https:\/\/samarali.com\/wp-content\/uploads\/2024\/05\/cropped-samarali-icon.png","width":512,"height":512,"caption":"Samarali"},"image":{"@id":"https:\/\/samarali.com\/de\/#\/schema\/logo\/image\/"},"sameAs":["https:\/\/www.facebook.com\/samaraliyoga","https:\/\/www.linkedin.com\/company\/69563155\/","https:\/\/www.instagram.com\/samaraliyoga\/","https:\/\/nl.pinterest.com\/Samaraliyoga\/"],"description":"Samarali is a sustainable yoga and lifestyle brand based in the Netherlands","email":"info@samarali.com","legalName":"Samarali B.V.","vatID":"NL859820324B01","numberOfEmployees":{"@type":"QuantitativeValue","minValue":"1","maxValue":"10"}}]},"og_availability":"instock","product_availability":"instock","product_condition":"new"},"jetpack_sharing_enabled":true,"_links":{"self":[{"href":"https:\/\/samarali.com\/de\/wp-json\/wp\/v2\/product\/28025","targetHints":{"allow":["GET"]}}],"collection":[{"href":"https:\/\/samarali.com\/de\/wp-json\/wp\/v2\/product"}],"about":[{"href":"https:\/\/samarali.com\/de\/wp-json\/wp\/v2\/types\/product"}],"replies":[{"embeddable":true,"href":"https:\/\/samarali.com\/de\/wp-json\/wp\/v2\/comments?post=28025"}],"version-history":[{"count":2,"href":"https:\/\/samarali.com\/de\/wp-json\/wp\/v2\/product\/28025\/revisions"}],"predecessor-version":[{"id":32658,"href":"https:\/\/samarali.com\/de\/wp-json\/wp\/v2\/product\/28025\/revisions\/32658"}],"wp:featuredmedia":[{"embeddable":true,"href":"https:\/\/samarali.com\/de\/wp-json\/wp\/v2\/media\/24178"}],"wp:attachment":[{"href":"https:\/\/samarali.com\/de\/wp-json\/wp\/v2\/media?parent=28025"}],"wp:term":[{"taxonomy":"product_cat","embeddable":true,"href":"https:\/\/samarali.com\/de\/wp-json\/wp\/v2\/product_cat?post=28025"},{"taxonomy":"product_tag","embeddable":true,"href":"https:\/\/samarali.com\/de\/wp-json\/wp\/v2\/product_tag?post=28025"}],"curies":[{"name":"wp","href":"https:\/\/api.w.org\/{rel}","templated":true}]}}