{"id":27893,"date":"2024-08-08T13:13:22","date_gmt":"2024-08-08T11:13:22","guid":{"rendered":"https:\/\/samarali.com\/product\/kurzer-jumpsuit-jupiter\/"},"modified":"2024-10-07T20:05:53","modified_gmt":"2024-10-07T18:05:53","slug":"kurzer-jumpsuit-jupiter","status":"publish","type":"product","link":"https:\/\/samarali.com\/de\/produkt\/kurzer-jumpsuit-jupiter\/","title":{"rendered":"Kurzer Jumpsuit Jupiter"},"content":{"rendered":"<p>Unsere Jumpsuits wurden speziell f\u00fcr Yoga entworfen, sind aber vielseitig genug, um sie auch drau\u00dfen zu tragen.<br \/>\nEthisch in der Ukraine produziert und aus OEKO-Tex-zertifizierten Materialien hergestellt, stehen diese Jumpsuits f\u00fcr unser Engagement f\u00fcr Qualit\u00e4t und Nachhaltigkeit.<br \/>\nUm sicherzustellen, dass sie unseren hohen Anspr\u00fcchen gen\u00fcgen, haben unser Team und unsere Gemeinschaft von Yogis sie gr\u00fcndlich getestet, um zu gew\u00e4hrleisten, dass sie unseren hohen Standards entsprechen.<br \/>\nInklusivit\u00e4t ist das Herzst\u00fcck unserer Designphilosophie, denn wir glauben, dass es nicht nur einen idealen K\u00f6rpertyp gibt.<br \/>\nDeshalb ist unser kurzer Jumpsuit mit dem Namen Jupiter so konzipiert, dass er au\u00dfergew\u00f6hnlichen Komfort und Stil f\u00fcr jeden bietet.<br \/>\nDer Jupiter Overall sieht nicht nur gut aus, er zieht auch alle Blicke auf sich.<br \/>\nWenn Sie auf der Suche nach einem vielseitigen Kleidungsst\u00fcck f\u00fcr Ihre Yogastunden sind, dann ist der Jupiter Jumpsuit genau das Richtige f\u00fcr Sie!<br \/>\nDer Jupiter Jumpsuit wird in der Ukraine aus einem baumwollreichen Stoff hergestellt und bietet ein ultraweiches, angenehmes Tragegef\u00fchl.<br \/>\nSeine Vielseitigkeit wird Sie \u00fcberraschen &#8211; Sie k\u00f6nnen ihn ganz einfach f\u00fcr einen legeren Tagesausflug stylen oder, wenn Sie sich mutig f\u00fchlen, ihn zu einem High-End-Look aufwerten.          <strong>Die Gr\u00f6\u00dfen der Modelle auf den Bildern:<\/strong><\/p>\n<ul>\n<li>F\u00fcr Gr\u00f6\u00dfe XL: K\u00f6rpergr\u00f6\u00dfe 170, 106 x 87 x 115 (Oberweite x Taille x H\u00fcfte)<\/li>\n<li>F\u00fcr Gr\u00f6\u00dfe XS: K\u00f6rpergr\u00f6\u00dfe 165, 88 x 60 x 90 (Oberweite x Taille x H\u00fcfte)<\/li>\n<\/ul>\n<p><strong>Die Pflegerichtlinien:<\/strong><\/p>\n<ul>\n<li>Mit \u00e4hnlichen Farben waschen<\/li>\n<li>Waschen Sie es in kaltem Wasser (bis zu 30\u00b0C) im Schonwaschgang.<\/li>\n<\/ul>\n","protected":false},"excerpt":{"rendered":"<p>Unsere Jumpsuits wurden speziell f\u00fcr Yoga entworfen, sind aber vielseitig genug, um sie auch drau\u00dfen zu tragen. Ethisch in der Ukraine produziert und aus OEKO-Tex-zertifizierten Materialien hergestellt, stehen diese Jumpsuits f\u00fcr unser Engagement f\u00fcr Qualit\u00e4t und Nachhaltigkeit. Um sicherzustellen, dass sie unseren hohen Anspr\u00fcchen gen\u00fcgen, haben unser Team und unsere Gemeinschaft von Yogis sie gr\u00fcndlich [&hellip;]<\/p>\n","protected":false},"featured_media":24028,"comment_status":"open","ping_status":"closed","template":"","meta":{"_acf_changed":false,"_improvement_type_select":"improve_an_existing","_thumb_yes_seoaic":false,"_frame_yes_seoaic":false,"seoaic_generate_description":"","seoaic_improve_instructions_prompt":"","seoaic_rollback_content_improvement":"","seoaic_idea_thumbnail_generator":"","thumbnail_generated":false,"thumbnail_generate_prompt":"","seoaic_article_description":"","inline_featured_image":false},"product_cat":[218],"product_tag":[],"class_list":{"0":"post-27893","1":"product","2":"type-product","3":"status-publish","4":"has-post-thumbnail","6":"product_cat-kleidung","8":"first","9":"instock","10":"shipping-taxable","11":"purchasable","12":"product-type-variable"},"acf":[],"yoast_head":"<!-- This site is optimized with the Yoast SEO Premium plugin v27.3 (Yoast SEO v27.3) - https:\/\/yoast.com\/product\/yoast-seo-premium-wordpress\/ -->\n<title>Kurzer Jumpsuit Jupiter - Samarali<\/title>\n<meta name=\"robots\" content=\"index, follow, max-snippet:-1, max-image-preview:large, max-video-preview:-1\" \/>\n<link rel=\"canonical\" href=\"https:\/\/samarali.com\/de\/produkt\/kurzer-jumpsuit-jupiter\/\" \/>\n<meta property=\"og:locale\" content=\"de_DE\" \/>\n<meta property=\"og:type\" content=\"article\" \/>\n<meta property=\"og:title\" content=\"Kurzer Jumpsuit Jupiter - Samarali\" \/>\n<meta property=\"og:description\" content=\"Unsere Jumpsuits wurden speziell f\u00fcr Yoga entworfen, sind aber vielseitig genug, um sie auch drau\u00dfen zu tragen. Ethisch in der Ukraine produziert und aus OEKO-Tex-zertifizierten Materialien hergestellt, stehen diese Jumpsuits f\u00fcr unser Engagement f\u00fcr Qualit\u00e4t und Nachhaltigkeit. Um sicherzustellen, dass sie unseren hohen Anspr\u00fcchen gen\u00fcgen, haben unser Team und unsere Gemeinschaft von Yogis sie gr\u00fcndlich [&hellip;]\" \/>\n<meta property=\"og:url\" content=\"https:\/\/samarali.com\/de\/produkt\/kurzer-jumpsuit-jupiter\/\" \/>\n<meta property=\"og:site_name\" content=\"Samarali\" \/>\n<meta property=\"article:publisher\" content=\"https:\/\/www.facebook.com\/samaraliyoga\" \/>\n<meta property=\"article:modified_time\" content=\"2024-10-07T18:05:53+00:00\" \/>\n<meta property=\"og:image\" content=\"https:\/\/samarali.com\/wp-content\/uploads\/2024\/08\/Jumpsuit-Grace-XS-M-9.jpg\" \/>\n\t<meta property=\"og:image:width\" content=\"830\" \/>\n\t<meta property=\"og:image:height\" content=\"830\" \/>\n\t<meta property=\"og:image:type\" content=\"image\/jpeg\" \/>\n<meta name=\"twitter:card\" content=\"summary_large_image\" \/>\n<meta name=\"twitter:label1\" content=\"Verf\u00fcgbarkeit\" \/>\n\t<meta name=\"twitter:data1\" content=\"Auf Lager\" \/>\n<script type=\"application\/ld+json\" class=\"yoast-schema-graph\">{\"@context\":\"https:\\\/\\\/schema.org\",\"@graph\":[{\"@type\":\"WebPage\",\"@id\":\"https:\\\/\\\/samarali.com\\\/de\\\/produkt\\\/kurzer-jumpsuit-jupiter\\\/\",\"url\":\"https:\\\/\\\/samarali.com\\\/de\\\/produkt\\\/kurzer-jumpsuit-jupiter\\\/\",\"name\":\"Kurzer Jumpsuit Jupiter - Samarali\",\"isPartOf\":{\"@id\":\"https:\\\/\\\/samarali.com\\\/de\\\/#website\"},\"primaryImageOfPage\":{\"@id\":\"https:\\\/\\\/samarali.com\\\/de\\\/produkt\\\/kurzer-jumpsuit-jupiter\\\/#primaryimage\"},\"image\":{\"@id\":\"https:\\\/\\\/samarali.com\\\/de\\\/produkt\\\/kurzer-jumpsuit-jupiter\\\/#primaryimage\"},\"thumbnailUrl\":\"https:\\\/\\\/samarali.com\\\/wp-content\\\/uploads\\\/2024\\\/08\\\/Jumpsuit-Grace-XS-M-9.jpg\",\"datePublished\":\"2024-08-08T11:13:22+00:00\",\"dateModified\":\"2024-10-07T18:05:53+00:00\",\"breadcrumb\":{\"@id\":\"https:\\\/\\\/samarali.com\\\/de\\\/produkt\\\/kurzer-jumpsuit-jupiter\\\/#breadcrumb\"},\"inLanguage\":\"de\",\"potentialAction\":[{\"@type\":\"ReadAction\",\"target\":[\"https:\\\/\\\/samarali.com\\\/de\\\/produkt\\\/kurzer-jumpsuit-jupiter\\\/\"]}]},{\"@type\":\"ImageObject\",\"inLanguage\":\"de\",\"@id\":\"https:\\\/\\\/samarali.com\\\/de\\\/produkt\\\/kurzer-jumpsuit-jupiter\\\/#primaryimage\",\"url\":\"https:\\\/\\\/samarali.com\\\/wp-content\\\/uploads\\\/2024\\\/08\\\/Jumpsuit-Grace-XS-M-9.jpg\",\"contentUrl\":\"https:\\\/\\\/samarali.com\\\/wp-content\\\/uploads\\\/2024\\\/08\\\/Jumpsuit-Grace-XS-M-9.jpg\",\"width\":830,\"height\":830,\"caption\":\"Jumpsuit Grace XS M 9\"},{\"@type\":\"BreadcrumbList\",\"@id\":\"https:\\\/\\\/samarali.com\\\/de\\\/produkt\\\/kurzer-jumpsuit-jupiter\\\/#breadcrumb\",\"itemListElement\":[{\"@type\":\"ListItem\",\"position\":1,\"name\":\"Startseite\",\"item\":\"https:\\\/\\\/samarali.com\\\/de\\\/startseite\\\/\"},{\"@type\":\"ListItem\",\"position\":2,\"name\":\"Shop\",\"item\":\"https:\\\/\\\/samarali.com\\\/de\\\/shop\\\/\"},{\"@type\":\"ListItem\",\"position\":3,\"name\":\"Kurzer Jumpsuit Jupiter\"}]},{\"@type\":\"WebSite\",\"@id\":\"https:\\\/\\\/samarali.com\\\/de\\\/#website\",\"url\":\"https:\\\/\\\/samarali.com\\\/de\\\/\",\"name\":\"Samarali\",\"description\":\"Samarali ist eine nachhaltige Yoga- und Lifestyle-Marke mit Sitz in den Niederlanden\",\"publisher\":{\"@id\":\"https:\\\/\\\/samarali.com\\\/de\\\/#organization\"},\"potentialAction\":[{\"@type\":\"SearchAction\",\"target\":{\"@type\":\"EntryPoint\",\"urlTemplate\":\"https:\\\/\\\/samarali.com\\\/de\\\/?s={search_term_string}\"},\"query-input\":{\"@type\":\"PropertyValueSpecification\",\"valueRequired\":true,\"valueName\":\"search_term_string\"}}],\"inLanguage\":\"de\"},{\"@type\":\"Organization\",\"@id\":\"https:\\\/\\\/samarali.com\\\/de\\\/#organization\",\"name\":\"Samarali\",\"url\":\"https:\\\/\\\/samarali.com\\\/de\\\/\",\"logo\":{\"@type\":\"ImageObject\",\"inLanguage\":\"de\",\"@id\":\"https:\\\/\\\/samarali.com\\\/de\\\/#\\\/schema\\\/logo\\\/image\\\/\",\"url\":\"https:\\\/\\\/samarali.com\\\/wp-content\\\/uploads\\\/2024\\\/05\\\/cropped-samarali-icon.png\",\"contentUrl\":\"https:\\\/\\\/samarali.com\\\/wp-content\\\/uploads\\\/2024\\\/05\\\/cropped-samarali-icon.png\",\"width\":512,\"height\":512,\"caption\":\"Samarali\"},\"image\":{\"@id\":\"https:\\\/\\\/samarali.com\\\/de\\\/#\\\/schema\\\/logo\\\/image\\\/\"},\"sameAs\":[\"https:\\\/\\\/www.facebook.com\\\/samaraliyoga\",\"https:\\\/\\\/www.linkedin.com\\\/company\\\/69563155\\\/\",\"https:\\\/\\\/www.instagram.com\\\/samaraliyoga\\\/\",\"https:\\\/\\\/nl.pinterest.com\\\/Samaraliyoga\\\/\"],\"description\":\"Samarali is a sustainable yoga and lifestyle brand based in the Netherlands\",\"email\":\"info@samarali.com\",\"legalName\":\"Samarali B.V.\",\"vatID\":\"NL859820324B01\",\"numberOfEmployees\":{\"@type\":\"QuantitativeValue\",\"minValue\":\"1\",\"maxValue\":\"10\"}}]}<\/script>\n<meta property=\"og:availability\" content=\"instock\" \/>\n<meta property=\"product:availability\" content=\"instock\" \/>\n<meta property=\"product:condition\" content=\"new\" \/>\n<!-- \/ Yoast SEO Premium plugin. -->","yoast_head_json":{"title":"Kurzer Jumpsuit Jupiter - Samarali","robots":{"index":"index","follow":"follow","max-snippet":"max-snippet:-1","max-image-preview":"max-image-preview:large","max-video-preview":"max-video-preview:-1"},"canonical":"https:\/\/samarali.com\/de\/produkt\/kurzer-jumpsuit-jupiter\/","og_locale":"de_DE","og_type":"article","og_title":"Kurzer Jumpsuit Jupiter - Samarali","og_description":"Unsere Jumpsuits wurden speziell f\u00fcr Yoga entworfen, sind aber vielseitig genug, um sie auch drau\u00dfen zu tragen. Ethisch in der Ukraine produziert und aus OEKO-Tex-zertifizierten Materialien hergestellt, stehen diese Jumpsuits f\u00fcr unser Engagement f\u00fcr Qualit\u00e4t und Nachhaltigkeit. Um sicherzustellen, dass sie unseren hohen Anspr\u00fcchen gen\u00fcgen, haben unser Team und unsere Gemeinschaft von Yogis sie gr\u00fcndlich [&hellip;]","og_url":"https:\/\/samarali.com\/de\/produkt\/kurzer-jumpsuit-jupiter\/","og_site_name":"Samarali","article_publisher":"https:\/\/www.facebook.com\/samaraliyoga","article_modified_time":"2024-10-07T18:05:53+00:00","og_image":[{"width":830,"height":830,"url":"https:\/\/samarali.com\/wp-content\/uploads\/2024\/08\/Jumpsuit-Grace-XS-M-9.jpg","type":"image\/jpeg"}],"twitter_card":"summary_large_image","twitter_misc":{"Verf\u00fcgbarkeit":"Auf Lager"},"schema":{"@context":"https:\/\/schema.org","@graph":[{"@type":"WebPage","@id":"https:\/\/samarali.com\/de\/produkt\/kurzer-jumpsuit-jupiter\/","url":"https:\/\/samarali.com\/de\/produkt\/kurzer-jumpsuit-jupiter\/","name":"Kurzer Jumpsuit Jupiter - Samarali","isPartOf":{"@id":"https:\/\/samarali.com\/de\/#website"},"primaryImageOfPage":{"@id":"https:\/\/samarali.com\/de\/produkt\/kurzer-jumpsuit-jupiter\/#primaryimage"},"image":{"@id":"https:\/\/samarali.com\/de\/produkt\/kurzer-jumpsuit-jupiter\/#primaryimage"},"thumbnailUrl":"https:\/\/samarali.com\/wp-content\/uploads\/2024\/08\/Jumpsuit-Grace-XS-M-9.jpg","datePublished":"2024-08-08T11:13:22+00:00","dateModified":"2024-10-07T18:05:53+00:00","breadcrumb":{"@id":"https:\/\/samarali.com\/de\/produkt\/kurzer-jumpsuit-jupiter\/#breadcrumb"},"inLanguage":"de","potentialAction":[{"@type":"ReadAction","target":["https:\/\/samarali.com\/de\/produkt\/kurzer-jumpsuit-jupiter\/"]}]},{"@type":"ImageObject","inLanguage":"de","@id":"https:\/\/samarali.com\/de\/produkt\/kurzer-jumpsuit-jupiter\/#primaryimage","url":"https:\/\/samarali.com\/wp-content\/uploads\/2024\/08\/Jumpsuit-Grace-XS-M-9.jpg","contentUrl":"https:\/\/samarali.com\/wp-content\/uploads\/2024\/08\/Jumpsuit-Grace-XS-M-9.jpg","width":830,"height":830,"caption":"Jumpsuit Grace XS M 9"},{"@type":"BreadcrumbList","@id":"https:\/\/samarali.com\/de\/produkt\/kurzer-jumpsuit-jupiter\/#breadcrumb","itemListElement":[{"@type":"ListItem","position":1,"name":"Startseite","item":"https:\/\/samarali.com\/de\/startseite\/"},{"@type":"ListItem","position":2,"name":"Shop","item":"https:\/\/samarali.com\/de\/shop\/"},{"@type":"ListItem","position":3,"name":"Kurzer Jumpsuit Jupiter"}]},{"@type":"WebSite","@id":"https:\/\/samarali.com\/de\/#website","url":"https:\/\/samarali.com\/de\/","name":"Samarali","description":"Samarali ist eine nachhaltige Yoga- und Lifestyle-Marke mit Sitz in den Niederlanden","publisher":{"@id":"https:\/\/samarali.com\/de\/#organization"},"potentialAction":[{"@type":"SearchAction","target":{"@type":"EntryPoint","urlTemplate":"https:\/\/samarali.com\/de\/?s={search_term_string}"},"query-input":{"@type":"PropertyValueSpecification","valueRequired":true,"valueName":"search_term_string"}}],"inLanguage":"de"},{"@type":"Organization","@id":"https:\/\/samarali.com\/de\/#organization","name":"Samarali","url":"https:\/\/samarali.com\/de\/","logo":{"@type":"ImageObject","inLanguage":"de","@id":"https:\/\/samarali.com\/de\/#\/schema\/logo\/image\/","url":"https:\/\/samarali.com\/wp-content\/uploads\/2024\/05\/cropped-samarali-icon.png","contentUrl":"https:\/\/samarali.com\/wp-content\/uploads\/2024\/05\/cropped-samarali-icon.png","width":512,"height":512,"caption":"Samarali"},"image":{"@id":"https:\/\/samarali.com\/de\/#\/schema\/logo\/image\/"},"sameAs":["https:\/\/www.facebook.com\/samaraliyoga","https:\/\/www.linkedin.com\/company\/69563155\/","https:\/\/www.instagram.com\/samaraliyoga\/","https:\/\/nl.pinterest.com\/Samaraliyoga\/"],"description":"Samarali is a sustainable yoga and lifestyle brand based in the Netherlands","email":"info@samarali.com","legalName":"Samarali B.V.","vatID":"NL859820324B01","numberOfEmployees":{"@type":"QuantitativeValue","minValue":"1","maxValue":"10"}}]},"og_availability":"instock","product_availability":"instock","product_condition":"new"},"jetpack_sharing_enabled":true,"_links":{"self":[{"href":"https:\/\/samarali.com\/de\/wp-json\/wp\/v2\/product\/27893","targetHints":{"allow":["GET"]}}],"collection":[{"href":"https:\/\/samarali.com\/de\/wp-json\/wp\/v2\/product"}],"about":[{"href":"https:\/\/samarali.com\/de\/wp-json\/wp\/v2\/types\/product"}],"replies":[{"embeddable":true,"href":"https:\/\/samarali.com\/de\/wp-json\/wp\/v2\/comments?post=27893"}],"version-history":[{"count":1,"href":"https:\/\/samarali.com\/de\/wp-json\/wp\/v2\/product\/27893\/revisions"}],"predecessor-version":[{"id":31759,"href":"https:\/\/samarali.com\/de\/wp-json\/wp\/v2\/product\/27893\/revisions\/31759"}],"wp:featuredmedia":[{"embeddable":true,"href":"https:\/\/samarali.com\/de\/wp-json\/wp\/v2\/media\/24028"}],"wp:attachment":[{"href":"https:\/\/samarali.com\/de\/wp-json\/wp\/v2\/media?parent=27893"}],"wp:term":[{"taxonomy":"product_cat","embeddable":true,"href":"https:\/\/samarali.com\/de\/wp-json\/wp\/v2\/product_cat?post=27893"},{"taxonomy":"product_tag","embeddable":true,"href":"https:\/\/samarali.com\/de\/wp-json\/wp\/v2\/product_tag?post=27893"}],"curies":[{"name":"wp","href":"https:\/\/api.w.org\/{rel}","templated":true}]}}