{"id":27857,"date":"2024-08-08T10:24:42","date_gmt":"2024-08-08T10:24:42","guid":{"rendered":"https:\/\/samarali.com\/product\/leggings\/"},"modified":"2025-01-01T00:04:43","modified_gmt":"2024-12-31T23:04:43","slug":"leggings","status":"publish","type":"product","link":"https:\/\/samarali.com\/de\/produkt\/leggings\/","title":{"rendered":"Leggings"},"content":{"rendered":"<div>\n<div>  Leggings sind zu einem unverzichtbaren Bestandteil fast jeder Garderobe geworden und werden sowohl beim Sport als auch im Alltag getragen.<br \/>\nUnsere Leggings sind aus hochwertigem, atmungsaktivem, samtweichem und OEKO-Tex-zertifiziertem Stoff gefertigt.<br \/>\nWenn Sie sie einmal getragen haben, werden sie sicher zu einem Ihrer Lieblingskleidungsst\u00fccke!<br \/>\nDer Stoff ist undurchsichtig, so dass er auch bei tiefen Dehnungen blickdicht bleibt.<br \/>\nMit ihrer hohen Taille sind diese Leggings perfekt f\u00fcr Yoga, Fitness und t\u00e4gliche Aktivit\u00e4ten geeignet.<br \/>\nDas weiche Material sorgt f\u00fcr maximalen Komfort bei Ihren Asanas. Sie k\u00f6nnen die Leggings auch bequem zu Hause oder unterwegs tragen.       <\/div>\n<div><strong>Die Pflegerichtlinien:<\/strong><\/div>\n<div>\n<ul>\n<li>Mit \u00e4hnlichen Farben waschen<\/li>\n<li>Waschen Sie es in kaltem Wasser (bis zu 30\u00b0C) im Schonwaschgang.<\/li>\n<\/ul>\n<\/div>\n<\/div>\n<div><strong>Gr\u00f6\u00dfen unserer Modelle:<\/strong><\/div>\n<ul>\n<li>XS: Gr\u00f6\u00dfe 169 cm, Oberweite x Taille x H\u00fcfte: 81 x59 x 88 cm<\/li>\n<li>S: Gr\u00f6\u00dfe 170 cm, Oberweite x Taille x H\u00fcfte: 82 x59 x 90 cm<\/li>\n<li>M: Gr\u00f6\u00dfe: 169 cm, Oberweite x Taille x H\u00fcfte: 85 x63 x 95 cm<\/li>\n<li>L: Gr\u00f6\u00dfe: 179 cm, Oberweite x Taille x H\u00fcfte: 96 x 76 x 106 cm.<\/li>\n<\/ul>\n","protected":false},"excerpt":{"rendered":"<p>Leggings sind zu einem unverzichtbaren Bestandteil fast jeder Garderobe geworden und werden sowohl beim Sport als auch im Alltag getragen. Unsere Leggings sind aus hochwertigem, atmungsaktivem, samtweichem und OEKO-Tex-zertifiziertem Stoff gefertigt. Wenn Sie sie einmal getragen haben, werden sie sicher zu einem Ihrer Lieblingskleidungsst\u00fccke! Der Stoff ist undurchsichtig, so dass er auch bei tiefen Dehnungen [&hellip;]<\/p>\n","protected":false},"featured_media":23785,"comment_status":"open","ping_status":"closed","template":"","meta":{"_acf_changed":false,"_improvement_type_select":"improve_an_existing","_thumb_yes_seoaic":false,"_frame_yes_seoaic":false,"seoaic_generate_description":"","seoaic_improve_instructions_prompt":"","seoaic_rollback_content_improvement":"","seoaic_idea_thumbnail_generator":"","thumbnail_generated":false,"thumbnail_generate_prompt":"","seoaic_article_description":"","inline_featured_image":false},"product_cat":[218],"product_tag":[],"class_list":{"0":"post-27857","1":"product","2":"type-product","3":"status-publish","4":"has-post-thumbnail","6":"product_cat-kleidung","8":"first","9":"instock","10":"shipping-taxable","11":"purchasable","12":"product-type-variable"},"acf":[],"yoast_head":"<!-- This site is optimized with the Yoast SEO Premium plugin v27.3 (Yoast SEO v27.3) - https:\/\/yoast.com\/product\/yoast-seo-premium-wordpress\/ -->\n<title>Leggings - Samarali<\/title>\n<meta name=\"robots\" content=\"index, follow, max-snippet:-1, max-image-preview:large, max-video-preview:-1\" \/>\n<link rel=\"canonical\" href=\"https:\/\/samarali.com\/de\/produkt\/leggings\/\" \/>\n<meta property=\"og:locale\" content=\"de_DE\" \/>\n<meta property=\"og:type\" content=\"article\" \/>\n<meta property=\"og:title\" content=\"Leggings - Samarali\" \/>\n<meta property=\"og:description\" content=\"Leggings sind zu einem unverzichtbaren Bestandteil fast jeder Garderobe geworden und werden sowohl beim Sport als auch im Alltag getragen. Unsere Leggings sind aus hochwertigem, atmungsaktivem, samtweichem und OEKO-Tex-zertifiziertem Stoff gefertigt. Wenn Sie sie einmal getragen haben, werden sie sicher zu einem Ihrer Lieblingskleidungsst\u00fccke! Der Stoff ist undurchsichtig, so dass er auch bei tiefen Dehnungen [&hellip;]\" \/>\n<meta property=\"og:url\" content=\"https:\/\/samarali.com\/de\/produkt\/leggings\/\" \/>\n<meta property=\"og:site_name\" content=\"Samarali\" \/>\n<meta property=\"article:publisher\" content=\"https:\/\/www.facebook.com\/samaraliyoga\" \/>\n<meta property=\"article:modified_time\" content=\"2024-12-31T23:04:43+00:00\" \/>\n<meta property=\"og:image\" content=\"https:\/\/samarali.com\/wp-content\/uploads\/2024\/08\/Yoga-legging-1.jpg\" \/>\n\t<meta property=\"og:image:width\" content=\"830\" \/>\n\t<meta property=\"og:image:height\" content=\"830\" \/>\n\t<meta property=\"og:image:type\" content=\"image\/jpeg\" \/>\n<meta name=\"twitter:card\" content=\"summary_large_image\" \/>\n<meta name=\"twitter:label1\" content=\"Verf\u00fcgbarkeit\" \/>\n\t<meta name=\"twitter:data1\" content=\"Auf Lager\" \/>\n<script type=\"application\/ld+json\" class=\"yoast-schema-graph\">{\"@context\":\"https:\\\/\\\/schema.org\",\"@graph\":[{\"@type\":\"WebPage\",\"@id\":\"https:\\\/\\\/samarali.com\\\/de\\\/produkt\\\/leggings\\\/\",\"url\":\"https:\\\/\\\/samarali.com\\\/de\\\/produkt\\\/leggings\\\/\",\"name\":\"Leggings - Samarali\",\"isPartOf\":{\"@id\":\"https:\\\/\\\/samarali.com\\\/de\\\/#website\"},\"primaryImageOfPage\":{\"@id\":\"https:\\\/\\\/samarali.com\\\/de\\\/produkt\\\/leggings\\\/#primaryimage\"},\"image\":{\"@id\":\"https:\\\/\\\/samarali.com\\\/de\\\/produkt\\\/leggings\\\/#primaryimage\"},\"thumbnailUrl\":\"https:\\\/\\\/samarali.com\\\/wp-content\\\/uploads\\\/2024\\\/08\\\/Legging-top-Blue-13-1.jpg\",\"datePublished\":\"2024-08-08T10:24:42+00:00\",\"dateModified\":\"2024-12-31T23:04:43+00:00\",\"breadcrumb\":{\"@id\":\"https:\\\/\\\/samarali.com\\\/de\\\/produkt\\\/leggings\\\/#breadcrumb\"},\"inLanguage\":\"de\",\"potentialAction\":[{\"@type\":\"ReadAction\",\"target\":[\"https:\\\/\\\/samarali.com\\\/de\\\/produkt\\\/leggings\\\/\"]}]},{\"@type\":\"ImageObject\",\"inLanguage\":\"de\",\"@id\":\"https:\\\/\\\/samarali.com\\\/de\\\/produkt\\\/leggings\\\/#primaryimage\",\"url\":\"https:\\\/\\\/samarali.com\\\/wp-content\\\/uploads\\\/2024\\\/08\\\/Legging-top-Blue-13-1.jpg\",\"contentUrl\":\"https:\\\/\\\/samarali.com\\\/wp-content\\\/uploads\\\/2024\\\/08\\\/Legging-top-Blue-13-1.jpg\",\"width\":1000,\"height\":1000,\"caption\":\"Leggings oben Blau 13 1\"},{\"@type\":\"BreadcrumbList\",\"@id\":\"https:\\\/\\\/samarali.com\\\/de\\\/produkt\\\/leggings\\\/#breadcrumb\",\"itemListElement\":[{\"@type\":\"ListItem\",\"position\":1,\"name\":\"Startseite\",\"item\":\"https:\\\/\\\/samarali.com\\\/de\\\/startseite\\\/\"},{\"@type\":\"ListItem\",\"position\":2,\"name\":\"Shop\",\"item\":\"https:\\\/\\\/samarali.com\\\/de\\\/shop\\\/\"},{\"@type\":\"ListItem\",\"position\":3,\"name\":\"Leggings\"}]},{\"@type\":\"WebSite\",\"@id\":\"https:\\\/\\\/samarali.com\\\/de\\\/#website\",\"url\":\"https:\\\/\\\/samarali.com\\\/de\\\/\",\"name\":\"Samarali\",\"description\":\"Samarali ist eine nachhaltige Yoga- und Lifestyle-Marke mit Sitz in den Niederlanden\",\"publisher\":{\"@id\":\"https:\\\/\\\/samarali.com\\\/de\\\/#organization\"},\"potentialAction\":[{\"@type\":\"SearchAction\",\"target\":{\"@type\":\"EntryPoint\",\"urlTemplate\":\"https:\\\/\\\/samarali.com\\\/de\\\/?s={search_term_string}\"},\"query-input\":{\"@type\":\"PropertyValueSpecification\",\"valueRequired\":true,\"valueName\":\"search_term_string\"}}],\"inLanguage\":\"de\"},{\"@type\":\"Organization\",\"@id\":\"https:\\\/\\\/samarali.com\\\/de\\\/#organization\",\"name\":\"Samarali\",\"url\":\"https:\\\/\\\/samarali.com\\\/de\\\/\",\"logo\":{\"@type\":\"ImageObject\",\"inLanguage\":\"de\",\"@id\":\"https:\\\/\\\/samarali.com\\\/de\\\/#\\\/schema\\\/logo\\\/image\\\/\",\"url\":\"https:\\\/\\\/samarali.com\\\/wp-content\\\/uploads\\\/2024\\\/05\\\/cropped-samarali-icon.png\",\"contentUrl\":\"https:\\\/\\\/samarali.com\\\/wp-content\\\/uploads\\\/2024\\\/05\\\/cropped-samarali-icon.png\",\"width\":512,\"height\":512,\"caption\":\"Samarali\"},\"image\":{\"@id\":\"https:\\\/\\\/samarali.com\\\/de\\\/#\\\/schema\\\/logo\\\/image\\\/\"},\"sameAs\":[\"https:\\\/\\\/www.facebook.com\\\/samaraliyoga\",\"https:\\\/\\\/www.linkedin.com\\\/company\\\/69563155\\\/\",\"https:\\\/\\\/www.instagram.com\\\/samaraliyoga\\\/\",\"https:\\\/\\\/nl.pinterest.com\\\/Samaraliyoga\\\/\"],\"description\":\"Samarali is a sustainable yoga and lifestyle brand based in the Netherlands\",\"email\":\"info@samarali.com\",\"legalName\":\"Samarali B.V.\",\"vatID\":\"NL859820324B01\",\"numberOfEmployees\":{\"@type\":\"QuantitativeValue\",\"minValue\":\"1\",\"maxValue\":\"10\"}}]}<\/script>\n<meta property=\"og:availability\" content=\"instock\" \/>\n<meta property=\"product:availability\" content=\"instock\" \/>\n<meta property=\"product:condition\" content=\"new\" \/>\n<!-- \/ Yoast SEO Premium plugin. -->","yoast_head_json":{"title":"Leggings - Samarali","robots":{"index":"index","follow":"follow","max-snippet":"max-snippet:-1","max-image-preview":"max-image-preview:large","max-video-preview":"max-video-preview:-1"},"canonical":"https:\/\/samarali.com\/de\/produkt\/leggings\/","og_locale":"de_DE","og_type":"article","og_title":"Leggings - Samarali","og_description":"Leggings sind zu einem unverzichtbaren Bestandteil fast jeder Garderobe geworden und werden sowohl beim Sport als auch im Alltag getragen. Unsere Leggings sind aus hochwertigem, atmungsaktivem, samtweichem und OEKO-Tex-zertifiziertem Stoff gefertigt. Wenn Sie sie einmal getragen haben, werden sie sicher zu einem Ihrer Lieblingskleidungsst\u00fccke! Der Stoff ist undurchsichtig, so dass er auch bei tiefen Dehnungen [&hellip;]","og_url":"https:\/\/samarali.com\/de\/produkt\/leggings\/","og_site_name":"Samarali","article_publisher":"https:\/\/www.facebook.com\/samaraliyoga","article_modified_time":"2024-12-31T23:04:43+00:00","og_image":[{"width":830,"height":830,"url":"https:\/\/samarali.com\/wp-content\/uploads\/2024\/08\/Yoga-legging-1.jpg","type":"image\/jpeg"}],"twitter_card":"summary_large_image","twitter_misc":{"Verf\u00fcgbarkeit":"Auf Lager"},"schema":{"@context":"https:\/\/schema.org","@graph":[{"@type":"WebPage","@id":"https:\/\/samarali.com\/de\/produkt\/leggings\/","url":"https:\/\/samarali.com\/de\/produkt\/leggings\/","name":"Leggings - Samarali","isPartOf":{"@id":"https:\/\/samarali.com\/de\/#website"},"primaryImageOfPage":{"@id":"https:\/\/samarali.com\/de\/produkt\/leggings\/#primaryimage"},"image":{"@id":"https:\/\/samarali.com\/de\/produkt\/leggings\/#primaryimage"},"thumbnailUrl":"https:\/\/samarali.com\/wp-content\/uploads\/2024\/08\/Legging-top-Blue-13-1.jpg","datePublished":"2024-08-08T10:24:42+00:00","dateModified":"2024-12-31T23:04:43+00:00","breadcrumb":{"@id":"https:\/\/samarali.com\/de\/produkt\/leggings\/#breadcrumb"},"inLanguage":"de","potentialAction":[{"@type":"ReadAction","target":["https:\/\/samarali.com\/de\/produkt\/leggings\/"]}]},{"@type":"ImageObject","inLanguage":"de","@id":"https:\/\/samarali.com\/de\/produkt\/leggings\/#primaryimage","url":"https:\/\/samarali.com\/wp-content\/uploads\/2024\/08\/Legging-top-Blue-13-1.jpg","contentUrl":"https:\/\/samarali.com\/wp-content\/uploads\/2024\/08\/Legging-top-Blue-13-1.jpg","width":1000,"height":1000,"caption":"Leggings oben Blau 13 1"},{"@type":"BreadcrumbList","@id":"https:\/\/samarali.com\/de\/produkt\/leggings\/#breadcrumb","itemListElement":[{"@type":"ListItem","position":1,"name":"Startseite","item":"https:\/\/samarali.com\/de\/startseite\/"},{"@type":"ListItem","position":2,"name":"Shop","item":"https:\/\/samarali.com\/de\/shop\/"},{"@type":"ListItem","position":3,"name":"Leggings"}]},{"@type":"WebSite","@id":"https:\/\/samarali.com\/de\/#website","url":"https:\/\/samarali.com\/de\/","name":"Samarali","description":"Samarali ist eine nachhaltige Yoga- und Lifestyle-Marke mit Sitz in den Niederlanden","publisher":{"@id":"https:\/\/samarali.com\/de\/#organization"},"potentialAction":[{"@type":"SearchAction","target":{"@type":"EntryPoint","urlTemplate":"https:\/\/samarali.com\/de\/?s={search_term_string}"},"query-input":{"@type":"PropertyValueSpecification","valueRequired":true,"valueName":"search_term_string"}}],"inLanguage":"de"},{"@type":"Organization","@id":"https:\/\/samarali.com\/de\/#organization","name":"Samarali","url":"https:\/\/samarali.com\/de\/","logo":{"@type":"ImageObject","inLanguage":"de","@id":"https:\/\/samarali.com\/de\/#\/schema\/logo\/image\/","url":"https:\/\/samarali.com\/wp-content\/uploads\/2024\/05\/cropped-samarali-icon.png","contentUrl":"https:\/\/samarali.com\/wp-content\/uploads\/2024\/05\/cropped-samarali-icon.png","width":512,"height":512,"caption":"Samarali"},"image":{"@id":"https:\/\/samarali.com\/de\/#\/schema\/logo\/image\/"},"sameAs":["https:\/\/www.facebook.com\/samaraliyoga","https:\/\/www.linkedin.com\/company\/69563155\/","https:\/\/www.instagram.com\/samaraliyoga\/","https:\/\/nl.pinterest.com\/Samaraliyoga\/"],"description":"Samarali is a sustainable yoga and lifestyle brand based in the Netherlands","email":"info@samarali.com","legalName":"Samarali B.V.","vatID":"NL859820324B01","numberOfEmployees":{"@type":"QuantitativeValue","minValue":"1","maxValue":"10"}}]},"og_availability":"instock","product_availability":"instock","product_condition":"new"},"jetpack_sharing_enabled":true,"_links":{"self":[{"href":"https:\/\/samarali.com\/de\/wp-json\/wp\/v2\/product\/27857","targetHints":{"allow":["GET"]}}],"collection":[{"href":"https:\/\/samarali.com\/de\/wp-json\/wp\/v2\/product"}],"about":[{"href":"https:\/\/samarali.com\/de\/wp-json\/wp\/v2\/types\/product"}],"replies":[{"embeddable":true,"href":"https:\/\/samarali.com\/de\/wp-json\/wp\/v2\/comments?post=27857"}],"version-history":[{"count":0,"href":"https:\/\/samarali.com\/de\/wp-json\/wp\/v2\/product\/27857\/revisions"}],"wp:featuredmedia":[{"embeddable":true,"href":"https:\/\/samarali.com\/de\/wp-json\/wp\/v2\/media\/23785"}],"wp:attachment":[{"href":"https:\/\/samarali.com\/de\/wp-json\/wp\/v2\/media?parent=27857"}],"wp:term":[{"taxonomy":"product_cat","embeddable":true,"href":"https:\/\/samarali.com\/de\/wp-json\/wp\/v2\/product_cat?post=27857"},{"taxonomy":"product_tag","embeddable":true,"href":"https:\/\/samarali.com\/de\/wp-json\/wp\/v2\/product_tag?post=27857"}],"curies":[{"name":"wp","href":"https:\/\/api.w.org\/{rel}","templated":true}]}}