{"id":27797,"date":"2024-08-08T09:48:24","date_gmt":"2024-08-08T07:48:24","guid":{"rendered":"https:\/\/samarali.com\/product\/jumpsuit-selene\/"},"modified":"2025-01-06T13:42:50","modified_gmt":"2025-01-06T12:42:50","slug":"jumpsuit-selene","status":"publish","type":"product","link":"https:\/\/samarali.com\/de\/produkt\/jumpsuit-selene\/","title":{"rendered":"Jumpsuit Selene"},"content":{"rendered":"<p>Unsere Jumpsuits sind speziell f\u00fcr Yoga, Fitness und sogar f\u00fcr Freizeitkleidung im Freien konzipiert. Ethisch hergestellt und aus OEKO-Tex-zertifizierten Materialien gefertigt, verf\u00fcgen sie \u00fcber ein atmungsaktives, dehnbares Material, das perfekt in Form bleibt, ohne dass zus\u00e4tzliche Anpassungen erforderlich sind. Bevor Sie eine Bestellung aufgeben, sehen Sie sich bitte unsere Gr\u00f6\u00dfentabelle unten an. Pflegehinweise finden Sie auf den Innenetiketten der Jumpsuits. Erh\u00f6hen Sie Ihren Fitness-Stil mit unserem Jumpsuit Selene.<\/p>\n<p>Um unsere hohen Qualit\u00e4tsstandards aufrechtzuerhalten, wurden unsere neuen Jumpsuits von unserem Team und unserer Gemeinschaft von Yogis gr\u00fcndlich getestet. Der Jumpsuit Selene mit offenem R\u00fccken bietet nicht nur au\u00dfergew\u00f6hnlichen Komfort, sondern ist auch ein stilvolles Statement, mit dem Sie garantiert alle Blicke auf sich ziehen. Wenn Sie auf der Suche nach einer vielseitigen Activewear f\u00fcr Ihre Yoga-Sessions sind, ist der Jumpsuit Selene die perfekte Wahl.<\/p>\n<p><strong>Modellgr\u00f6\u00dfen:<\/strong><\/p>\n<ul>\n<li>Gr\u00f6\u00dfe XL: H\u00f6he 170 cm, Ma\u00dfe 106 x 87 x 115 cm (Brust x Taille x H\u00fcfte)<\/li>\n<li>Gr\u00f6\u00dfe XS: H\u00f6he 165 cm, Ma\u00dfe 88 x 60 x 90 cm (Brust x Taille x H\u00fcfte)<\/li>\n<\/ul>\n<p><strong>Waschanleitung:<\/strong><\/p>\n<ul>\n<li>Mit \u00e4hnlichen Farben waschen<\/li>\n<li>Waschen Sie es in kaltem Wasser (bis zu 30\u00b0C) im Schonwaschgang.<\/li>\n<\/ul>\n","protected":false},"excerpt":{"rendered":"<p>Verbessern Sie Ihre Yoga-Praxis mit dem Jumpsuit Selene. Es ist aus atmungsaktivem, dehnbarem Stoff gefertigt und bietet die perfekte Balance zwischen Stil und Komfort.<\/p>\n","protected":false},"featured_media":23439,"comment_status":"open","ping_status":"closed","template":"","meta":{"_acf_changed":false,"_improvement_type_select":"improve_an_existing","_thumb_yes_seoaic":false,"_frame_yes_seoaic":false,"seoaic_generate_description":"","seoaic_improve_instructions_prompt":"","seoaic_rollback_content_improvement":"","seoaic_idea_thumbnail_generator":"","thumbnail_generated":false,"thumbnail_generate_prompt":"","seoaic_article_description":"","inline_featured_image":false},"product_cat":[218],"product_tag":[],"class_list":{"0":"post-27797","1":"product","2":"type-product","3":"status-publish","4":"has-post-thumbnail","6":"product_cat-kleidung","8":"first","9":"instock","10":"shipping-taxable","11":"purchasable","12":"product-type-variable"},"acf":[],"yoast_head":"<!-- This site is optimized with the Yoast SEO Premium plugin v27.3 (Yoast SEO v27.3) - https:\/\/yoast.com\/product\/yoast-seo-premium-wordpress\/ -->\n<title>Jumpsuit Selene - Samarali<\/title>\n<meta name=\"description\" content=\"Verbessern Sie Ihre Yoga-Praxis mit dem Jumpsuit Selene. Es ist aus atmungsaktivem, dehnbarem Stoff gefertigt und bietet die perfekte Balance zwischen Stil und Komfort.\" \/>\n<meta name=\"robots\" content=\"index, follow, max-snippet:-1, max-image-preview:large, max-video-preview:-1\" \/>\n<link rel=\"canonical\" href=\"https:\/\/samarali.com\/de\/produkt\/jumpsuit-selene\/\" \/>\n<meta property=\"og:locale\" content=\"de_DE\" \/>\n<meta property=\"og:type\" content=\"article\" \/>\n<meta property=\"og:title\" content=\"Jumpsuit Selene - Samarali\" \/>\n<meta property=\"og:description\" content=\"Verbessern Sie Ihre Yoga-Praxis mit dem Jumpsuit Selene. Es ist aus atmungsaktivem, dehnbarem Stoff gefertigt und bietet die perfekte Balance zwischen Stil und Komfort.\" \/>\n<meta property=\"og:url\" content=\"https:\/\/samarali.com\/de\/produkt\/jumpsuit-selene\/\" \/>\n<meta property=\"og:site_name\" content=\"Samarali\" \/>\n<meta property=\"article:publisher\" content=\"https:\/\/www.facebook.com\/samaraliyoga\" \/>\n<meta property=\"article:modified_time\" content=\"2025-01-06T12:42:50+00:00\" \/>\n<meta property=\"og:image\" content=\"https:\/\/samarali.com\/wp-content\/uploads\/2024\/08\/Jumpsuit-Selene-S-M-8-600x600-1.jpg\" \/>\n\t<meta property=\"og:image:width\" content=\"600\" \/>\n\t<meta property=\"og:image:height\" content=\"600\" \/>\n\t<meta property=\"og:image:type\" content=\"image\/jpeg\" \/>\n<meta name=\"twitter:card\" content=\"summary_large_image\" \/>\n<meta name=\"twitter:label1\" content=\"Verf\u00fcgbarkeit\" \/>\n\t<meta name=\"twitter:data1\" content=\"Auf Lager\" \/>\n<script type=\"application\/ld+json\" class=\"yoast-schema-graph\">{\"@context\":\"https:\\\/\\\/schema.org\",\"@graph\":[{\"@type\":\"WebPage\",\"@id\":\"https:\\\/\\\/samarali.com\\\/de\\\/produkt\\\/jumpsuit-selene\\\/\",\"url\":\"https:\\\/\\\/samarali.com\\\/de\\\/produkt\\\/jumpsuit-selene\\\/\",\"name\":\"Jumpsuit Selene - Samarali\",\"isPartOf\":{\"@id\":\"https:\\\/\\\/samarali.com\\\/de\\\/#website\"},\"primaryImageOfPage\":{\"@id\":\"https:\\\/\\\/samarali.com\\\/de\\\/produkt\\\/jumpsuit-selene\\\/#primaryimage\"},\"image\":{\"@id\":\"https:\\\/\\\/samarali.com\\\/de\\\/produkt\\\/jumpsuit-selene\\\/#primaryimage\"},\"thumbnailUrl\":\"https:\\\/\\\/samarali.com\\\/wp-content\\\/uploads\\\/2024\\\/08\\\/Jumpsuit-Selene-S-M-8-600x600-1.jpg\",\"datePublished\":\"2024-08-08T07:48:24+00:00\",\"dateModified\":\"2025-01-06T12:42:50+00:00\",\"description\":\"Verbessern Sie Ihre Yoga-Praxis mit dem Jumpsuit Selene. Es ist aus atmungsaktivem, dehnbarem Stoff gefertigt und bietet die perfekte Balance zwischen Stil und Komfort.\",\"breadcrumb\":{\"@id\":\"https:\\\/\\\/samarali.com\\\/de\\\/produkt\\\/jumpsuit-selene\\\/#breadcrumb\"},\"inLanguage\":\"de\",\"potentialAction\":[{\"@type\":\"ReadAction\",\"target\":[\"https:\\\/\\\/samarali.com\\\/de\\\/produkt\\\/jumpsuit-selene\\\/\"]}]},{\"@type\":\"ImageObject\",\"inLanguage\":\"de\",\"@id\":\"https:\\\/\\\/samarali.com\\\/de\\\/produkt\\\/jumpsuit-selene\\\/#primaryimage\",\"url\":\"https:\\\/\\\/samarali.com\\\/wp-content\\\/uploads\\\/2024\\\/08\\\/Jumpsuit-Selene-S-M-8-600x600-1.jpg\",\"contentUrl\":\"https:\\\/\\\/samarali.com\\\/wp-content\\\/uploads\\\/2024\\\/08\\\/Jumpsuit-Selene-S-M-8-600x600-1.jpg\",\"width\":600,\"height\":600,\"caption\":\"Jumpsuit Selene S M 8 600x600 1\"},{\"@type\":\"BreadcrumbList\",\"@id\":\"https:\\\/\\\/samarali.com\\\/de\\\/produkt\\\/jumpsuit-selene\\\/#breadcrumb\",\"itemListElement\":[{\"@type\":\"ListItem\",\"position\":1,\"name\":\"Startseite\",\"item\":\"https:\\\/\\\/samarali.com\\\/de\\\/startseite\\\/\"},{\"@type\":\"ListItem\",\"position\":2,\"name\":\"Shop\",\"item\":\"https:\\\/\\\/samarali.com\\\/de\\\/shop\\\/\"},{\"@type\":\"ListItem\",\"position\":3,\"name\":\"Jumpsuit Selene\"}]},{\"@type\":\"WebSite\",\"@id\":\"https:\\\/\\\/samarali.com\\\/de\\\/#website\",\"url\":\"https:\\\/\\\/samarali.com\\\/de\\\/\",\"name\":\"Samarali\",\"description\":\"Samarali ist eine nachhaltige Yoga- und Lifestyle-Marke mit Sitz in den Niederlanden\",\"publisher\":{\"@id\":\"https:\\\/\\\/samarali.com\\\/de\\\/#organization\"},\"potentialAction\":[{\"@type\":\"SearchAction\",\"target\":{\"@type\":\"EntryPoint\",\"urlTemplate\":\"https:\\\/\\\/samarali.com\\\/de\\\/?s={search_term_string}\"},\"query-input\":{\"@type\":\"PropertyValueSpecification\",\"valueRequired\":true,\"valueName\":\"search_term_string\"}}],\"inLanguage\":\"de\"},{\"@type\":\"Organization\",\"@id\":\"https:\\\/\\\/samarali.com\\\/de\\\/#organization\",\"name\":\"Samarali\",\"url\":\"https:\\\/\\\/samarali.com\\\/de\\\/\",\"logo\":{\"@type\":\"ImageObject\",\"inLanguage\":\"de\",\"@id\":\"https:\\\/\\\/samarali.com\\\/de\\\/#\\\/schema\\\/logo\\\/image\\\/\",\"url\":\"https:\\\/\\\/samarali.com\\\/wp-content\\\/uploads\\\/2024\\\/05\\\/cropped-samarali-icon.png\",\"contentUrl\":\"https:\\\/\\\/samarali.com\\\/wp-content\\\/uploads\\\/2024\\\/05\\\/cropped-samarali-icon.png\",\"width\":512,\"height\":512,\"caption\":\"Samarali\"},\"image\":{\"@id\":\"https:\\\/\\\/samarali.com\\\/de\\\/#\\\/schema\\\/logo\\\/image\\\/\"},\"sameAs\":[\"https:\\\/\\\/www.facebook.com\\\/samaraliyoga\",\"https:\\\/\\\/www.linkedin.com\\\/company\\\/69563155\\\/\",\"https:\\\/\\\/www.instagram.com\\\/samaraliyoga\\\/\",\"https:\\\/\\\/nl.pinterest.com\\\/Samaraliyoga\\\/\"],\"description\":\"Samarali is a sustainable yoga and lifestyle brand based in the Netherlands\",\"email\":\"info@samarali.com\",\"legalName\":\"Samarali B.V.\",\"vatID\":\"NL859820324B01\",\"numberOfEmployees\":{\"@type\":\"QuantitativeValue\",\"minValue\":\"1\",\"maxValue\":\"10\"}}]}<\/script>\n<meta property=\"og:availability\" content=\"instock\" \/>\n<meta property=\"product:availability\" content=\"instock\" \/>\n<meta property=\"product:condition\" content=\"new\" \/>\n<!-- \/ Yoast SEO Premium plugin. -->","yoast_head_json":{"title":"Jumpsuit Selene - Samarali","description":"Verbessern Sie Ihre Yoga-Praxis mit dem Jumpsuit Selene. Es ist aus atmungsaktivem, dehnbarem Stoff gefertigt und bietet die perfekte Balance zwischen Stil und Komfort.","robots":{"index":"index","follow":"follow","max-snippet":"max-snippet:-1","max-image-preview":"max-image-preview:large","max-video-preview":"max-video-preview:-1"},"canonical":"https:\/\/samarali.com\/de\/produkt\/jumpsuit-selene\/","og_locale":"de_DE","og_type":"article","og_title":"Jumpsuit Selene - Samarali","og_description":"Verbessern Sie Ihre Yoga-Praxis mit dem Jumpsuit Selene. Es ist aus atmungsaktivem, dehnbarem Stoff gefertigt und bietet die perfekte Balance zwischen Stil und Komfort.","og_url":"https:\/\/samarali.com\/de\/produkt\/jumpsuit-selene\/","og_site_name":"Samarali","article_publisher":"https:\/\/www.facebook.com\/samaraliyoga","article_modified_time":"2025-01-06T12:42:50+00:00","og_image":[{"width":600,"height":600,"url":"https:\/\/samarali.com\/wp-content\/uploads\/2024\/08\/Jumpsuit-Selene-S-M-8-600x600-1.jpg","type":"image\/jpeg"}],"twitter_card":"summary_large_image","twitter_misc":{"Verf\u00fcgbarkeit":"Auf Lager"},"schema":{"@context":"https:\/\/schema.org","@graph":[{"@type":"WebPage","@id":"https:\/\/samarali.com\/de\/produkt\/jumpsuit-selene\/","url":"https:\/\/samarali.com\/de\/produkt\/jumpsuit-selene\/","name":"Jumpsuit Selene - Samarali","isPartOf":{"@id":"https:\/\/samarali.com\/de\/#website"},"primaryImageOfPage":{"@id":"https:\/\/samarali.com\/de\/produkt\/jumpsuit-selene\/#primaryimage"},"image":{"@id":"https:\/\/samarali.com\/de\/produkt\/jumpsuit-selene\/#primaryimage"},"thumbnailUrl":"https:\/\/samarali.com\/wp-content\/uploads\/2024\/08\/Jumpsuit-Selene-S-M-8-600x600-1.jpg","datePublished":"2024-08-08T07:48:24+00:00","dateModified":"2025-01-06T12:42:50+00:00","description":"Verbessern Sie Ihre Yoga-Praxis mit dem Jumpsuit Selene. Es ist aus atmungsaktivem, dehnbarem Stoff gefertigt und bietet die perfekte Balance zwischen Stil und Komfort.","breadcrumb":{"@id":"https:\/\/samarali.com\/de\/produkt\/jumpsuit-selene\/#breadcrumb"},"inLanguage":"de","potentialAction":[{"@type":"ReadAction","target":["https:\/\/samarali.com\/de\/produkt\/jumpsuit-selene\/"]}]},{"@type":"ImageObject","inLanguage":"de","@id":"https:\/\/samarali.com\/de\/produkt\/jumpsuit-selene\/#primaryimage","url":"https:\/\/samarali.com\/wp-content\/uploads\/2024\/08\/Jumpsuit-Selene-S-M-8-600x600-1.jpg","contentUrl":"https:\/\/samarali.com\/wp-content\/uploads\/2024\/08\/Jumpsuit-Selene-S-M-8-600x600-1.jpg","width":600,"height":600,"caption":"Jumpsuit Selene S M 8 600x600 1"},{"@type":"BreadcrumbList","@id":"https:\/\/samarali.com\/de\/produkt\/jumpsuit-selene\/#breadcrumb","itemListElement":[{"@type":"ListItem","position":1,"name":"Startseite","item":"https:\/\/samarali.com\/de\/startseite\/"},{"@type":"ListItem","position":2,"name":"Shop","item":"https:\/\/samarali.com\/de\/shop\/"},{"@type":"ListItem","position":3,"name":"Jumpsuit Selene"}]},{"@type":"WebSite","@id":"https:\/\/samarali.com\/de\/#website","url":"https:\/\/samarali.com\/de\/","name":"Samarali","description":"Samarali ist eine nachhaltige Yoga- und Lifestyle-Marke mit Sitz in den Niederlanden","publisher":{"@id":"https:\/\/samarali.com\/de\/#organization"},"potentialAction":[{"@type":"SearchAction","target":{"@type":"EntryPoint","urlTemplate":"https:\/\/samarali.com\/de\/?s={search_term_string}"},"query-input":{"@type":"PropertyValueSpecification","valueRequired":true,"valueName":"search_term_string"}}],"inLanguage":"de"},{"@type":"Organization","@id":"https:\/\/samarali.com\/de\/#organization","name":"Samarali","url":"https:\/\/samarali.com\/de\/","logo":{"@type":"ImageObject","inLanguage":"de","@id":"https:\/\/samarali.com\/de\/#\/schema\/logo\/image\/","url":"https:\/\/samarali.com\/wp-content\/uploads\/2024\/05\/cropped-samarali-icon.png","contentUrl":"https:\/\/samarali.com\/wp-content\/uploads\/2024\/05\/cropped-samarali-icon.png","width":512,"height":512,"caption":"Samarali"},"image":{"@id":"https:\/\/samarali.com\/de\/#\/schema\/logo\/image\/"},"sameAs":["https:\/\/www.facebook.com\/samaraliyoga","https:\/\/www.linkedin.com\/company\/69563155\/","https:\/\/www.instagram.com\/samaraliyoga\/","https:\/\/nl.pinterest.com\/Samaraliyoga\/"],"description":"Samarali is a sustainable yoga and lifestyle brand based in the Netherlands","email":"info@samarali.com","legalName":"Samarali B.V.","vatID":"NL859820324B01","numberOfEmployees":{"@type":"QuantitativeValue","minValue":"1","maxValue":"10"}}]},"og_availability":"instock","product_availability":"instock","product_condition":"new"},"jetpack_sharing_enabled":true,"_links":{"self":[{"href":"https:\/\/samarali.com\/de\/wp-json\/wp\/v2\/product\/27797","targetHints":{"allow":["GET"]}}],"collection":[{"href":"https:\/\/samarali.com\/de\/wp-json\/wp\/v2\/product"}],"about":[{"href":"https:\/\/samarali.com\/de\/wp-json\/wp\/v2\/types\/product"}],"replies":[{"embeddable":true,"href":"https:\/\/samarali.com\/de\/wp-json\/wp\/v2\/comments?post=27797"}],"version-history":[{"count":1,"href":"https:\/\/samarali.com\/de\/wp-json\/wp\/v2\/product\/27797\/revisions"}],"predecessor-version":[{"id":32831,"href":"https:\/\/samarali.com\/de\/wp-json\/wp\/v2\/product\/27797\/revisions\/32831"}],"wp:featuredmedia":[{"embeddable":true,"href":"https:\/\/samarali.com\/de\/wp-json\/wp\/v2\/media\/23439"}],"wp:attachment":[{"href":"https:\/\/samarali.com\/de\/wp-json\/wp\/v2\/media?parent=27797"}],"wp:term":[{"taxonomy":"product_cat","embeddable":true,"href":"https:\/\/samarali.com\/de\/wp-json\/wp\/v2\/product_cat?post=27797"},{"taxonomy":"product_tag","embeddable":true,"href":"https:\/\/samarali.com\/de\/wp-json\/wp\/v2\/product_tag?post=27797"}],"curies":[{"name":"wp","href":"https:\/\/api.w.org\/{rel}","templated":true}]}}