{"id":27781,"date":"2024-08-08T10:04:24","date_gmt":"2024-08-08T08:04:24","guid":{"rendered":"https:\/\/samarali.com\/product\/jumpsuit-serenity\/"},"modified":"2024-08-08T10:04:24","modified_gmt":"2024-08-08T10:04:24","slug":"jumpsuit-serenity","status":"publish","type":"product","link":"https:\/\/samarali.com\/de\/produkt\/jumpsuit-serenity\/","title":{"rendered":"Jumpsuit Serenity"},"content":{"rendered":"<p>Unsere Jumpsuit-Kollektion wurde mit Bedacht f\u00fcr alle Arten von Yoga, Fitness\u00fcbungen und Alltagskleidung entworfen.<br \/>\nDiese neuen Jumpsuits werden unter ethischen Gesichtspunkten in der Ukraine hergestellt und bestehen aus OEKO-Tex-zertifiziertem Stoff.<br \/>\nDank der Weichheit und Dehnbarkeit des Stoffes sind diese Jumpsuits angenehm zu tragen, egal ob Sie langsame oder aktive Yoga- und Fitness\u00fcbungen machen.<br \/>\nIm Gegensatz zu anderer Sportkleidung, bei der Sie Ihre Hosen oder Shorts w\u00e4hrend intensiver Workouts wie Power Yoga st\u00e4ndig anpassen m\u00fcssen, bleiben unsere Jumpsuits perfekt an ihrem Platz, so dass Sie sich ohne Ablenkung frei bewegen k\u00f6nnen.<br \/>\nAu\u00dferdem ist das baumwollreiche Material atmungsaktiv und bietet selbst bei den anspruchsvollsten \u00dcbungen maximalen Komfort.      <strong>Modellgr\u00f6\u00dfen:<\/strong><\/p>\n<ul>\n<li>F\u00fcr Gr\u00f6\u00dfe L: H\u00f6he 173, 102 x 82 x 112 (Oberweite x Taille x H\u00fcfte)<\/li>\n<li>F\u00fcr Gr\u00f6\u00dfe XS: K\u00f6rpergr\u00f6\u00dfe 165, 81 x 62 x 90 (Oberweite x Taille x H\u00fcfte)<\/li>\n<\/ul>\n<p><strong>Waschanleitung:<\/strong><\/p>\n<ul>\n<li>Mit \u00e4hnlichen Farben waschen<\/li>\n<li>Waschen Sie es in kaltem Wasser (bis zu 30\u00b0C) im Schonwaschgang.<\/li>\n<\/ul>\n","protected":false},"excerpt":{"rendered":"<p>Unsere Jumpsuit-Kollektion wurde mit Bedacht f\u00fcr alle Arten von Yoga, Fitness\u00fcbungen und Alltagskleidung entworfen. Diese neuen Jumpsuits werden unter ethischen Gesichtspunkten in der Ukraine hergestellt und bestehen aus OEKO-Tex-zertifiziertem Stoff. Dank der Weichheit und Dehnbarkeit des Stoffes sind diese Jumpsuits angenehm zu tragen, egal ob Sie langsame oder aktive Yoga- und Fitness\u00fcbungen machen. Im Gegensatz [&hellip;]<\/p>\n","protected":false},"featured_media":23515,"comment_status":"open","ping_status":"closed","template":"","meta":{"_acf_changed":false,"_improvement_type_select":"improve_an_existing","_thumb_yes_seoaic":false,"_frame_yes_seoaic":false,"seoaic_generate_description":"","seoaic_improve_instructions_prompt":"","seoaic_rollback_content_improvement":"","seoaic_idea_thumbnail_generator":"","thumbnail_generated":false,"thumbnail_generate_prompt":"","seoaic_article_description":"","inline_featured_image":false},"product_cat":[218],"product_tag":[],"class_list":{"0":"post-27781","1":"product","2":"type-product","3":"status-publish","4":"has-post-thumbnail","6":"product_cat-kleidung","8":"first","9":"instock","10":"shipping-taxable","11":"purchasable","12":"product-type-variable"},"acf":[],"yoast_head":"<!-- This site is optimized with the Yoast SEO Premium plugin v27.3 (Yoast SEO v27.3) - https:\/\/yoast.com\/product\/yoast-seo-premium-wordpress\/ -->\n<title>Jumpsuit Serenity - Samarali<\/title>\n<meta name=\"robots\" content=\"index, follow, max-snippet:-1, max-image-preview:large, max-video-preview:-1\" \/>\n<link rel=\"canonical\" href=\"https:\/\/samarali.com\/de\/produkt\/jumpsuit-serenity\/\" \/>\n<meta property=\"og:locale\" content=\"de_DE\" \/>\n<meta property=\"og:type\" content=\"article\" \/>\n<meta property=\"og:title\" content=\"Jumpsuit Serenity - Samarali\" \/>\n<meta property=\"og:description\" content=\"Unsere Jumpsuit-Kollektion wurde mit Bedacht f\u00fcr alle Arten von Yoga, Fitness\u00fcbungen und Alltagskleidung entworfen. Diese neuen Jumpsuits werden unter ethischen Gesichtspunkten in der Ukraine hergestellt und bestehen aus OEKO-Tex-zertifiziertem Stoff. Dank der Weichheit und Dehnbarkeit des Stoffes sind diese Jumpsuits angenehm zu tragen, egal ob Sie langsame oder aktive Yoga- und Fitness\u00fcbungen machen. Im Gegensatz [&hellip;]\" \/>\n<meta property=\"og:url\" content=\"https:\/\/samarali.com\/de\/produkt\/jumpsuit-serenity\/\" \/>\n<meta property=\"og:site_name\" content=\"Samarali\" \/>\n<meta property=\"article:publisher\" content=\"https:\/\/www.facebook.com\/samaraliyoga\" \/>\n<meta property=\"article:modified_time\" content=\"2024-08-08T10:04:24+00:00\" \/>\n<meta property=\"og:image\" content=\"https:\/\/samarali.com\/wp-content\/uploads\/2024\/08\/Serenity-blue-S-M-6-600x600-1.jpg\" \/>\n\t<meta property=\"og:image:width\" content=\"600\" \/>\n\t<meta property=\"og:image:height\" content=\"600\" \/>\n\t<meta property=\"og:image:type\" content=\"image\/jpeg\" \/>\n<meta name=\"twitter:card\" content=\"summary_large_image\" \/>\n<meta name=\"twitter:label1\" content=\"Verf\u00fcgbarkeit\" \/>\n\t<meta name=\"twitter:data1\" content=\"Auf Lager\" \/>\n<script type=\"application\/ld+json\" class=\"yoast-schema-graph\">{\"@context\":\"https:\\\/\\\/schema.org\",\"@graph\":[{\"@type\":\"WebPage\",\"@id\":\"https:\\\/\\\/samarali.com\\\/de\\\/produkt\\\/jumpsuit-serenity\\\/\",\"url\":\"https:\\\/\\\/samarali.com\\\/de\\\/produkt\\\/jumpsuit-serenity\\\/\",\"name\":\"Jumpsuit Serenity - Samarali\",\"isPartOf\":{\"@id\":\"https:\\\/\\\/samarali.com\\\/de\\\/#website\"},\"primaryImageOfPage\":{\"@id\":\"https:\\\/\\\/samarali.com\\\/de\\\/produkt\\\/jumpsuit-serenity\\\/#primaryimage\"},\"image\":{\"@id\":\"https:\\\/\\\/samarali.com\\\/de\\\/produkt\\\/jumpsuit-serenity\\\/#primaryimage\"},\"thumbnailUrl\":\"https:\\\/\\\/samarali.com\\\/wp-content\\\/uploads\\\/2024\\\/08\\\/Serenity-blue-S-M-6-600x600-1.jpg\",\"datePublished\":\"2024-08-08T08:04:24+00:00\",\"dateModified\":\"2024-08-08T10:04:24+00:00\",\"breadcrumb\":{\"@id\":\"https:\\\/\\\/samarali.com\\\/de\\\/produkt\\\/jumpsuit-serenity\\\/#breadcrumb\"},\"inLanguage\":\"de\",\"potentialAction\":[{\"@type\":\"ReadAction\",\"target\":[\"https:\\\/\\\/samarali.com\\\/de\\\/produkt\\\/jumpsuit-serenity\\\/\"]}]},{\"@type\":\"ImageObject\",\"inLanguage\":\"de\",\"@id\":\"https:\\\/\\\/samarali.com\\\/de\\\/produkt\\\/jumpsuit-serenity\\\/#primaryimage\",\"url\":\"https:\\\/\\\/samarali.com\\\/wp-content\\\/uploads\\\/2024\\\/08\\\/Serenity-blue-S-M-6-600x600-1.jpg\",\"contentUrl\":\"https:\\\/\\\/samarali.com\\\/wp-content\\\/uploads\\\/2024\\\/08\\\/Serenity-blue-S-M-6-600x600-1.jpg\",\"width\":600,\"height\":600,\"caption\":\"Serenity blue S M 6 600x600 1\"},{\"@type\":\"BreadcrumbList\",\"@id\":\"https:\\\/\\\/samarali.com\\\/de\\\/produkt\\\/jumpsuit-serenity\\\/#breadcrumb\",\"itemListElement\":[{\"@type\":\"ListItem\",\"position\":1,\"name\":\"Startseite\",\"item\":\"https:\\\/\\\/samarali.com\\\/de\\\/startseite\\\/\"},{\"@type\":\"ListItem\",\"position\":2,\"name\":\"Shop\",\"item\":\"https:\\\/\\\/samarali.com\\\/de\\\/shop\\\/\"},{\"@type\":\"ListItem\",\"position\":3,\"name\":\"Jumpsuit Serenity\"}]},{\"@type\":\"WebSite\",\"@id\":\"https:\\\/\\\/samarali.com\\\/de\\\/#website\",\"url\":\"https:\\\/\\\/samarali.com\\\/de\\\/\",\"name\":\"Samarali\",\"description\":\"Samarali ist eine nachhaltige Yoga- und Lifestyle-Marke mit Sitz in den Niederlanden\",\"publisher\":{\"@id\":\"https:\\\/\\\/samarali.com\\\/de\\\/#organization\"},\"potentialAction\":[{\"@type\":\"SearchAction\",\"target\":{\"@type\":\"EntryPoint\",\"urlTemplate\":\"https:\\\/\\\/samarali.com\\\/de\\\/?s={search_term_string}\"},\"query-input\":{\"@type\":\"PropertyValueSpecification\",\"valueRequired\":true,\"valueName\":\"search_term_string\"}}],\"inLanguage\":\"de\"},{\"@type\":\"Organization\",\"@id\":\"https:\\\/\\\/samarali.com\\\/de\\\/#organization\",\"name\":\"Samarali\",\"url\":\"https:\\\/\\\/samarali.com\\\/de\\\/\",\"logo\":{\"@type\":\"ImageObject\",\"inLanguage\":\"de\",\"@id\":\"https:\\\/\\\/samarali.com\\\/de\\\/#\\\/schema\\\/logo\\\/image\\\/\",\"url\":\"https:\\\/\\\/samarali.com\\\/wp-content\\\/uploads\\\/2024\\\/05\\\/cropped-samarali-icon.png\",\"contentUrl\":\"https:\\\/\\\/samarali.com\\\/wp-content\\\/uploads\\\/2024\\\/05\\\/cropped-samarali-icon.png\",\"width\":512,\"height\":512,\"caption\":\"Samarali\"},\"image\":{\"@id\":\"https:\\\/\\\/samarali.com\\\/de\\\/#\\\/schema\\\/logo\\\/image\\\/\"},\"sameAs\":[\"https:\\\/\\\/www.facebook.com\\\/samaraliyoga\",\"https:\\\/\\\/www.linkedin.com\\\/company\\\/69563155\\\/\",\"https:\\\/\\\/www.instagram.com\\\/samaraliyoga\\\/\",\"https:\\\/\\\/nl.pinterest.com\\\/Samaraliyoga\\\/\"],\"description\":\"Samarali is a sustainable yoga and lifestyle brand based in the Netherlands\",\"email\":\"info@samarali.com\",\"legalName\":\"Samarali B.V.\",\"vatID\":\"NL859820324B01\",\"numberOfEmployees\":{\"@type\":\"QuantitativeValue\",\"minValue\":\"1\",\"maxValue\":\"10\"}}]}<\/script>\n<meta property=\"og:availability\" content=\"instock\" \/>\n<meta property=\"product:availability\" content=\"instock\" \/>\n<meta property=\"product:condition\" content=\"new\" \/>\n<!-- \/ Yoast SEO Premium plugin. -->","yoast_head_json":{"title":"Jumpsuit Serenity - Samarali","robots":{"index":"index","follow":"follow","max-snippet":"max-snippet:-1","max-image-preview":"max-image-preview:large","max-video-preview":"max-video-preview:-1"},"canonical":"https:\/\/samarali.com\/de\/produkt\/jumpsuit-serenity\/","og_locale":"de_DE","og_type":"article","og_title":"Jumpsuit Serenity - Samarali","og_description":"Unsere Jumpsuit-Kollektion wurde mit Bedacht f\u00fcr alle Arten von Yoga, Fitness\u00fcbungen und Alltagskleidung entworfen. Diese neuen Jumpsuits werden unter ethischen Gesichtspunkten in der Ukraine hergestellt und bestehen aus OEKO-Tex-zertifiziertem Stoff. Dank der Weichheit und Dehnbarkeit des Stoffes sind diese Jumpsuits angenehm zu tragen, egal ob Sie langsame oder aktive Yoga- und Fitness\u00fcbungen machen. Im Gegensatz [&hellip;]","og_url":"https:\/\/samarali.com\/de\/produkt\/jumpsuit-serenity\/","og_site_name":"Samarali","article_publisher":"https:\/\/www.facebook.com\/samaraliyoga","article_modified_time":"2024-08-08T10:04:24+00:00","og_image":[{"width":600,"height":600,"url":"https:\/\/samarali.com\/wp-content\/uploads\/2024\/08\/Serenity-blue-S-M-6-600x600-1.jpg","type":"image\/jpeg"}],"twitter_card":"summary_large_image","twitter_misc":{"Verf\u00fcgbarkeit":"Auf Lager"},"schema":{"@context":"https:\/\/schema.org","@graph":[{"@type":"WebPage","@id":"https:\/\/samarali.com\/de\/produkt\/jumpsuit-serenity\/","url":"https:\/\/samarali.com\/de\/produkt\/jumpsuit-serenity\/","name":"Jumpsuit Serenity - Samarali","isPartOf":{"@id":"https:\/\/samarali.com\/de\/#website"},"primaryImageOfPage":{"@id":"https:\/\/samarali.com\/de\/produkt\/jumpsuit-serenity\/#primaryimage"},"image":{"@id":"https:\/\/samarali.com\/de\/produkt\/jumpsuit-serenity\/#primaryimage"},"thumbnailUrl":"https:\/\/samarali.com\/wp-content\/uploads\/2024\/08\/Serenity-blue-S-M-6-600x600-1.jpg","datePublished":"2024-08-08T08:04:24+00:00","dateModified":"2024-08-08T10:04:24+00:00","breadcrumb":{"@id":"https:\/\/samarali.com\/de\/produkt\/jumpsuit-serenity\/#breadcrumb"},"inLanguage":"de","potentialAction":[{"@type":"ReadAction","target":["https:\/\/samarali.com\/de\/produkt\/jumpsuit-serenity\/"]}]},{"@type":"ImageObject","inLanguage":"de","@id":"https:\/\/samarali.com\/de\/produkt\/jumpsuit-serenity\/#primaryimage","url":"https:\/\/samarali.com\/wp-content\/uploads\/2024\/08\/Serenity-blue-S-M-6-600x600-1.jpg","contentUrl":"https:\/\/samarali.com\/wp-content\/uploads\/2024\/08\/Serenity-blue-S-M-6-600x600-1.jpg","width":600,"height":600,"caption":"Serenity blue S M 6 600x600 1"},{"@type":"BreadcrumbList","@id":"https:\/\/samarali.com\/de\/produkt\/jumpsuit-serenity\/#breadcrumb","itemListElement":[{"@type":"ListItem","position":1,"name":"Startseite","item":"https:\/\/samarali.com\/de\/startseite\/"},{"@type":"ListItem","position":2,"name":"Shop","item":"https:\/\/samarali.com\/de\/shop\/"},{"@type":"ListItem","position":3,"name":"Jumpsuit Serenity"}]},{"@type":"WebSite","@id":"https:\/\/samarali.com\/de\/#website","url":"https:\/\/samarali.com\/de\/","name":"Samarali","description":"Samarali ist eine nachhaltige Yoga- und Lifestyle-Marke mit Sitz in den Niederlanden","publisher":{"@id":"https:\/\/samarali.com\/de\/#organization"},"potentialAction":[{"@type":"SearchAction","target":{"@type":"EntryPoint","urlTemplate":"https:\/\/samarali.com\/de\/?s={search_term_string}"},"query-input":{"@type":"PropertyValueSpecification","valueRequired":true,"valueName":"search_term_string"}}],"inLanguage":"de"},{"@type":"Organization","@id":"https:\/\/samarali.com\/de\/#organization","name":"Samarali","url":"https:\/\/samarali.com\/de\/","logo":{"@type":"ImageObject","inLanguage":"de","@id":"https:\/\/samarali.com\/de\/#\/schema\/logo\/image\/","url":"https:\/\/samarali.com\/wp-content\/uploads\/2024\/05\/cropped-samarali-icon.png","contentUrl":"https:\/\/samarali.com\/wp-content\/uploads\/2024\/05\/cropped-samarali-icon.png","width":512,"height":512,"caption":"Samarali"},"image":{"@id":"https:\/\/samarali.com\/de\/#\/schema\/logo\/image\/"},"sameAs":["https:\/\/www.facebook.com\/samaraliyoga","https:\/\/www.linkedin.com\/company\/69563155\/","https:\/\/www.instagram.com\/samaraliyoga\/","https:\/\/nl.pinterest.com\/Samaraliyoga\/"],"description":"Samarali is a sustainable yoga and lifestyle brand based in the Netherlands","email":"info@samarali.com","legalName":"Samarali B.V.","vatID":"NL859820324B01","numberOfEmployees":{"@type":"QuantitativeValue","minValue":"1","maxValue":"10"}}]},"og_availability":"instock","product_availability":"instock","product_condition":"new"},"jetpack_sharing_enabled":true,"_links":{"self":[{"href":"https:\/\/samarali.com\/de\/wp-json\/wp\/v2\/product\/27781","targetHints":{"allow":["GET"]}}],"collection":[{"href":"https:\/\/samarali.com\/de\/wp-json\/wp\/v2\/product"}],"about":[{"href":"https:\/\/samarali.com\/de\/wp-json\/wp\/v2\/types\/product"}],"replies":[{"embeddable":true,"href":"https:\/\/samarali.com\/de\/wp-json\/wp\/v2\/comments?post=27781"}],"version-history":[{"count":0,"href":"https:\/\/samarali.com\/de\/wp-json\/wp\/v2\/product\/27781\/revisions"}],"wp:featuredmedia":[{"embeddable":true,"href":"https:\/\/samarali.com\/de\/wp-json\/wp\/v2\/media\/23515"}],"wp:attachment":[{"href":"https:\/\/samarali.com\/de\/wp-json\/wp\/v2\/media?parent=27781"}],"wp:term":[{"taxonomy":"product_cat","embeddable":true,"href":"https:\/\/samarali.com\/de\/wp-json\/wp\/v2\/product_cat?post=27781"},{"taxonomy":"product_tag","embeddable":true,"href":"https:\/\/samarali.com\/de\/wp-json\/wp\/v2\/product_tag?post=27781"}],"curies":[{"name":"wp","href":"https:\/\/api.w.org\/{rel}","templated":true}]}}