{"id":37117,"date":"2026-02-16T14:09:19","date_gmt":"2026-02-16T13:09:19","guid":{"rendered":"https:\/\/samarali.com\/gastposting\/"},"modified":"2026-02-16T14:35:54","modified_gmt":"2026-02-16T13:35:54","slug":"gastposting","status":"publish","type":"page","link":"https:\/\/samarali.com\/de\/gastposting\/","title":{"rendered":"Exklusive Gastbeitr\u00e4ge bei Samarali"},"content":{"rendered":"\t\t<div data-elementor-type=\"wp-page\" data-elementor-id=\"37117\" class=\"elementor elementor-37117 elementor-37111\">\n\t\t\t\t<div class=\"elementor-element elementor-element-5d67f91d e-flex e-con-boxed e-con e-parent\" data-id=\"5d67f91d\" data-element_type=\"container\">\n\t\t\t\t\t<div class=\"e-con-inner\">\n\t\t\t\t<div class=\"elementor-element elementor-element-69ba2c7 elementor-widget elementor-widget-text-editor\" data-id=\"69ba2c7\" data-element_type=\"widget\" data-widget_type=\"text-editor.default\">\n\t\t\t\t<div class=\"elementor-widget-container\">\n\t\t\t\t\t\t\t\t\t<p>\nSamarali akzeptiert exklusive, hochwertige Gastbeitr\u00e4ge f\u00fcr unsere Website.  \nWir legen Wert auf originelle, gut recherchierte Inhalte, die unserem Publikum einen echten Mehrwert bieten.\n<\/p>\n\n<h3>Einreichungsrichtlinien<\/h3>\n<p>\nAlle Einsendungen m\u00fcssen:\n<\/p>\n\n<ul>\n  <li>Original und professionell in Englisch verfasst sein (weitere Sprachen optional: FR, DE, SE, NL)<\/li>\n  <li>Bieten Sie aufschlussreiche, gut recherchierte Inhalte<\/li>\n  <li>Seien Sie relevant, informativ, glaubw\u00fcrdig und nicht werblich<\/li>\n  <li>Halten Sie unsere redaktionellen Standards und Formatierungsregeln ein<\/li>\n  <li>Schlie\u00dfen Sie glaubw\u00fcrdige und vertrauensw\u00fcrdige Quellen ein<\/li>\n<\/ul>\n\n<p>\nDie Einsendungen werden von unserem Redaktionsteam gepr\u00fcft. Wir behalten uns das Recht vor, Inhalte, die nicht unseren Standards entsprechen, zu bearbeiten oder abzulehnen.  \nDie Ver\u00f6ffentlichung wird erst nach Genehmigung und Zahlungseingang best\u00e4tigt.\n<\/p>\n\n<h3>Investition &amp; Platzierung<\/h3>\n\n<table style=\"width:100%; border-collapse: collapse;\">\n  <thead>\n    <tr>\n      <th style=\"border:1px solid #ddd; padding:10px; text-align:left;\">Service<\/th>\n      <th style=\"border:1px solid #ddd; padding:10px; text-align:left;\">Geb\u00fchr (exkl. MwSt.)<\/th>\n    <\/tr>\n  <\/thead>\n  <tbody>\n    <tr>\n      <td style=\"border:1px solid #ddd; padding:10px;\">\n  Ver\u00f6ffentlichen Sie Gastinhalte auf Englisch mit 1 Backlink\n      <\/td>\n      <td style=\"border:1px solid #ddd; padding:10px;\">\n  \u20ac250\n      <\/td>\n    <\/tr>\n    <tr>\n      <td style=\"border:1px solid #ddd; padding:10px;\">\n  Ver\u00f6ffentlichen Sie in einer weiteren Sprache mit 1 Backlink\n      <\/td>\n      <td style=\"border:1px solid #ddd; padding:10px;\">\n  +\u20ac150 pro Sprache\n      <\/td>\n    <\/tr>\n    <tr>\n      <td style=\"border:1px solid #ddd; padding:10px;\">\n  1 Backlink zu bestehendem Inhalt hinzuf\u00fcgen\n      <\/td>\n      <td style=\"border:1px solid #ddd; padding:10px;\">\n  \u20ac100\n      <\/td>\n    <\/tr>\n  <\/tbody>\n<\/table>\n\n<ul>\n  <li>Die Mehrwertsteuer ist in der Rechnung enthalten.<\/li>\n  <li>Backlinks m\u00fcssen auf originale, hochwertige Websites verweisen; Spam oder doppelte Inhalte werden nicht akzeptiert.<\/li>\n  <li>Ver\u00f6ffentlichte Inhalte und Backlinks bleiben auf Samarali, solange die Seite existiert.<\/li>\n<\/ul>\n\n<h3>Wie Sie sich bewerben<\/h3>\n<p>\nZur Verf\u00fcgung stellen:\n<\/p>\n\n<ul>\n  <li>Vorgeschlagenes Thema oder URL f\u00fcr Backlink<\/li>\n  <li>Autorennachweise<\/li>\n  <li>Weitere gew\u00fcnschte Sprachen<\/li>\n<\/ul>\n\n<p>\nUnser Redaktionsteam wird Ihre Einsendung bewerten und die Platzierung best\u00e4tigen, um sicherzustellen, dass jeder Beitrag unseren hohen Anspr\u00fcchen gen\u00fcgt.  \nF\u00fcr weitere Fragen oder W\u00fcnsche senden Sie bitte eine E-Mail an  \n<a href=\"mailto:info@samarali.com\">info@samarali.com.<\/a>\n<\/p>\t\t\t\t\t\t\t\t<\/div>\n\t\t\t\t<\/div>\n\t\t\t\t\t<\/div>\n\t\t\t\t<\/div>\n\t\t\t\t<\/div>\n\t\t","protected":false},"excerpt":{"rendered":"<p>Samarali akzeptiert exklusive, hochwertige Gastbeitr\u00e4ge f\u00fcr unsere Website. Wir legen Wert auf originelle, gut recherchierte Inhalte, die unserem Publikum einen echten Mehrwert bieten. Einreichungsrichtlinien Alle Einsendungen m\u00fcssen: Original und professionell in Englisch verfasst sein (weitere Sprachen optional: FR, DE, SE, NL) Bieten Sie aufschlussreiche, gut recherchierte Inhalte Seien Sie relevant, informativ, glaubw\u00fcrdig und nicht werblich [&hellip;]<\/p>\n","protected":false},"author":4,"featured_media":0,"parent":0,"menu_order":0,"comment_status":"closed","ping_status":"closed","template":"","meta":{"_acf_changed":false,"_improvement_type_select":"improve_an_existing","_thumb_yes_seoaic":false,"_frame_yes_seoaic":false,"seoaic_generate_description":"","seoaic_improve_instructions_prompt":"","seoaic_rollback_content_improvement":"","seoaic_idea_thumbnail_generator":"","thumbnail_generated":false,"thumbnail_generate_prompt":"","seoaic_article_description":"","inline_featured_image":false,"footnotes":""},"class_list":["post-37117","page","type-page","status-publish","hentry"],"acf":[],"yoast_head":"<!-- This site is optimized with the Yoast SEO Premium plugin v27.4 (Yoast SEO v27.4) - https:\/\/yoast.com\/product\/yoast-seo-premium-wordpress\/ -->\n<title>Exklusive Gastbeitr\u00e4ge bei Samarali - Samarali<\/title>\n<meta name=\"robots\" content=\"index, follow, max-snippet:-1, max-image-preview:large, max-video-preview:-1\" \/>\n<link rel=\"canonical\" href=\"https:\/\/samarali.com\/de\/gastposting\/\" \/>\n<meta property=\"og:locale\" content=\"de_DE\" \/>\n<meta property=\"og:type\" content=\"article\" \/>\n<meta property=\"og:title\" content=\"Exklusive Gastbeitr\u00e4ge bei Samarali\" \/>\n<meta property=\"og:description\" content=\"Samarali akzeptiert exklusive, hochwertige Gastbeitr\u00e4ge f\u00fcr unsere Website. Wir legen Wert auf originelle, gut recherchierte Inhalte, die unserem Publikum einen echten Mehrwert bieten. Einreichungsrichtlinien Alle Einsendungen m\u00fcssen: Original und professionell in Englisch verfasst sein (weitere Sprachen optional: FR, DE, SE, NL) Bieten Sie aufschlussreiche, gut recherchierte Inhalte Seien Sie relevant, informativ, glaubw\u00fcrdig und nicht werblich [&hellip;]\" \/>\n<meta property=\"og:url\" content=\"https:\/\/samarali.com\/de\/gastposting\/\" \/>\n<meta property=\"og:site_name\" content=\"Samarali\" \/>\n<meta property=\"article:publisher\" content=\"https:\/\/www.facebook.com\/samaraliyoga\" \/>\n<meta property=\"article:modified_time\" content=\"2026-02-16T13:35:54+00:00\" \/>\n<meta property=\"og:image\" content=\"https:\/\/samarali.com\/wp-content\/uploads\/2024\/09\/Natural-rubber-yoga-mats-prune-and-dark-green_16.jpg\" \/>\n\t<meta property=\"og:image:width\" content=\"1000\" \/>\n\t<meta property=\"og:image:height\" content=\"1000\" \/>\n\t<meta property=\"og:image:type\" content=\"image\/jpeg\" \/>\n<meta name=\"twitter:card\" content=\"summary_large_image\" \/>\n<meta name=\"twitter:label1\" content=\"Gesch\u00e4tzte Lesezeit\" \/>\n\t<meta name=\"twitter:data1\" content=\"1\u00a0Minute\" \/>\n<script type=\"application\/ld+json\" class=\"yoast-schema-graph\">{\"@context\":\"https:\\\/\\\/schema.org\",\"@graph\":[{\"@type\":\"WebPage\",\"@id\":\"https:\\\/\\\/samarali.com\\\/de\\\/gastposting\\\/\",\"url\":\"https:\\\/\\\/samarali.com\\\/de\\\/gastposting\\\/\",\"name\":\"Exklusive Gastbeitr\u00e4ge bei Samarali - Samarali\",\"isPartOf\":{\"@id\":\"https:\\\/\\\/samarali.com\\\/de\\\/#website\"},\"datePublished\":\"2026-02-16T13:09:19+00:00\",\"dateModified\":\"2026-02-16T13:35:54+00:00\",\"breadcrumb\":{\"@id\":\"https:\\\/\\\/samarali.com\\\/de\\\/gastposting\\\/#breadcrumb\"},\"inLanguage\":\"de\",\"potentialAction\":[{\"@type\":\"ReadAction\",\"target\":[\"https:\\\/\\\/samarali.com\\\/de\\\/gastposting\\\/\"]}]},{\"@type\":\"BreadcrumbList\",\"@id\":\"https:\\\/\\\/samarali.com\\\/de\\\/gastposting\\\/#breadcrumb\",\"itemListElement\":[{\"@type\":\"ListItem\",\"position\":1,\"name\":\"Startseite\",\"item\":\"https:\\\/\\\/samarali.com\\\/de\\\/startseite\\\/\"},{\"@type\":\"ListItem\",\"position\":2,\"name\":\"Exklusive Gastbeitr\u00e4ge bei Samarali\"}]},{\"@type\":\"WebSite\",\"@id\":\"https:\\\/\\\/samarali.com\\\/de\\\/#website\",\"url\":\"https:\\\/\\\/samarali.com\\\/de\\\/\",\"name\":\"Samarali\",\"description\":\"Samarali ist eine nachhaltige Yoga- und Lifestyle-Marke mit Sitz in den Niederlanden\",\"publisher\":{\"@id\":\"https:\\\/\\\/samarali.com\\\/de\\\/#organization\"},\"potentialAction\":[{\"@type\":\"SearchAction\",\"target\":{\"@type\":\"EntryPoint\",\"urlTemplate\":\"https:\\\/\\\/samarali.com\\\/de\\\/?s={search_term_string}\"},\"query-input\":{\"@type\":\"PropertyValueSpecification\",\"valueRequired\":true,\"valueName\":\"search_term_string\"}}],\"inLanguage\":\"de\"},{\"@type\":\"Organization\",\"@id\":\"https:\\\/\\\/samarali.com\\\/de\\\/#organization\",\"name\":\"Samarali\",\"url\":\"https:\\\/\\\/samarali.com\\\/de\\\/\",\"logo\":{\"@type\":\"ImageObject\",\"inLanguage\":\"de\",\"@id\":\"https:\\\/\\\/samarali.com\\\/de\\\/#\\\/schema\\\/logo\\\/image\\\/\",\"url\":\"https:\\\/\\\/samarali.com\\\/wp-content\\\/uploads\\\/2024\\\/05\\\/cropped-samarali-icon.png\",\"contentUrl\":\"https:\\\/\\\/samarali.com\\\/wp-content\\\/uploads\\\/2024\\\/05\\\/cropped-samarali-icon.png\",\"width\":512,\"height\":512,\"caption\":\"Samarali\"},\"image\":{\"@id\":\"https:\\\/\\\/samarali.com\\\/de\\\/#\\\/schema\\\/logo\\\/image\\\/\"},\"sameAs\":[\"https:\\\/\\\/www.facebook.com\\\/samaraliyoga\",\"https:\\\/\\\/www.linkedin.com\\\/company\\\/69563155\\\/\",\"https:\\\/\\\/www.instagram.com\\\/samaraliyoga\\\/\",\"https:\\\/\\\/nl.pinterest.com\\\/Samaraliyoga\\\/\"],\"description\":\"Samarali is a sustainable yoga and lifestyle brand based in the Netherlands\",\"email\":\"info@samarali.com\",\"legalName\":\"Samarali B.V.\",\"vatID\":\"NL859820324B01\",\"numberOfEmployees\":{\"@type\":\"QuantitativeValue\",\"minValue\":\"1\",\"maxValue\":\"10\"}}]}<\/script>\n<!-- \/ Yoast SEO Premium plugin. -->","yoast_head_json":{"title":"Exklusive Gastbeitr\u00e4ge bei Samarali - Samarali","robots":{"index":"index","follow":"follow","max-snippet":"max-snippet:-1","max-image-preview":"max-image-preview:large","max-video-preview":"max-video-preview:-1"},"canonical":"https:\/\/samarali.com\/de\/gastposting\/","og_locale":"de_DE","og_type":"article","og_title":"Exklusive Gastbeitr\u00e4ge bei Samarali","og_description":"Samarali akzeptiert exklusive, hochwertige Gastbeitr\u00e4ge f\u00fcr unsere Website. Wir legen Wert auf originelle, gut recherchierte Inhalte, die unserem Publikum einen echten Mehrwert bieten. Einreichungsrichtlinien Alle Einsendungen m\u00fcssen: Original und professionell in Englisch verfasst sein (weitere Sprachen optional: FR, DE, SE, NL) Bieten Sie aufschlussreiche, gut recherchierte Inhalte Seien Sie relevant, informativ, glaubw\u00fcrdig und nicht werblich [&hellip;]","og_url":"https:\/\/samarali.com\/de\/gastposting\/","og_site_name":"Samarali","article_publisher":"https:\/\/www.facebook.com\/samaraliyoga","article_modified_time":"2026-02-16T13:35:54+00:00","og_image":[{"width":1000,"height":1000,"url":"https:\/\/samarali.com\/wp-content\/uploads\/2024\/09\/Natural-rubber-yoga-mats-prune-and-dark-green_16.jpg","type":"image\/jpeg"}],"twitter_card":"summary_large_image","twitter_misc":{"Gesch\u00e4tzte Lesezeit":"1\u00a0Minute"},"schema":{"@context":"https:\/\/schema.org","@graph":[{"@type":"WebPage","@id":"https:\/\/samarali.com\/de\/gastposting\/","url":"https:\/\/samarali.com\/de\/gastposting\/","name":"Exklusive Gastbeitr\u00e4ge bei Samarali - Samarali","isPartOf":{"@id":"https:\/\/samarali.com\/de\/#website"},"datePublished":"2026-02-16T13:09:19+00:00","dateModified":"2026-02-16T13:35:54+00:00","breadcrumb":{"@id":"https:\/\/samarali.com\/de\/gastposting\/#breadcrumb"},"inLanguage":"de","potentialAction":[{"@type":"ReadAction","target":["https:\/\/samarali.com\/de\/gastposting\/"]}]},{"@type":"BreadcrumbList","@id":"https:\/\/samarali.com\/de\/gastposting\/#breadcrumb","itemListElement":[{"@type":"ListItem","position":1,"name":"Startseite","item":"https:\/\/samarali.com\/de\/startseite\/"},{"@type":"ListItem","position":2,"name":"Exklusive Gastbeitr\u00e4ge bei Samarali"}]},{"@type":"WebSite","@id":"https:\/\/samarali.com\/de\/#website","url":"https:\/\/samarali.com\/de\/","name":"Samarali","description":"Samarali ist eine nachhaltige Yoga- und Lifestyle-Marke mit Sitz in den Niederlanden","publisher":{"@id":"https:\/\/samarali.com\/de\/#organization"},"potentialAction":[{"@type":"SearchAction","target":{"@type":"EntryPoint","urlTemplate":"https:\/\/samarali.com\/de\/?s={search_term_string}"},"query-input":{"@type":"PropertyValueSpecification","valueRequired":true,"valueName":"search_term_string"}}],"inLanguage":"de"},{"@type":"Organization","@id":"https:\/\/samarali.com\/de\/#organization","name":"Samarali","url":"https:\/\/samarali.com\/de\/","logo":{"@type":"ImageObject","inLanguage":"de","@id":"https:\/\/samarali.com\/de\/#\/schema\/logo\/image\/","url":"https:\/\/samarali.com\/wp-content\/uploads\/2024\/05\/cropped-samarali-icon.png","contentUrl":"https:\/\/samarali.com\/wp-content\/uploads\/2024\/05\/cropped-samarali-icon.png","width":512,"height":512,"caption":"Samarali"},"image":{"@id":"https:\/\/samarali.com\/de\/#\/schema\/logo\/image\/"},"sameAs":["https:\/\/www.facebook.com\/samaraliyoga","https:\/\/www.linkedin.com\/company\/69563155\/","https:\/\/www.instagram.com\/samaraliyoga\/","https:\/\/nl.pinterest.com\/Samaraliyoga\/"],"description":"Samarali is a sustainable yoga and lifestyle brand based in the Netherlands","email":"info@samarali.com","legalName":"Samarali B.V.","vatID":"NL859820324B01","numberOfEmployees":{"@type":"QuantitativeValue","minValue":"1","maxValue":"10"}}]}},"jetpack_sharing_enabled":true,"_links":{"self":[{"href":"https:\/\/samarali.com\/de\/wp-json\/wp\/v2\/pages\/37117","targetHints":{"allow":["GET"]}}],"collection":[{"href":"https:\/\/samarali.com\/de\/wp-json\/wp\/v2\/pages"}],"about":[{"href":"https:\/\/samarali.com\/de\/wp-json\/wp\/v2\/types\/page"}],"author":[{"embeddable":true,"href":"https:\/\/samarali.com\/de\/wp-json\/wp\/v2\/users\/4"}],"replies":[{"embeddable":true,"href":"https:\/\/samarali.com\/de\/wp-json\/wp\/v2\/comments?post=37117"}],"version-history":[{"count":3,"href":"https:\/\/samarali.com\/de\/wp-json\/wp\/v2\/pages\/37117\/revisions"}],"predecessor-version":[{"id":37138,"href":"https:\/\/samarali.com\/de\/wp-json\/wp\/v2\/pages\/37117\/revisions\/37138"}],"wp:attachment":[{"href":"https:\/\/samarali.com\/de\/wp-json\/wp\/v2\/media?parent=37117"}],"curies":[{"name":"wp","href":"https:\/\/api.w.org\/{rel}","templated":true}]}}