{"id":37052,"date":"2026-02-15T18:25:12","date_gmt":"2026-02-15T17:25:12","guid":{"rendered":"https:\/\/samarali.com\/haftungsausschluss-fuer-produkte\/"},"modified":"2026-02-15T18:33:13","modified_gmt":"2026-02-15T17:33:13","slug":"haftungsausschluss-fuer-produkte","status":"publish","type":"page","link":"https:\/\/samarali.com\/de\/haftungsausschluss-fuer-produkte\/","title":{"rendered":"Haftungsausschluss f\u00fcr Produkte"},"content":{"rendered":"\t\t<div data-elementor-type=\"wp-page\" data-elementor-id=\"37052\" class=\"elementor elementor-37052 elementor-37012\">\n\t\t\t\t<div class=\"elementor-element elementor-element-24d04fd6 e-flex e-con-boxed e-con e-parent\" data-id=\"24d04fd6\" data-element_type=\"container\">\n\t\t\t\t\t<div class=\"e-con-inner\">\n\t\t\t\t<div class=\"elementor-element elementor-element-2864ccd9 elementor-widget elementor-widget-text-editor\" data-id=\"2864ccd9\" data-element_type=\"widget\" data-widget_type=\"text-editor.default\">\n\t\t\t\t<div class=\"elementor-widget-container\">\n\t\t\t\t\t\t\t\t\t<h3>Haftungsausschluss f\u00fcr die Verwendung des Produkts<\/h3>\n<p style=\"margin-bottom: 20px;\">\nSamarali vertreibt Yoga- und Fitnessprodukte f\u00fcr allgemeines Wohlbefinden und Bewegung.\n<\/p>\n\n<ul style=\"margin-bottom: 28px;\">\n  <li>Die Produkte sind keine Medizinprodukte.<\/li>\n  <li>Verwenden Sie die Produkte verantwortungsvoll und gem\u00e4\u00df den Anweisungen.<\/li>\n  <li>Lassen Sie sich von einem Arzt beraten, bevor Sie mit einem neuen Trainingsprogramm beginnen.<\/li>\n  <li>Samarali ist nicht verantwortlich f\u00fcr Verletzungen, die durch unsachgem\u00e4\u00dfen Gebrauch, Missbrauch oder Nichtbeachtung der Sicherheitsrichtlinien verursacht werden.<\/li>\n<\/ul>\n\n<h3>Hygiene &amp; Sicherheit<\/h3>\n<p style=\"margin-bottom: 28px;\">\nTrage- und Yoga-Ausr\u00fcstung muss hygienisch und verantwortungsvoll verwendet werden.\n<\/p>\n\t\t\t\t\t\t\t\t<\/div>\n\t\t\t\t<\/div>\n\t\t\t\t\t<\/div>\n\t\t\t\t<\/div>\n\t\t\t\t<\/div>\n\t\t","protected":false},"excerpt":{"rendered":"<p>Haftungsausschluss f\u00fcr die Verwendung des Produkts Samarali vertreibt Yoga- und Fitnessprodukte f\u00fcr allgemeines Wohlbefinden und Bewegung. Die Produkte sind keine Medizinprodukte. Verwenden Sie die Produkte verantwortungsvoll und gem\u00e4\u00df den Anweisungen. Lassen Sie sich von einem Arzt beraten, bevor Sie mit einem neuen Trainingsprogramm beginnen. Samarali ist nicht verantwortlich f\u00fcr Verletzungen, die durch unsachgem\u00e4\u00dfen Gebrauch, Missbrauch [&hellip;]<\/p>\n","protected":false},"author":4,"featured_media":0,"parent":0,"menu_order":0,"comment_status":"closed","ping_status":"closed","template":"","meta":{"_acf_changed":false,"_improvement_type_select":"improve_an_existing","_thumb_yes_seoaic":false,"_frame_yes_seoaic":false,"seoaic_generate_description":"","seoaic_improve_instructions_prompt":"","seoaic_rollback_content_improvement":"","seoaic_idea_thumbnail_generator":"","thumbnail_generated":false,"thumbnail_generate_prompt":"","seoaic_article_description":"","inline_featured_image":false,"footnotes":""},"class_list":["post-37052","page","type-page","status-publish","hentry"],"acf":[],"yoast_head":"<!-- This site is optimized with the Yoast SEO Premium plugin v27.4 (Yoast SEO v27.4) - https:\/\/yoast.com\/product\/yoast-seo-premium-wordpress\/ -->\n<title>Haftungsausschluss f\u00fcr Produkte - Samarali<\/title>\n<meta name=\"robots\" content=\"index, follow, max-snippet:-1, max-image-preview:large, max-video-preview:-1\" \/>\n<link rel=\"canonical\" href=\"https:\/\/samarali.com\/de\/haftungsausschluss-fuer-produkte\/\" \/>\n<meta property=\"og:locale\" content=\"de_DE\" \/>\n<meta property=\"og:type\" content=\"article\" \/>\n<meta property=\"og:title\" content=\"Haftungsausschluss f\u00fcr Produkte\" \/>\n<meta property=\"og:description\" content=\"Haftungsausschluss f\u00fcr die Verwendung des Produkts Samarali vertreibt Yoga- und Fitnessprodukte f\u00fcr allgemeines Wohlbefinden und Bewegung. Die Produkte sind keine Medizinprodukte. Verwenden Sie die Produkte verantwortungsvoll und gem\u00e4\u00df den Anweisungen. Lassen Sie sich von einem Arzt beraten, bevor Sie mit einem neuen Trainingsprogramm beginnen. Samarali ist nicht verantwortlich f\u00fcr Verletzungen, die durch unsachgem\u00e4\u00dfen Gebrauch, Missbrauch [&hellip;]\" \/>\n<meta property=\"og:url\" content=\"https:\/\/samarali.com\/de\/haftungsausschluss-fuer-produkte\/\" \/>\n<meta property=\"og:site_name\" content=\"Samarali\" \/>\n<meta property=\"article:publisher\" content=\"https:\/\/www.facebook.com\/samaraliyoga\" \/>\n<meta property=\"article:modified_time\" content=\"2026-02-15T17:33:13+00:00\" \/>\n<meta property=\"og:image\" content=\"https:\/\/samarali.com\/wp-content\/uploads\/2024\/09\/Natural-rubber-yoga-mats-prune-and-dark-green_16.jpg\" \/>\n\t<meta property=\"og:image:width\" content=\"1000\" \/>\n\t<meta property=\"og:image:height\" content=\"1000\" \/>\n\t<meta property=\"og:image:type\" content=\"image\/jpeg\" \/>\n<meta name=\"twitter:card\" content=\"summary_large_image\" \/>\n<script type=\"application\/ld+json\" class=\"yoast-schema-graph\">{\"@context\":\"https:\\\/\\\/schema.org\",\"@graph\":[{\"@type\":\"WebPage\",\"@id\":\"https:\\\/\\\/samarali.com\\\/de\\\/haftungsausschluss-fuer-produkte\\\/\",\"url\":\"https:\\\/\\\/samarali.com\\\/de\\\/haftungsausschluss-fuer-produkte\\\/\",\"name\":\"Haftungsausschluss f\u00fcr Produkte - Samarali\",\"isPartOf\":{\"@id\":\"https:\\\/\\\/samarali.com\\\/de\\\/#website\"},\"datePublished\":\"2026-02-15T17:25:12+00:00\",\"dateModified\":\"2026-02-15T17:33:13+00:00\",\"breadcrumb\":{\"@id\":\"https:\\\/\\\/samarali.com\\\/de\\\/haftungsausschluss-fuer-produkte\\\/#breadcrumb\"},\"inLanguage\":\"de\",\"potentialAction\":[{\"@type\":\"ReadAction\",\"target\":[\"https:\\\/\\\/samarali.com\\\/de\\\/haftungsausschluss-fuer-produkte\\\/\"]}]},{\"@type\":\"BreadcrumbList\",\"@id\":\"https:\\\/\\\/samarali.com\\\/de\\\/haftungsausschluss-fuer-produkte\\\/#breadcrumb\",\"itemListElement\":[{\"@type\":\"ListItem\",\"position\":1,\"name\":\"Startseite\",\"item\":\"https:\\\/\\\/samarali.com\\\/de\\\/startseite\\\/\"},{\"@type\":\"ListItem\",\"position\":2,\"name\":\"Haftungsausschluss f\u00fcr Produkte\"}]},{\"@type\":\"WebSite\",\"@id\":\"https:\\\/\\\/samarali.com\\\/de\\\/#website\",\"url\":\"https:\\\/\\\/samarali.com\\\/de\\\/\",\"name\":\"Samarali\",\"description\":\"Samarali ist eine nachhaltige Yoga- und Lifestyle-Marke mit Sitz in den Niederlanden\",\"publisher\":{\"@id\":\"https:\\\/\\\/samarali.com\\\/de\\\/#organization\"},\"potentialAction\":[{\"@type\":\"SearchAction\",\"target\":{\"@type\":\"EntryPoint\",\"urlTemplate\":\"https:\\\/\\\/samarali.com\\\/de\\\/?s={search_term_string}\"},\"query-input\":{\"@type\":\"PropertyValueSpecification\",\"valueRequired\":true,\"valueName\":\"search_term_string\"}}],\"inLanguage\":\"de\"},{\"@type\":\"Organization\",\"@id\":\"https:\\\/\\\/samarali.com\\\/de\\\/#organization\",\"name\":\"Samarali\",\"url\":\"https:\\\/\\\/samarali.com\\\/de\\\/\",\"logo\":{\"@type\":\"ImageObject\",\"inLanguage\":\"de\",\"@id\":\"https:\\\/\\\/samarali.com\\\/de\\\/#\\\/schema\\\/logo\\\/image\\\/\",\"url\":\"https:\\\/\\\/samarali.com\\\/wp-content\\\/uploads\\\/2024\\\/05\\\/cropped-samarali-icon.png\",\"contentUrl\":\"https:\\\/\\\/samarali.com\\\/wp-content\\\/uploads\\\/2024\\\/05\\\/cropped-samarali-icon.png\",\"width\":512,\"height\":512,\"caption\":\"Samarali\"},\"image\":{\"@id\":\"https:\\\/\\\/samarali.com\\\/de\\\/#\\\/schema\\\/logo\\\/image\\\/\"},\"sameAs\":[\"https:\\\/\\\/www.facebook.com\\\/samaraliyoga\",\"https:\\\/\\\/www.linkedin.com\\\/company\\\/69563155\\\/\",\"https:\\\/\\\/www.instagram.com\\\/samaraliyoga\\\/\",\"https:\\\/\\\/nl.pinterest.com\\\/Samaraliyoga\\\/\"],\"description\":\"Samarali is a sustainable yoga and lifestyle brand based in the Netherlands\",\"email\":\"info@samarali.com\",\"legalName\":\"Samarali B.V.\",\"vatID\":\"NL859820324B01\",\"numberOfEmployees\":{\"@type\":\"QuantitativeValue\",\"minValue\":\"1\",\"maxValue\":\"10\"}}]}<\/script>\n<!-- \/ Yoast SEO Premium plugin. -->","yoast_head_json":{"title":"Haftungsausschluss f\u00fcr Produkte - Samarali","robots":{"index":"index","follow":"follow","max-snippet":"max-snippet:-1","max-image-preview":"max-image-preview:large","max-video-preview":"max-video-preview:-1"},"canonical":"https:\/\/samarali.com\/de\/haftungsausschluss-fuer-produkte\/","og_locale":"de_DE","og_type":"article","og_title":"Haftungsausschluss f\u00fcr Produkte","og_description":"Haftungsausschluss f\u00fcr die Verwendung des Produkts Samarali vertreibt Yoga- und Fitnessprodukte f\u00fcr allgemeines Wohlbefinden und Bewegung. Die Produkte sind keine Medizinprodukte. Verwenden Sie die Produkte verantwortungsvoll und gem\u00e4\u00df den Anweisungen. Lassen Sie sich von einem Arzt beraten, bevor Sie mit einem neuen Trainingsprogramm beginnen. Samarali ist nicht verantwortlich f\u00fcr Verletzungen, die durch unsachgem\u00e4\u00dfen Gebrauch, Missbrauch [&hellip;]","og_url":"https:\/\/samarali.com\/de\/haftungsausschluss-fuer-produkte\/","og_site_name":"Samarali","article_publisher":"https:\/\/www.facebook.com\/samaraliyoga","article_modified_time":"2026-02-15T17:33:13+00:00","og_image":[{"width":1000,"height":1000,"url":"https:\/\/samarali.com\/wp-content\/uploads\/2024\/09\/Natural-rubber-yoga-mats-prune-and-dark-green_16.jpg","type":"image\/jpeg"}],"twitter_card":"summary_large_image","schema":{"@context":"https:\/\/schema.org","@graph":[{"@type":"WebPage","@id":"https:\/\/samarali.com\/de\/haftungsausschluss-fuer-produkte\/","url":"https:\/\/samarali.com\/de\/haftungsausschluss-fuer-produkte\/","name":"Haftungsausschluss f\u00fcr Produkte - Samarali","isPartOf":{"@id":"https:\/\/samarali.com\/de\/#website"},"datePublished":"2026-02-15T17:25:12+00:00","dateModified":"2026-02-15T17:33:13+00:00","breadcrumb":{"@id":"https:\/\/samarali.com\/de\/haftungsausschluss-fuer-produkte\/#breadcrumb"},"inLanguage":"de","potentialAction":[{"@type":"ReadAction","target":["https:\/\/samarali.com\/de\/haftungsausschluss-fuer-produkte\/"]}]},{"@type":"BreadcrumbList","@id":"https:\/\/samarali.com\/de\/haftungsausschluss-fuer-produkte\/#breadcrumb","itemListElement":[{"@type":"ListItem","position":1,"name":"Startseite","item":"https:\/\/samarali.com\/de\/startseite\/"},{"@type":"ListItem","position":2,"name":"Haftungsausschluss f\u00fcr Produkte"}]},{"@type":"WebSite","@id":"https:\/\/samarali.com\/de\/#website","url":"https:\/\/samarali.com\/de\/","name":"Samarali","description":"Samarali ist eine nachhaltige Yoga- und Lifestyle-Marke mit Sitz in den Niederlanden","publisher":{"@id":"https:\/\/samarali.com\/de\/#organization"},"potentialAction":[{"@type":"SearchAction","target":{"@type":"EntryPoint","urlTemplate":"https:\/\/samarali.com\/de\/?s={search_term_string}"},"query-input":{"@type":"PropertyValueSpecification","valueRequired":true,"valueName":"search_term_string"}}],"inLanguage":"de"},{"@type":"Organization","@id":"https:\/\/samarali.com\/de\/#organization","name":"Samarali","url":"https:\/\/samarali.com\/de\/","logo":{"@type":"ImageObject","inLanguage":"de","@id":"https:\/\/samarali.com\/de\/#\/schema\/logo\/image\/","url":"https:\/\/samarali.com\/wp-content\/uploads\/2024\/05\/cropped-samarali-icon.png","contentUrl":"https:\/\/samarali.com\/wp-content\/uploads\/2024\/05\/cropped-samarali-icon.png","width":512,"height":512,"caption":"Samarali"},"image":{"@id":"https:\/\/samarali.com\/de\/#\/schema\/logo\/image\/"},"sameAs":["https:\/\/www.facebook.com\/samaraliyoga","https:\/\/www.linkedin.com\/company\/69563155\/","https:\/\/www.instagram.com\/samaraliyoga\/","https:\/\/nl.pinterest.com\/Samaraliyoga\/"],"description":"Samarali is a sustainable yoga and lifestyle brand based in the Netherlands","email":"info@samarali.com","legalName":"Samarali B.V.","vatID":"NL859820324B01","numberOfEmployees":{"@type":"QuantitativeValue","minValue":"1","maxValue":"10"}}]}},"jetpack_sharing_enabled":true,"_links":{"self":[{"href":"https:\/\/samarali.com\/de\/wp-json\/wp\/v2\/pages\/37052","targetHints":{"allow":["GET"]}}],"collection":[{"href":"https:\/\/samarali.com\/de\/wp-json\/wp\/v2\/pages"}],"about":[{"href":"https:\/\/samarali.com\/de\/wp-json\/wp\/v2\/types\/page"}],"author":[{"embeddable":true,"href":"https:\/\/samarali.com\/de\/wp-json\/wp\/v2\/users\/4"}],"replies":[{"embeddable":true,"href":"https:\/\/samarali.com\/de\/wp-json\/wp\/v2\/comments?post=37052"}],"version-history":[{"count":1,"href":"https:\/\/samarali.com\/de\/wp-json\/wp\/v2\/pages\/37052\/revisions"}],"predecessor-version":[{"id":37053,"href":"https:\/\/samarali.com\/de\/wp-json\/wp\/v2\/pages\/37052\/revisions\/37053"}],"wp:attachment":[{"href":"https:\/\/samarali.com\/de\/wp-json\/wp\/v2\/media?parent=37052"}],"curies":[{"name":"wp","href":"https:\/\/api.w.org\/{rel}","templated":true}]}}