{"id":37044,"date":"2026-02-15T18:23:57","date_gmt":"2026-02-15T17:23:57","guid":{"rendered":"https:\/\/samarali.com\/cookie-richtlinie\/"},"modified":"2026-02-15T18:32:50","modified_gmt":"2026-02-15T17:32:50","slug":"cookie-richtlinie","status":"publish","type":"page","link":"https:\/\/samarali.com\/de\/cookie-richtlinie\/","title":{"rendered":"Cookie-Richtlinie"},"content":{"rendered":"\t\t<div data-elementor-type=\"wp-page\" data-elementor-id=\"37044\" class=\"elementor elementor-37044 elementor-37007\">\n\t\t\t\t<div class=\"elementor-element elementor-element-1c972e7d e-flex e-con-boxed e-con e-parent\" data-id=\"1c972e7d\" data-element_type=\"container\">\n\t\t\t\t\t<div class=\"e-con-inner\">\n\t\t\t\t<div class=\"elementor-element elementor-element-13148ad1 elementor-widget elementor-widget-text-editor\" data-id=\"13148ad1\" data-element_type=\"widget\" data-widget_type=\"text-editor.default\">\n\t\t\t\t<div class=\"elementor-widget-container\">\n\t\t\t\t\t\t\t\t\t<h3>Verwendung von Cookies<\/h3>\n<p style=\"margin-bottom: 28px;\">\nWir verwenden Cookies, um Ihr Erlebnis zu verbessern.\n<\/p>\n\n<h3>Arten von Cookies<\/h3>\n<ul style=\"margin-bottom: 28px;\">\n  <li><strong>Wesentlich:<\/strong> Kasse, Anmeldung, Warenkorbfunktionalit\u00e4t<\/li>\n  <li><strong>Analytics:<\/strong> Verstehen Sie die Nutzung der Website (z. B. Google Analytics)<\/li>\n  <li><strong>Marketing:<\/strong> Personalisierte Werbung &amp; Tracking<\/li>\n<\/ul>\n\n<h3>Einverst\u00e4ndnis<\/h3>\n<p style=\"margin-bottom: 28px;\">\nUnwichtige Cookies werden nur nach Ihrer Zustimmung \u00fcber unser Cookie-Banner gesetzt.\n<\/p>\n\n<h3>Cookies verwalten<\/h3>\n<p style=\"margin-bottom: 40px;\">\nSie k\u00f6nnen die Einstellungen \u00fcber Ihren Browser oder Ihr Cookie-Einstellungsfeld \u00e4ndern.\n<\/p>\n\n<h3>Cookie-Banner-Text<\/h3>\n<p style=\"margin-bottom: 20px;\">\nWir verwenden Cookies, um Ihr Einkaufserlebnis zu verbessern, den Datenverkehr zu analysieren und Inhalte zu personalisieren.\n<\/p>\n<p style=\"margin-bottom: 20px;\">\nSie k\u00f6nnen alle Cookies akzeptieren oder Ihre Einstellungen verwalten. Wesentliche Cookies sind immer aktiv.\n<\/p>\n\n<h3>Banner-Schaltfl\u00e4chen<\/h3>\n<ul style=\"margin-bottom: 28px;\">\n  <li>Akzeptieren Sie<\/li>\n  <li>Verweigern<\/li>\n  <li>Pr\u00e4ferenzen anzeigen<\/li>\n<\/ul>\n\t\t\t\t\t\t\t\t<\/div>\n\t\t\t\t<\/div>\n\t\t\t\t\t<\/div>\n\t\t\t\t<\/div>\n\t\t\t\t<\/div>\n\t\t","protected":false},"excerpt":{"rendered":"<p>Verwendung von Cookies Wir verwenden Cookies, um Ihr Erlebnis zu verbessern. Arten von Cookies Wesentlich: Kasse, Anmeldung, Warenkorbfunktionalit\u00e4t Analytics: Verstehen Sie die Nutzung der Website (z. B. Google Analytics) Marketing: Personalisierte Werbung &amp; Tracking Einverst\u00e4ndnis Unwichtige Cookies werden nur nach Ihrer Zustimmung \u00fcber unser Cookie-Banner gesetzt. Cookies verwalten Sie k\u00f6nnen die Einstellungen \u00fcber Ihren Browser [&hellip;]<\/p>\n","protected":false},"author":4,"featured_media":0,"parent":0,"menu_order":0,"comment_status":"closed","ping_status":"closed","template":"","meta":{"_acf_changed":false,"_improvement_type_select":"improve_an_existing","_thumb_yes_seoaic":false,"_frame_yes_seoaic":false,"seoaic_generate_description":"","seoaic_improve_instructions_prompt":"","seoaic_rollback_content_improvement":"","seoaic_idea_thumbnail_generator":"","thumbnail_generated":false,"thumbnail_generate_prompt":"","seoaic_article_description":"","inline_featured_image":false,"footnotes":""},"class_list":["post-37044","page","type-page","status-publish","hentry"],"acf":[],"yoast_head":"<!-- This site is optimized with the Yoast SEO Premium plugin v27.4 (Yoast SEO v27.4) - https:\/\/yoast.com\/product\/yoast-seo-premium-wordpress\/ -->\n<title>Cookie-Richtlinie - Samarali<\/title>\n<meta name=\"robots\" content=\"index, follow, max-snippet:-1, max-image-preview:large, max-video-preview:-1\" \/>\n<link rel=\"canonical\" href=\"https:\/\/samarali.com\/de\/cookie-richtlinie\/\" \/>\n<meta property=\"og:locale\" content=\"de_DE\" \/>\n<meta property=\"og:type\" content=\"article\" \/>\n<meta property=\"og:title\" content=\"Cookie-Richtlinie\" \/>\n<meta property=\"og:description\" content=\"Verwendung von Cookies Wir verwenden Cookies, um Ihr Erlebnis zu verbessern. Arten von Cookies Wesentlich: Kasse, Anmeldung, Warenkorbfunktionalit\u00e4t Analytics: Verstehen Sie die Nutzung der Website (z. B. Google Analytics) Marketing: Personalisierte Werbung &amp; Tracking Einverst\u00e4ndnis Unwichtige Cookies werden nur nach Ihrer Zustimmung \u00fcber unser Cookie-Banner gesetzt. Cookies verwalten Sie k\u00f6nnen die Einstellungen \u00fcber Ihren Browser [&hellip;]\" \/>\n<meta property=\"og:url\" content=\"https:\/\/samarali.com\/de\/cookie-richtlinie\/\" \/>\n<meta property=\"og:site_name\" content=\"Samarali\" \/>\n<meta property=\"article:publisher\" content=\"https:\/\/www.facebook.com\/samaraliyoga\" \/>\n<meta property=\"article:modified_time\" content=\"2026-02-15T17:32:50+00:00\" \/>\n<meta property=\"og:image\" content=\"https:\/\/samarali.com\/wp-content\/uploads\/2024\/09\/Natural-rubber-yoga-mats-prune-and-dark-green_16.jpg\" \/>\n\t<meta property=\"og:image:width\" content=\"1000\" \/>\n\t<meta property=\"og:image:height\" content=\"1000\" \/>\n\t<meta property=\"og:image:type\" content=\"image\/jpeg\" \/>\n<meta name=\"twitter:card\" content=\"summary_large_image\" \/>\n<meta name=\"twitter:label1\" content=\"Gesch\u00e4tzte Lesezeit\" \/>\n\t<meta name=\"twitter:data1\" content=\"1\u00a0Minute\" \/>\n<script type=\"application\/ld+json\" class=\"yoast-schema-graph\">{\"@context\":\"https:\\\/\\\/schema.org\",\"@graph\":[{\"@type\":\"WebPage\",\"@id\":\"https:\\\/\\\/samarali.com\\\/de\\\/cookie-richtlinie\\\/\",\"url\":\"https:\\\/\\\/samarali.com\\\/de\\\/cookie-richtlinie\\\/\",\"name\":\"Cookie-Richtlinie - Samarali\",\"isPartOf\":{\"@id\":\"https:\\\/\\\/samarali.com\\\/de\\\/#website\"},\"datePublished\":\"2026-02-15T17:23:57+00:00\",\"dateModified\":\"2026-02-15T17:32:50+00:00\",\"breadcrumb\":{\"@id\":\"https:\\\/\\\/samarali.com\\\/de\\\/cookie-richtlinie\\\/#breadcrumb\"},\"inLanguage\":\"de\",\"potentialAction\":[{\"@type\":\"ReadAction\",\"target\":[\"https:\\\/\\\/samarali.com\\\/de\\\/cookie-richtlinie\\\/\"]}]},{\"@type\":\"BreadcrumbList\",\"@id\":\"https:\\\/\\\/samarali.com\\\/de\\\/cookie-richtlinie\\\/#breadcrumb\",\"itemListElement\":[{\"@type\":\"ListItem\",\"position\":1,\"name\":\"Startseite\",\"item\":\"https:\\\/\\\/samarali.com\\\/de\\\/startseite\\\/\"},{\"@type\":\"ListItem\",\"position\":2,\"name\":\"Cookie-Richtlinie\"}]},{\"@type\":\"WebSite\",\"@id\":\"https:\\\/\\\/samarali.com\\\/de\\\/#website\",\"url\":\"https:\\\/\\\/samarali.com\\\/de\\\/\",\"name\":\"Samarali\",\"description\":\"Samarali ist eine nachhaltige Yoga- und Lifestyle-Marke mit Sitz in den Niederlanden\",\"publisher\":{\"@id\":\"https:\\\/\\\/samarali.com\\\/de\\\/#organization\"},\"potentialAction\":[{\"@type\":\"SearchAction\",\"target\":{\"@type\":\"EntryPoint\",\"urlTemplate\":\"https:\\\/\\\/samarali.com\\\/de\\\/?s={search_term_string}\"},\"query-input\":{\"@type\":\"PropertyValueSpecification\",\"valueRequired\":true,\"valueName\":\"search_term_string\"}}],\"inLanguage\":\"de\"},{\"@type\":\"Organization\",\"@id\":\"https:\\\/\\\/samarali.com\\\/de\\\/#organization\",\"name\":\"Samarali\",\"url\":\"https:\\\/\\\/samarali.com\\\/de\\\/\",\"logo\":{\"@type\":\"ImageObject\",\"inLanguage\":\"de\",\"@id\":\"https:\\\/\\\/samarali.com\\\/de\\\/#\\\/schema\\\/logo\\\/image\\\/\",\"url\":\"https:\\\/\\\/samarali.com\\\/wp-content\\\/uploads\\\/2024\\\/05\\\/cropped-samarali-icon.png\",\"contentUrl\":\"https:\\\/\\\/samarali.com\\\/wp-content\\\/uploads\\\/2024\\\/05\\\/cropped-samarali-icon.png\",\"width\":512,\"height\":512,\"caption\":\"Samarali\"},\"image\":{\"@id\":\"https:\\\/\\\/samarali.com\\\/de\\\/#\\\/schema\\\/logo\\\/image\\\/\"},\"sameAs\":[\"https:\\\/\\\/www.facebook.com\\\/samaraliyoga\",\"https:\\\/\\\/www.linkedin.com\\\/company\\\/69563155\\\/\",\"https:\\\/\\\/www.instagram.com\\\/samaraliyoga\\\/\",\"https:\\\/\\\/nl.pinterest.com\\\/Samaraliyoga\\\/\"],\"description\":\"Samarali is a sustainable yoga and lifestyle brand based in the Netherlands\",\"email\":\"info@samarali.com\",\"legalName\":\"Samarali B.V.\",\"vatID\":\"NL859820324B01\",\"numberOfEmployees\":{\"@type\":\"QuantitativeValue\",\"minValue\":\"1\",\"maxValue\":\"10\"}}]}<\/script>\n<!-- \/ Yoast SEO Premium plugin. -->","yoast_head_json":{"title":"Cookie-Richtlinie - Samarali","robots":{"index":"index","follow":"follow","max-snippet":"max-snippet:-1","max-image-preview":"max-image-preview:large","max-video-preview":"max-video-preview:-1"},"canonical":"https:\/\/samarali.com\/de\/cookie-richtlinie\/","og_locale":"de_DE","og_type":"article","og_title":"Cookie-Richtlinie","og_description":"Verwendung von Cookies Wir verwenden Cookies, um Ihr Erlebnis zu verbessern. Arten von Cookies Wesentlich: Kasse, Anmeldung, Warenkorbfunktionalit\u00e4t Analytics: Verstehen Sie die Nutzung der Website (z. B. Google Analytics) Marketing: Personalisierte Werbung &amp; Tracking Einverst\u00e4ndnis Unwichtige Cookies werden nur nach Ihrer Zustimmung \u00fcber unser Cookie-Banner gesetzt. Cookies verwalten Sie k\u00f6nnen die Einstellungen \u00fcber Ihren Browser [&hellip;]","og_url":"https:\/\/samarali.com\/de\/cookie-richtlinie\/","og_site_name":"Samarali","article_publisher":"https:\/\/www.facebook.com\/samaraliyoga","article_modified_time":"2026-02-15T17:32:50+00:00","og_image":[{"width":1000,"height":1000,"url":"https:\/\/samarali.com\/wp-content\/uploads\/2024\/09\/Natural-rubber-yoga-mats-prune-and-dark-green_16.jpg","type":"image\/jpeg"}],"twitter_card":"summary_large_image","twitter_misc":{"Gesch\u00e4tzte Lesezeit":"1\u00a0Minute"},"schema":{"@context":"https:\/\/schema.org","@graph":[{"@type":"WebPage","@id":"https:\/\/samarali.com\/de\/cookie-richtlinie\/","url":"https:\/\/samarali.com\/de\/cookie-richtlinie\/","name":"Cookie-Richtlinie - Samarali","isPartOf":{"@id":"https:\/\/samarali.com\/de\/#website"},"datePublished":"2026-02-15T17:23:57+00:00","dateModified":"2026-02-15T17:32:50+00:00","breadcrumb":{"@id":"https:\/\/samarali.com\/de\/cookie-richtlinie\/#breadcrumb"},"inLanguage":"de","potentialAction":[{"@type":"ReadAction","target":["https:\/\/samarali.com\/de\/cookie-richtlinie\/"]}]},{"@type":"BreadcrumbList","@id":"https:\/\/samarali.com\/de\/cookie-richtlinie\/#breadcrumb","itemListElement":[{"@type":"ListItem","position":1,"name":"Startseite","item":"https:\/\/samarali.com\/de\/startseite\/"},{"@type":"ListItem","position":2,"name":"Cookie-Richtlinie"}]},{"@type":"WebSite","@id":"https:\/\/samarali.com\/de\/#website","url":"https:\/\/samarali.com\/de\/","name":"Samarali","description":"Samarali ist eine nachhaltige Yoga- und Lifestyle-Marke mit Sitz in den Niederlanden","publisher":{"@id":"https:\/\/samarali.com\/de\/#organization"},"potentialAction":[{"@type":"SearchAction","target":{"@type":"EntryPoint","urlTemplate":"https:\/\/samarali.com\/de\/?s={search_term_string}"},"query-input":{"@type":"PropertyValueSpecification","valueRequired":true,"valueName":"search_term_string"}}],"inLanguage":"de"},{"@type":"Organization","@id":"https:\/\/samarali.com\/de\/#organization","name":"Samarali","url":"https:\/\/samarali.com\/de\/","logo":{"@type":"ImageObject","inLanguage":"de","@id":"https:\/\/samarali.com\/de\/#\/schema\/logo\/image\/","url":"https:\/\/samarali.com\/wp-content\/uploads\/2024\/05\/cropped-samarali-icon.png","contentUrl":"https:\/\/samarali.com\/wp-content\/uploads\/2024\/05\/cropped-samarali-icon.png","width":512,"height":512,"caption":"Samarali"},"image":{"@id":"https:\/\/samarali.com\/de\/#\/schema\/logo\/image\/"},"sameAs":["https:\/\/www.facebook.com\/samaraliyoga","https:\/\/www.linkedin.com\/company\/69563155\/","https:\/\/www.instagram.com\/samaraliyoga\/","https:\/\/nl.pinterest.com\/Samaraliyoga\/"],"description":"Samarali is a sustainable yoga and lifestyle brand based in the Netherlands","email":"info@samarali.com","legalName":"Samarali B.V.","vatID":"NL859820324B01","numberOfEmployees":{"@type":"QuantitativeValue","minValue":"1","maxValue":"10"}}]}},"jetpack_sharing_enabled":true,"_links":{"self":[{"href":"https:\/\/samarali.com\/de\/wp-json\/wp\/v2\/pages\/37044","targetHints":{"allow":["GET"]}}],"collection":[{"href":"https:\/\/samarali.com\/de\/wp-json\/wp\/v2\/pages"}],"about":[{"href":"https:\/\/samarali.com\/de\/wp-json\/wp\/v2\/types\/page"}],"author":[{"embeddable":true,"href":"https:\/\/samarali.com\/de\/wp-json\/wp\/v2\/users\/4"}],"replies":[{"embeddable":true,"href":"https:\/\/samarali.com\/de\/wp-json\/wp\/v2\/comments?post=37044"}],"version-history":[{"count":1,"href":"https:\/\/samarali.com\/de\/wp-json\/wp\/v2\/pages\/37044\/revisions"}],"predecessor-version":[{"id":37045,"href":"https:\/\/samarali.com\/de\/wp-json\/wp\/v2\/pages\/37044\/revisions\/37045"}],"wp:attachment":[{"href":"https:\/\/samarali.com\/de\/wp-json\/wp\/v2\/media?parent=37044"}],"curies":[{"name":"wp","href":"https:\/\/api.w.org\/{rel}","templated":true}]}}