{"id":37032,"date":"2026-02-15T18:19:49","date_gmt":"2026-02-15T17:19:49","guid":{"rendered":"https:\/\/samarali.com\/versandpolitik\/"},"modified":"2026-02-15T18:32:22","modified_gmt":"2026-02-15T17:32:22","slug":"versandpolitik","status":"publish","type":"page","link":"https:\/\/samarali.com\/de\/versandpolitik\/","title":{"rendered":"Versandpolitik"},"content":{"rendered":"\t\t<div data-elementor-type=\"wp-page\" data-elementor-id=\"37032\" class=\"elementor elementor-37032 elementor-36999\">\n\t\t\t\t<div class=\"elementor-element elementor-element-5f3e1884 e-flex e-con-boxed e-con e-parent\" data-id=\"5f3e1884\" data-element_type=\"container\">\n\t\t\t\t\t<div class=\"e-con-inner\">\n\t\t\t\t<div class=\"elementor-element elementor-element-4d7cfe12 elementor-widget elementor-widget-text-editor\" data-id=\"4d7cfe12\" data-element_type=\"widget\" data-widget_type=\"text-editor.default\">\n\t\t\t\t<div class=\"elementor-widget-container\">\n\t\t\t\t\t\t\t\t\t<h3>Bearbeitungszeit<\/h3>\n<p>Bestellungen werden innerhalb von 1-3 Werktagen bearbeitet.<\/p>\n\n<h3>Lieferzeiten<\/h3>\n<p>Die gesch\u00e4tzten Lieferzeiten h\u00e4ngen vom Zielort und dem Transportunternehmen ab.<\/p>\n\n<h3>Kosten f\u00fcr den Versand<\/h3>\n<p>Die Versandkosten werden an der Kasse berechnet.<\/p>\n\n<h3>Falsche Adresse<\/h3>\n<p>Der Kunde ist f\u00fcr die Angabe der korrekten Versanddaten verantwortlich.<\/p>\n\n<h3>Verlorene oder versp\u00e4tete Pakete<\/h3>\n<p>Kontaktieren Sie uns, wenn sich Ihr Paket versp\u00e4tet. Wir werden mit dem Transportunternehmen zusammenarbeiten, um das Problem zu l\u00f6sen.<\/p>\n\n<h3>Internationale Bestellungen<\/h3>\n<p>Kunden sind f\u00fcr Z\u00f6lle und Einfuhrsteuern f\u00fcr Sendungen au\u00dferhalb der EU verantwortlich.<\/p>\n\t\t\t\t\t\t\t\t<\/div>\n\t\t\t\t<\/div>\n\t\t\t\t\t<\/div>\n\t\t\t\t<\/div>\n\t\t\t\t<\/div>\n\t\t","protected":false},"excerpt":{"rendered":"<p>Bearbeitungszeit Bestellungen werden innerhalb von 1-3 Werktagen bearbeitet. Lieferzeiten Die gesch\u00e4tzten Lieferzeiten h\u00e4ngen vom Zielort und dem Transportunternehmen ab. Kosten f\u00fcr den Versand Die Versandkosten werden an der Kasse berechnet. Falsche Adresse Der Kunde ist f\u00fcr die Angabe der korrekten Versanddaten verantwortlich. Verlorene oder versp\u00e4tete Pakete Kontaktieren Sie uns, wenn sich Ihr Paket versp\u00e4tet. Wir [&hellip;]<\/p>\n","protected":false},"author":4,"featured_media":0,"parent":0,"menu_order":0,"comment_status":"closed","ping_status":"closed","template":"","meta":{"_acf_changed":false,"_improvement_type_select":"improve_an_existing","_thumb_yes_seoaic":false,"_frame_yes_seoaic":false,"seoaic_generate_description":"","seoaic_improve_instructions_prompt":"","seoaic_rollback_content_improvement":"","seoaic_idea_thumbnail_generator":"","thumbnail_generated":false,"thumbnail_generate_prompt":"","seoaic_article_description":"","inline_featured_image":false,"footnotes":""},"class_list":["post-37032","page","type-page","status-publish","hentry"],"acf":[],"yoast_head":"<!-- This site is optimized with the Yoast SEO Premium plugin v27.4 (Yoast SEO v27.4) - https:\/\/yoast.com\/product\/yoast-seo-premium-wordpress\/ -->\n<title>Versandpolitik - Samarali<\/title>\n<meta name=\"robots\" content=\"index, follow, max-snippet:-1, max-image-preview:large, max-video-preview:-1\" \/>\n<link rel=\"canonical\" href=\"https:\/\/samarali.com\/de\/versandpolitik\/\" \/>\n<meta property=\"og:locale\" content=\"de_DE\" \/>\n<meta property=\"og:type\" content=\"article\" \/>\n<meta property=\"og:title\" content=\"Versandpolitik\" \/>\n<meta property=\"og:description\" content=\"Bearbeitungszeit Bestellungen werden innerhalb von 1-3 Werktagen bearbeitet. Lieferzeiten Die gesch\u00e4tzten Lieferzeiten h\u00e4ngen vom Zielort und dem Transportunternehmen ab. Kosten f\u00fcr den Versand Die Versandkosten werden an der Kasse berechnet. Falsche Adresse Der Kunde ist f\u00fcr die Angabe der korrekten Versanddaten verantwortlich. Verlorene oder versp\u00e4tete Pakete Kontaktieren Sie uns, wenn sich Ihr Paket versp\u00e4tet. Wir [&hellip;]\" \/>\n<meta property=\"og:url\" content=\"https:\/\/samarali.com\/de\/versandpolitik\/\" \/>\n<meta property=\"og:site_name\" content=\"Samarali\" \/>\n<meta property=\"article:publisher\" content=\"https:\/\/www.facebook.com\/samaraliyoga\" \/>\n<meta property=\"article:modified_time\" content=\"2026-02-15T17:32:22+00:00\" \/>\n<meta property=\"og:image\" content=\"https:\/\/samarali.com\/wp-content\/uploads\/2024\/09\/Natural-rubber-yoga-mats-prune-and-dark-green_16.jpg\" \/>\n\t<meta property=\"og:image:width\" content=\"1000\" \/>\n\t<meta property=\"og:image:height\" content=\"1000\" \/>\n\t<meta property=\"og:image:type\" content=\"image\/jpeg\" \/>\n<meta name=\"twitter:card\" content=\"summary_large_image\" \/>\n<script type=\"application\/ld+json\" class=\"yoast-schema-graph\">{\"@context\":\"https:\\\/\\\/schema.org\",\"@graph\":[{\"@type\":\"WebPage\",\"@id\":\"https:\\\/\\\/samarali.com\\\/de\\\/versandpolitik\\\/\",\"url\":\"https:\\\/\\\/samarali.com\\\/de\\\/versandpolitik\\\/\",\"name\":\"Versandpolitik - Samarali\",\"isPartOf\":{\"@id\":\"https:\\\/\\\/samarali.com\\\/de\\\/#website\"},\"datePublished\":\"2026-02-15T17:19:49+00:00\",\"dateModified\":\"2026-02-15T17:32:22+00:00\",\"breadcrumb\":{\"@id\":\"https:\\\/\\\/samarali.com\\\/de\\\/versandpolitik\\\/#breadcrumb\"},\"inLanguage\":\"de\",\"potentialAction\":[{\"@type\":\"ReadAction\",\"target\":[\"https:\\\/\\\/samarali.com\\\/de\\\/versandpolitik\\\/\"]}]},{\"@type\":\"BreadcrumbList\",\"@id\":\"https:\\\/\\\/samarali.com\\\/de\\\/versandpolitik\\\/#breadcrumb\",\"itemListElement\":[{\"@type\":\"ListItem\",\"position\":1,\"name\":\"Startseite\",\"item\":\"https:\\\/\\\/samarali.com\\\/de\\\/startseite\\\/\"},{\"@type\":\"ListItem\",\"position\":2,\"name\":\"Versandpolitik\"}]},{\"@type\":\"WebSite\",\"@id\":\"https:\\\/\\\/samarali.com\\\/de\\\/#website\",\"url\":\"https:\\\/\\\/samarali.com\\\/de\\\/\",\"name\":\"Samarali\",\"description\":\"Samarali ist eine nachhaltige Yoga- und Lifestyle-Marke mit Sitz in den Niederlanden\",\"publisher\":{\"@id\":\"https:\\\/\\\/samarali.com\\\/de\\\/#organization\"},\"potentialAction\":[{\"@type\":\"SearchAction\",\"target\":{\"@type\":\"EntryPoint\",\"urlTemplate\":\"https:\\\/\\\/samarali.com\\\/de\\\/?s={search_term_string}\"},\"query-input\":{\"@type\":\"PropertyValueSpecification\",\"valueRequired\":true,\"valueName\":\"search_term_string\"}}],\"inLanguage\":\"de\"},{\"@type\":\"Organization\",\"@id\":\"https:\\\/\\\/samarali.com\\\/de\\\/#organization\",\"name\":\"Samarali\",\"url\":\"https:\\\/\\\/samarali.com\\\/de\\\/\",\"logo\":{\"@type\":\"ImageObject\",\"inLanguage\":\"de\",\"@id\":\"https:\\\/\\\/samarali.com\\\/de\\\/#\\\/schema\\\/logo\\\/image\\\/\",\"url\":\"https:\\\/\\\/samarali.com\\\/wp-content\\\/uploads\\\/2024\\\/05\\\/cropped-samarali-icon.png\",\"contentUrl\":\"https:\\\/\\\/samarali.com\\\/wp-content\\\/uploads\\\/2024\\\/05\\\/cropped-samarali-icon.png\",\"width\":512,\"height\":512,\"caption\":\"Samarali\"},\"image\":{\"@id\":\"https:\\\/\\\/samarali.com\\\/de\\\/#\\\/schema\\\/logo\\\/image\\\/\"},\"sameAs\":[\"https:\\\/\\\/www.facebook.com\\\/samaraliyoga\",\"https:\\\/\\\/www.linkedin.com\\\/company\\\/69563155\\\/\",\"https:\\\/\\\/www.instagram.com\\\/samaraliyoga\\\/\",\"https:\\\/\\\/nl.pinterest.com\\\/Samaraliyoga\\\/\"],\"description\":\"Samarali is a sustainable yoga and lifestyle brand based in the Netherlands\",\"email\":\"info@samarali.com\",\"legalName\":\"Samarali B.V.\",\"vatID\":\"NL859820324B01\",\"numberOfEmployees\":{\"@type\":\"QuantitativeValue\",\"minValue\":\"1\",\"maxValue\":\"10\"}}]}<\/script>\n<!-- \/ Yoast SEO Premium plugin. -->","yoast_head_json":{"title":"Versandpolitik - Samarali","robots":{"index":"index","follow":"follow","max-snippet":"max-snippet:-1","max-image-preview":"max-image-preview:large","max-video-preview":"max-video-preview:-1"},"canonical":"https:\/\/samarali.com\/de\/versandpolitik\/","og_locale":"de_DE","og_type":"article","og_title":"Versandpolitik","og_description":"Bearbeitungszeit Bestellungen werden innerhalb von 1-3 Werktagen bearbeitet. Lieferzeiten Die gesch\u00e4tzten Lieferzeiten h\u00e4ngen vom Zielort und dem Transportunternehmen ab. Kosten f\u00fcr den Versand Die Versandkosten werden an der Kasse berechnet. Falsche Adresse Der Kunde ist f\u00fcr die Angabe der korrekten Versanddaten verantwortlich. Verlorene oder versp\u00e4tete Pakete Kontaktieren Sie uns, wenn sich Ihr Paket versp\u00e4tet. Wir [&hellip;]","og_url":"https:\/\/samarali.com\/de\/versandpolitik\/","og_site_name":"Samarali","article_publisher":"https:\/\/www.facebook.com\/samaraliyoga","article_modified_time":"2026-02-15T17:32:22+00:00","og_image":[{"width":1000,"height":1000,"url":"https:\/\/samarali.com\/wp-content\/uploads\/2024\/09\/Natural-rubber-yoga-mats-prune-and-dark-green_16.jpg","type":"image\/jpeg"}],"twitter_card":"summary_large_image","schema":{"@context":"https:\/\/schema.org","@graph":[{"@type":"WebPage","@id":"https:\/\/samarali.com\/de\/versandpolitik\/","url":"https:\/\/samarali.com\/de\/versandpolitik\/","name":"Versandpolitik - Samarali","isPartOf":{"@id":"https:\/\/samarali.com\/de\/#website"},"datePublished":"2026-02-15T17:19:49+00:00","dateModified":"2026-02-15T17:32:22+00:00","breadcrumb":{"@id":"https:\/\/samarali.com\/de\/versandpolitik\/#breadcrumb"},"inLanguage":"de","potentialAction":[{"@type":"ReadAction","target":["https:\/\/samarali.com\/de\/versandpolitik\/"]}]},{"@type":"BreadcrumbList","@id":"https:\/\/samarali.com\/de\/versandpolitik\/#breadcrumb","itemListElement":[{"@type":"ListItem","position":1,"name":"Startseite","item":"https:\/\/samarali.com\/de\/startseite\/"},{"@type":"ListItem","position":2,"name":"Versandpolitik"}]},{"@type":"WebSite","@id":"https:\/\/samarali.com\/de\/#website","url":"https:\/\/samarali.com\/de\/","name":"Samarali","description":"Samarali ist eine nachhaltige Yoga- und Lifestyle-Marke mit Sitz in den Niederlanden","publisher":{"@id":"https:\/\/samarali.com\/de\/#organization"},"potentialAction":[{"@type":"SearchAction","target":{"@type":"EntryPoint","urlTemplate":"https:\/\/samarali.com\/de\/?s={search_term_string}"},"query-input":{"@type":"PropertyValueSpecification","valueRequired":true,"valueName":"search_term_string"}}],"inLanguage":"de"},{"@type":"Organization","@id":"https:\/\/samarali.com\/de\/#organization","name":"Samarali","url":"https:\/\/samarali.com\/de\/","logo":{"@type":"ImageObject","inLanguage":"de","@id":"https:\/\/samarali.com\/de\/#\/schema\/logo\/image\/","url":"https:\/\/samarali.com\/wp-content\/uploads\/2024\/05\/cropped-samarali-icon.png","contentUrl":"https:\/\/samarali.com\/wp-content\/uploads\/2024\/05\/cropped-samarali-icon.png","width":512,"height":512,"caption":"Samarali"},"image":{"@id":"https:\/\/samarali.com\/de\/#\/schema\/logo\/image\/"},"sameAs":["https:\/\/www.facebook.com\/samaraliyoga","https:\/\/www.linkedin.com\/company\/69563155\/","https:\/\/www.instagram.com\/samaraliyoga\/","https:\/\/nl.pinterest.com\/Samaraliyoga\/"],"description":"Samarali is a sustainable yoga and lifestyle brand based in the Netherlands","email":"info@samarali.com","legalName":"Samarali B.V.","vatID":"NL859820324B01","numberOfEmployees":{"@type":"QuantitativeValue","minValue":"1","maxValue":"10"}}]}},"jetpack_sharing_enabled":true,"_links":{"self":[{"href":"https:\/\/samarali.com\/de\/wp-json\/wp\/v2\/pages\/37032","targetHints":{"allow":["GET"]}}],"collection":[{"href":"https:\/\/samarali.com\/de\/wp-json\/wp\/v2\/pages"}],"about":[{"href":"https:\/\/samarali.com\/de\/wp-json\/wp\/v2\/types\/page"}],"author":[{"embeddable":true,"href":"https:\/\/samarali.com\/de\/wp-json\/wp\/v2\/users\/4"}],"replies":[{"embeddable":true,"href":"https:\/\/samarali.com\/de\/wp-json\/wp\/v2\/comments?post=37032"}],"version-history":[{"count":1,"href":"https:\/\/samarali.com\/de\/wp-json\/wp\/v2\/pages\/37032\/revisions"}],"predecessor-version":[{"id":37033,"href":"https:\/\/samarali.com\/de\/wp-json\/wp\/v2\/pages\/37032\/revisions\/37033"}],"wp:attachment":[{"href":"https:\/\/samarali.com\/de\/wp-json\/wp\/v2\/media?parent=37032"}],"curies":[{"name":"wp","href":"https:\/\/api.w.org\/{rel}","templated":true}]}}