{"id":37020,"date":"2026-02-15T18:10:36","date_gmt":"2026-02-15T17:10:36","guid":{"rendered":"https:\/\/samarali.com\/rueckgabe-und-erstattungsbedingungen\/"},"modified":"2026-02-15T18:31:10","modified_gmt":"2026-02-15T17:31:10","slug":"rueckgabe-und-erstattungsbedingungen","status":"publish","type":"page","link":"https:\/\/samarali.com\/de\/rueckgabe-und-erstattungsbedingungen\/","title":{"rendered":"R\u00fcckgabe- und Erstattungsbedingungen"},"content":{"rendered":"\t\t<div data-elementor-type=\"wp-page\" data-elementor-id=\"37020\" class=\"elementor elementor-37020 elementor-36991\">\n\t\t\t\t<div class=\"elementor-element elementor-element-4bd2b0c7 e-flex e-con-boxed e-con e-parent\" data-id=\"4bd2b0c7\" data-element_type=\"container\">\n\t\t\t\t\t<div class=\"e-con-inner\">\n\t\t\t\t<div class=\"elementor-element elementor-element-58c0f06f elementor-widget elementor-widget-text-editor\" data-id=\"58c0f06f\" data-element_type=\"widget\" data-widget_type=\"text-editor.default\">\n\t\t\t\t<div class=\"elementor-widget-container\">\n\t\t\t\t\t\t\t\t\t<p><strong>Zuletzt aktualisiert am:<\/strong> 11.02.2026<\/p><p><strong>Unternehmen:<\/strong> Samarali<\/p><p><strong>Adresse des Unternehmens:<\/strong> Bolkruid, 3068 DJ Rotterdam, Die Niederlande<\/p><p><strong>E-Mail:<\/strong> <a href=\"mailto:support@samarali.com\">support@samarali.com<\/a><\/p><p>Diese Richtlinie steht im Einklang mit den EU-Verbraucherschutzbestimmungen und dem niederl\u00e4ndischen Recht.<\/p><h3>1. Gesetzliches EU-Austrittsrecht (14 Tage)<\/h3><p>Nach EU-Recht haben Verbraucher das Recht, ihren Kauf innerhalb von 14 Tagen ohne Angabe von Gr\u00fcnden zu widerrufen.<\/p><ul><li>Die Widerrufsfrist endet 14 Tage nach dem Tag, an dem Sie die Ware erhalten haben (oder den letzten Artikel bei Bestellungen mit mehreren Artikeln).<\/li><li>Um von diesem Recht Gebrauch zu machen, informieren Sie uns per E-Mail an <a href=\"mailto:info@samarali.com\">info@samarali.com<\/a> unter Angabe Ihrer Bestellnummer.<\/li><\/ul><p><strong>Wichtig:<\/strong><\/p><ul><li>Die Standardkosten f\u00fcr die Auslieferung werden erstattet, wenn das gesetzliche Widerrufsrecht ausge\u00fcbt wird.<\/li><li>Der Kunde ist f\u00fcr die R\u00fccksendekosten verantwortlich, es sei denn, der Artikel ist fehlerhaft oder wurde falsch geliefert.<\/li><li>Jede Wertminderung, die auf eine Handhabung zur\u00fcckzuf\u00fchren ist, die \u00fcber das f\u00fcr die Inspektion erforderliche Ma\u00df hinausgeht, kann abgezogen werden.<\/li><\/ul><h3>2. Samarali Freiwilliges 30-Tage-R\u00fcckgaberecht<\/h3><p>Wir bieten eine 30-t\u00e4gige R\u00fcckgabefrist ab dem Tag, an dem Sie Ihre Bestellung erhalten.<\/p><ul><li>R\u00fccksendungen nach der gesetzlichen Widerrufsfrist von 14 Tagen fallen unter diese freiwillige Regelung.<\/li><li>Es wird nur der Wert des Produkts erstattet; die urspr\u00fcnglichen Versandkosten werden nicht erstattet.<\/li><li>Die Kosten f\u00fcr die R\u00fccksendung liegen in der Verantwortung des Kunden und werden nicht erstattet.<\/li><\/ul><h3>3. Produktzustand &amp; Hygienevorschriften<\/h3><h4>3.1 Bekleidungspflege und Produkte aus Textil &amp; Gebrauch<\/h4><p>Die von Samarali verkauften Kleidungsst\u00fccke sind nur f\u00fcr die Standardanprobe und -inspektion bestimmt, vergleichbar mit dem, was in einer physischen Einzelhandelsumgebung vern\u00fcnftigerweise passieren w\u00fcrde.<\/p><p>Die folgenden Punkte gelten als \u00fcberm\u00e4\u00dfige Behandlung, die \u00fcber die normale Inspektion hinausgeht:<\/p><ul><li>Das Tragen von Kleidungsst\u00fccken w\u00e4hrend des Trainings, der Trainingseinheiten oder Veranstaltungen<\/li><li>Waschen, Trocknen, B\u00fcgeln oder \u00c4ndern von Gegenst\u00e4nden<\/li><li>Vorhandensein von Ger\u00fcchen, Flecken, Deo-Spuren, Make-up, Menschen- oder Tierhaaren<\/li><li>Entfernung, Besch\u00e4digung oder Ersatz von Originaletiketten oder -verpackungen<\/li><\/ul><p>In diesem Zustand zur\u00fcckgegebene Artikel k\u00f6nnen:<\/p><ul><li>einer Reduzierung des Erstattungsbetrags unterliegen, um den Wertverlust widerzuspiegeln, oder<\/li><li>abgelehnt werden, wenn sich das Produkt nicht mehr in einem wiederverkaufsf\u00e4higen Zustand befindet.<\/li><\/ul><p>Diese Richtlinie wird in \u00dcbereinstimmung mit den EU-Verbraucherschutzgesetzen in Bezug auf die Wertminderung durch die Handhabung angewandt<br>\u00fcber das hinaus, was zur Feststellung der Beschaffenheit, der Eigenschaften und der Funktionsweise der Waren erforderlich ist.<\/p><h4>3.2 Hygiene und Sicherheit der Yoga-Ausr\u00fcstung<\/h4><p>Aus Sicherheits- und Hygienegr\u00fcnden m\u00fcssen Yoga- und Meditationsausr\u00fcstungen und -zubeh\u00f6r gesch\u00fctzt werden:<\/p><ul><li>Unbenutzt und hygienisch sauber<\/li><li>In der Originalverpackung und mit intaktem Zubeh\u00f6r zur\u00fcckgeschickt<\/li><li>Frei von Schwei\u00df, Schmutz oder Besch\u00e4digungen<\/li><li>Frei vom Waschen, Trocknen, B\u00fcgeln oder \u00c4ndern von Gegenst\u00e4nden<\/li><li>Kein Vorhandensein von Ger\u00fcchen, Flecken, Menschen- oder Tierhaaren<\/li><li>Entfernung, Besch\u00e4digung oder Ersatz von Originaletiketten oder -verpackungen<\/li><\/ul><p>Artikel, die diese Anforderungen nicht erf\u00fcllen, k\u00f6nnen:<\/p><ul><li>eine reduzierte Erstattung aufgrund von Wertverlusten erhalten oder<\/li><li>abgelehnt werden, wenn sie nicht mehr wiederverk\u00e4uflich sind<\/li><\/ul><h3>4. Pr\u00e4vention von Retourenmissbrauch<\/h3><p>Um Missbrauch zu verhindern:<\/p><ul><li>Wiederholte Versuche, Artikel zu benutzen und zur\u00fcckzugeben (&#8222;wear &amp; return&#8220;), k\u00f6nnen untersucht werden.<\/li><li>Die R\u00fcckerstattung kann gek\u00fcrzt oder verweigert werden, wenn die Artikel \u00fcber die normale \u00dcberpr\u00fcfung der Gr\u00f6\u00dfe\/Passform hinaus \u00fcberm\u00e4\u00dfig benutzt wurden.<\/li><\/ul><p>Dies steht in vollem Einklang mit dem EU-Verbraucherrecht in Bezug auf den &#8222;Wertverlust durch Handhabung, die \u00fcber das f\u00fcr die Feststellung des Wertes erforderliche Ma\u00df hinausgeht<br>die Art, die Eigenschaften und die Funktionsweise der Waren&#8220;.<\/p><h3>5. R\u00fcckgabe Prozess<\/h3><ol><li>Kontaktieren Sie <a href=\"mailto:info@samarali.com\">info@samarali.com<\/a> mit Ihrer Bestellnummer und Ihrem R\u00fcckgabeantrag.<\/li><li>Verpacken Sie den Artikel sicher.<\/li><li>Legen Sie Ihre Bestellnummer in das Paket.<\/li><li>Senden Sie die R\u00fccksendung an:<br>Samarali<br>Bolkruid 19<br>3068 DJ Rotterdam<br>Die Niederlande<\/li><\/ol><p>Verwenden Sie eine verfolgbare Versandmethode; wir sind nicht verantwortlich f\u00fcr verloren gegangene R\u00fccksendungen.<\/p><h3>6. Inspektion &amp; Erstattungen<\/h3><ul><li>Zur\u00fcckgegebene Artikel werden auf Zustand, Hygiene und Vollst\u00e4ndigkeit gepr\u00fcft.<\/li><li>R\u00fcckerstattungen (nach eventuellen Abz\u00fcgen) werden innerhalb von 14 Tagen an die urspr\u00fcngliche Zahlungsmethode \u00fcberwiesen.<\/li><li>Die Kosten f\u00fcr die R\u00fccksendung und die urspr\u00fcngliche Lieferung werden im Rahmen des freiwilligen 30-t\u00e4gigen R\u00fcckgaberechts nicht erstattet.<\/li><\/ul><h3>7. Fehlerhafte oder inkorrekte Artikel<\/h3><p>Wenn Ihr Artikel defekt, besch\u00e4digt oder falsch ist:<\/p><ul><li>Wenden Sie sich sofort mit Fotos und Ihrer Bestellnummer an <a href=\"mailto:info@samarali.com\">info@samarali.com<\/a>.<\/li><li>Wir bieten Ihnen eine L\u00f6sung in \u00dcbereinstimmung mit dem EU-Recht, einschlie\u00dflich der Kosten f\u00fcr den R\u00fcckversand, falls zutreffend.<\/li><\/ul><h3>8. Nicht zur\u00fccknehmbare Artikel<\/h3><p>Sofern nicht defekt, k\u00f6nnen folgende Artikel nicht zur\u00fcckgegeben werden:<\/p><ul><li>Personalisierte oder individuelle Artikel<\/li><li>Hygieneempfindliche Artikel nach dem Entsiegeln<\/li><li>Endverkaufsartikel<\/li><\/ul><h3>9. EU-Standard-Widerrufsformular<\/h3><p><em>(F\u00fcllen Sie dieses Formular nur aus und senden Sie es zur\u00fcck, wenn Sie den Vertrag widerrufen wollen)<\/em><\/p><p><strong>An:<\/strong> Samarali, Bolkruid 19, 3068 DJ Rotterdam, Die Niederlande<br><strong>E-Mail:<\/strong> <a href=\"mailto:info@samarali.com\">info@samarali.com<\/a><\/p><p>Ich\/Wir () erkl\u00e4re(n) hiermit, dass ich\/wir () von meinem\/unserem (*) Kaufvertrag \u00fcber die folgenden Waren zur\u00fccktrete(n):<\/p><ul><li>Bestellt am () \/ Empfangen am ()<\/li><li>Bestellnummer:<\/li><li>Name des\/der Verbraucher(s):<\/li><li>Adresse des\/der Verbraucher(s):<\/li><li>Unterschrift des\/der Verbraucher(s) (nur wenn auf Papier):<\/li><li>Datum:<\/li><\/ul><p><em>(*) Gegebenenfalls streichen<\/em><\/p>\t\t\t\t\t\t\t\t<\/div>\n\t\t\t\t<\/div>\n\t\t\t\t\t<\/div>\n\t\t\t\t<\/div>\n\t\t\t\t<\/div>\n\t\t","protected":false},"excerpt":{"rendered":"<p>Zuletzt aktualisiert am: 11.02.2026 Unternehmen: Samarali Adresse des Unternehmens: Bolkruid, 3068 DJ Rotterdam, Die Niederlande E-Mail: support@samarali.com Diese Richtlinie steht im Einklang mit den EU-Verbraucherschutzbestimmungen und dem niederl\u00e4ndischen Recht. 1. Gesetzliches EU-Austrittsrecht (14 Tage) Nach EU-Recht haben Verbraucher das Recht, ihren Kauf innerhalb von 14 Tagen ohne Angabe von Gr\u00fcnden zu widerrufen. Die Widerrufsfrist endet [&hellip;]<\/p>\n","protected":false},"author":4,"featured_media":0,"parent":0,"menu_order":0,"comment_status":"closed","ping_status":"closed","template":"","meta":{"_acf_changed":false,"_improvement_type_select":"improve_an_existing","_thumb_yes_seoaic":false,"_frame_yes_seoaic":false,"seoaic_generate_description":"","seoaic_improve_instructions_prompt":"","seoaic_rollback_content_improvement":"","seoaic_idea_thumbnail_generator":"","thumbnail_generated":false,"thumbnail_generate_prompt":"","seoaic_article_description":"","inline_featured_image":false,"footnotes":""},"class_list":["post-37020","page","type-page","status-publish","hentry"],"acf":[],"yoast_head":"<!-- This site is optimized with the Yoast SEO Premium plugin v27.4 (Yoast SEO v27.4) - https:\/\/yoast.com\/product\/yoast-seo-premium-wordpress\/ -->\n<title>R\u00fcckgabe- und Erstattungsbedingungen - Samarali<\/title>\n<meta name=\"robots\" content=\"index, follow, max-snippet:-1, max-image-preview:large, max-video-preview:-1\" \/>\n<link rel=\"canonical\" href=\"https:\/\/samarali.com\/de\/rueckgabe-und-erstattungsbedingungen\/\" \/>\n<meta property=\"og:locale\" content=\"de_DE\" \/>\n<meta property=\"og:type\" content=\"article\" \/>\n<meta property=\"og:title\" content=\"R\u00fcckgabe- und Erstattungsbedingungen\" \/>\n<meta property=\"og:description\" content=\"Zuletzt aktualisiert am: 11.02.2026 Unternehmen: Samarali Adresse des Unternehmens: Bolkruid, 3068 DJ Rotterdam, Die Niederlande E-Mail: support@samarali.com Diese Richtlinie steht im Einklang mit den EU-Verbraucherschutzbestimmungen und dem niederl\u00e4ndischen Recht. 1. Gesetzliches EU-Austrittsrecht (14 Tage) Nach EU-Recht haben Verbraucher das Recht, ihren Kauf innerhalb von 14 Tagen ohne Angabe von Gr\u00fcnden zu widerrufen. Die Widerrufsfrist endet [&hellip;]\" \/>\n<meta property=\"og:url\" content=\"https:\/\/samarali.com\/de\/rueckgabe-und-erstattungsbedingungen\/\" \/>\n<meta property=\"og:site_name\" content=\"Samarali\" \/>\n<meta property=\"article:publisher\" content=\"https:\/\/www.facebook.com\/samaraliyoga\" \/>\n<meta property=\"article:modified_time\" content=\"2026-02-15T17:31:10+00:00\" \/>\n<meta property=\"og:image\" content=\"https:\/\/samarali.com\/wp-content\/uploads\/2024\/09\/Natural-rubber-yoga-mats-prune-and-dark-green_16.jpg\" \/>\n\t<meta property=\"og:image:width\" content=\"1000\" \/>\n\t<meta property=\"og:image:height\" content=\"1000\" \/>\n\t<meta property=\"og:image:type\" content=\"image\/jpeg\" \/>\n<meta name=\"twitter:card\" content=\"summary_large_image\" \/>\n<meta name=\"twitter:label1\" content=\"Gesch\u00e4tzte Lesezeit\" \/>\n\t<meta name=\"twitter:data1\" content=\"4\u00a0Minute\" \/>\n<script type=\"application\/ld+json\" class=\"yoast-schema-graph\">{\"@context\":\"https:\\\/\\\/schema.org\",\"@graph\":[{\"@type\":\"WebPage\",\"@id\":\"https:\\\/\\\/samarali.com\\\/de\\\/rueckgabe-und-erstattungsbedingungen\\\/\",\"url\":\"https:\\\/\\\/samarali.com\\\/de\\\/rueckgabe-und-erstattungsbedingungen\\\/\",\"name\":\"R\u00fcckgabe- und Erstattungsbedingungen - Samarali\",\"isPartOf\":{\"@id\":\"https:\\\/\\\/samarali.com\\\/de\\\/#website\"},\"datePublished\":\"2026-02-15T17:10:36+00:00\",\"dateModified\":\"2026-02-15T17:31:10+00:00\",\"breadcrumb\":{\"@id\":\"https:\\\/\\\/samarali.com\\\/de\\\/rueckgabe-und-erstattungsbedingungen\\\/#breadcrumb\"},\"inLanguage\":\"de\",\"potentialAction\":[{\"@type\":\"ReadAction\",\"target\":[\"https:\\\/\\\/samarali.com\\\/de\\\/rueckgabe-und-erstattungsbedingungen\\\/\"]}]},{\"@type\":\"BreadcrumbList\",\"@id\":\"https:\\\/\\\/samarali.com\\\/de\\\/rueckgabe-und-erstattungsbedingungen\\\/#breadcrumb\",\"itemListElement\":[{\"@type\":\"ListItem\",\"position\":1,\"name\":\"Startseite\",\"item\":\"https:\\\/\\\/samarali.com\\\/de\\\/startseite\\\/\"},{\"@type\":\"ListItem\",\"position\":2,\"name\":\"R\u00fcckgabe- und Erstattungsbedingungen\"}]},{\"@type\":\"WebSite\",\"@id\":\"https:\\\/\\\/samarali.com\\\/de\\\/#website\",\"url\":\"https:\\\/\\\/samarali.com\\\/de\\\/\",\"name\":\"Samarali\",\"description\":\"Samarali ist eine nachhaltige Yoga- und Lifestyle-Marke mit Sitz in den Niederlanden\",\"publisher\":{\"@id\":\"https:\\\/\\\/samarali.com\\\/de\\\/#organization\"},\"potentialAction\":[{\"@type\":\"SearchAction\",\"target\":{\"@type\":\"EntryPoint\",\"urlTemplate\":\"https:\\\/\\\/samarali.com\\\/de\\\/?s={search_term_string}\"},\"query-input\":{\"@type\":\"PropertyValueSpecification\",\"valueRequired\":true,\"valueName\":\"search_term_string\"}}],\"inLanguage\":\"de\"},{\"@type\":\"Organization\",\"@id\":\"https:\\\/\\\/samarali.com\\\/de\\\/#organization\",\"name\":\"Samarali\",\"url\":\"https:\\\/\\\/samarali.com\\\/de\\\/\",\"logo\":{\"@type\":\"ImageObject\",\"inLanguage\":\"de\",\"@id\":\"https:\\\/\\\/samarali.com\\\/de\\\/#\\\/schema\\\/logo\\\/image\\\/\",\"url\":\"https:\\\/\\\/samarali.com\\\/wp-content\\\/uploads\\\/2024\\\/05\\\/cropped-samarali-icon.png\",\"contentUrl\":\"https:\\\/\\\/samarali.com\\\/wp-content\\\/uploads\\\/2024\\\/05\\\/cropped-samarali-icon.png\",\"width\":512,\"height\":512,\"caption\":\"Samarali\"},\"image\":{\"@id\":\"https:\\\/\\\/samarali.com\\\/de\\\/#\\\/schema\\\/logo\\\/image\\\/\"},\"sameAs\":[\"https:\\\/\\\/www.facebook.com\\\/samaraliyoga\",\"https:\\\/\\\/www.linkedin.com\\\/company\\\/69563155\\\/\",\"https:\\\/\\\/www.instagram.com\\\/samaraliyoga\\\/\",\"https:\\\/\\\/nl.pinterest.com\\\/Samaraliyoga\\\/\"],\"description\":\"Samarali is a sustainable yoga and lifestyle brand based in the Netherlands\",\"email\":\"info@samarali.com\",\"legalName\":\"Samarali B.V.\",\"vatID\":\"NL859820324B01\",\"numberOfEmployees\":{\"@type\":\"QuantitativeValue\",\"minValue\":\"1\",\"maxValue\":\"10\"}}]}<\/script>\n<!-- \/ Yoast SEO Premium plugin. -->","yoast_head_json":{"title":"R\u00fcckgabe- und Erstattungsbedingungen - Samarali","robots":{"index":"index","follow":"follow","max-snippet":"max-snippet:-1","max-image-preview":"max-image-preview:large","max-video-preview":"max-video-preview:-1"},"canonical":"https:\/\/samarali.com\/de\/rueckgabe-und-erstattungsbedingungen\/","og_locale":"de_DE","og_type":"article","og_title":"R\u00fcckgabe- und Erstattungsbedingungen","og_description":"Zuletzt aktualisiert am: 11.02.2026 Unternehmen: Samarali Adresse des Unternehmens: Bolkruid, 3068 DJ Rotterdam, Die Niederlande E-Mail: support@samarali.com Diese Richtlinie steht im Einklang mit den EU-Verbraucherschutzbestimmungen und dem niederl\u00e4ndischen Recht. 1. Gesetzliches EU-Austrittsrecht (14 Tage) Nach EU-Recht haben Verbraucher das Recht, ihren Kauf innerhalb von 14 Tagen ohne Angabe von Gr\u00fcnden zu widerrufen. Die Widerrufsfrist endet [&hellip;]","og_url":"https:\/\/samarali.com\/de\/rueckgabe-und-erstattungsbedingungen\/","og_site_name":"Samarali","article_publisher":"https:\/\/www.facebook.com\/samaraliyoga","article_modified_time":"2026-02-15T17:31:10+00:00","og_image":[{"width":1000,"height":1000,"url":"https:\/\/samarali.com\/wp-content\/uploads\/2024\/09\/Natural-rubber-yoga-mats-prune-and-dark-green_16.jpg","type":"image\/jpeg"}],"twitter_card":"summary_large_image","twitter_misc":{"Gesch\u00e4tzte Lesezeit":"4\u00a0Minute"},"schema":{"@context":"https:\/\/schema.org","@graph":[{"@type":"WebPage","@id":"https:\/\/samarali.com\/de\/rueckgabe-und-erstattungsbedingungen\/","url":"https:\/\/samarali.com\/de\/rueckgabe-und-erstattungsbedingungen\/","name":"R\u00fcckgabe- und Erstattungsbedingungen - Samarali","isPartOf":{"@id":"https:\/\/samarali.com\/de\/#website"},"datePublished":"2026-02-15T17:10:36+00:00","dateModified":"2026-02-15T17:31:10+00:00","breadcrumb":{"@id":"https:\/\/samarali.com\/de\/rueckgabe-und-erstattungsbedingungen\/#breadcrumb"},"inLanguage":"de","potentialAction":[{"@type":"ReadAction","target":["https:\/\/samarali.com\/de\/rueckgabe-und-erstattungsbedingungen\/"]}]},{"@type":"BreadcrumbList","@id":"https:\/\/samarali.com\/de\/rueckgabe-und-erstattungsbedingungen\/#breadcrumb","itemListElement":[{"@type":"ListItem","position":1,"name":"Startseite","item":"https:\/\/samarali.com\/de\/startseite\/"},{"@type":"ListItem","position":2,"name":"R\u00fcckgabe- und Erstattungsbedingungen"}]},{"@type":"WebSite","@id":"https:\/\/samarali.com\/de\/#website","url":"https:\/\/samarali.com\/de\/","name":"Samarali","description":"Samarali ist eine nachhaltige Yoga- und Lifestyle-Marke mit Sitz in den Niederlanden","publisher":{"@id":"https:\/\/samarali.com\/de\/#organization"},"potentialAction":[{"@type":"SearchAction","target":{"@type":"EntryPoint","urlTemplate":"https:\/\/samarali.com\/de\/?s={search_term_string}"},"query-input":{"@type":"PropertyValueSpecification","valueRequired":true,"valueName":"search_term_string"}}],"inLanguage":"de"},{"@type":"Organization","@id":"https:\/\/samarali.com\/de\/#organization","name":"Samarali","url":"https:\/\/samarali.com\/de\/","logo":{"@type":"ImageObject","inLanguage":"de","@id":"https:\/\/samarali.com\/de\/#\/schema\/logo\/image\/","url":"https:\/\/samarali.com\/wp-content\/uploads\/2024\/05\/cropped-samarali-icon.png","contentUrl":"https:\/\/samarali.com\/wp-content\/uploads\/2024\/05\/cropped-samarali-icon.png","width":512,"height":512,"caption":"Samarali"},"image":{"@id":"https:\/\/samarali.com\/de\/#\/schema\/logo\/image\/"},"sameAs":["https:\/\/www.facebook.com\/samaraliyoga","https:\/\/www.linkedin.com\/company\/69563155\/","https:\/\/www.instagram.com\/samaraliyoga\/","https:\/\/nl.pinterest.com\/Samaraliyoga\/"],"description":"Samarali is a sustainable yoga and lifestyle brand based in the Netherlands","email":"info@samarali.com","legalName":"Samarali B.V.","vatID":"NL859820324B01","numberOfEmployees":{"@type":"QuantitativeValue","minValue":"1","maxValue":"10"}}]}},"jetpack_sharing_enabled":true,"_links":{"self":[{"href":"https:\/\/samarali.com\/de\/wp-json\/wp\/v2\/pages\/37020","targetHints":{"allow":["GET"]}}],"collection":[{"href":"https:\/\/samarali.com\/de\/wp-json\/wp\/v2\/pages"}],"about":[{"href":"https:\/\/samarali.com\/de\/wp-json\/wp\/v2\/types\/page"}],"author":[{"embeddable":true,"href":"https:\/\/samarali.com\/de\/wp-json\/wp\/v2\/users\/4"}],"replies":[{"embeddable":true,"href":"https:\/\/samarali.com\/de\/wp-json\/wp\/v2\/comments?post=37020"}],"version-history":[{"count":1,"href":"https:\/\/samarali.com\/de\/wp-json\/wp\/v2\/pages\/37020\/revisions"}],"predecessor-version":[{"id":37023,"href":"https:\/\/samarali.com\/de\/wp-json\/wp\/v2\/pages\/37020\/revisions\/37023"}],"wp:attachment":[{"href":"https:\/\/samarali.com\/de\/wp-json\/wp\/v2\/media?parent=37020"}],"curies":[{"name":"wp","href":"https:\/\/api.w.org\/{rel}","templated":true}]}}