{"id":27436,"date":"2020-10-13T09:00:26","date_gmt":"2020-10-13T07:00:26","guid":{"rendered":"https:\/\/samarali.com\/ueber-uns\/"},"modified":"2024-10-14T13:50:59","modified_gmt":"2024-10-14T11:50:59","slug":"ueber-uns","status":"publish","type":"page","link":"https:\/\/samarali.com\/de\/ueber-uns\/","title":{"rendered":"\u00dcber uns"},"content":{"rendered":"\t\t<div data-elementor-type=\"wp-page\" data-elementor-id=\"27436\" class=\"elementor elementor-27436 elementor-633\">\n\t\t\t\t\t\t<section class=\"elementor-section elementor-top-section elementor-element elementor-element-a9435d9 elementor-section-boxed elementor-section-height-default elementor-section-height-default\" data-id=\"a9435d9\" data-element_type=\"section\">\n\t\t\t\t\t\t<div class=\"elementor-container elementor-column-gap-extended\">\n\t\t\t\t\t<div class=\"elementor-column elementor-col-50 elementor-top-column elementor-element elementor-element-0f3eef1\" data-id=\"0f3eef1\" data-element_type=\"column\">\n\t\t\t<div class=\"elementor-widget-wrap elementor-element-populated\">\n\t\t\t\t\t\t<div class=\"elementor-element elementor-element-57f1c50 elementor-widget elementor-widget-heading\" data-id=\"57f1c50\" data-element_type=\"widget\" data-widget_type=\"heading.default\">\n\t\t\t\t<div class=\"elementor-widget-container\">\n\t\t\t\t\t<h6 class=\"elementor-heading-title elementor-size-default\">Geschichte<\/h6>\t\t\t\t<\/div>\n\t\t\t\t<\/div>\n\t\t\t\t<div class=\"elementor-element elementor-element-b2daf09 elementor-widget elementor-widget-heading\" data-id=\"b2daf09\" data-element_type=\"widget\" data-widget_type=\"heading.default\">\n\t\t\t\t<div class=\"elementor-widget-container\">\n\t\t\t\t\t<h3 class=\"elementor-heading-title elementor-size-default\">\u00dcber US<\/h3>\t\t\t\t<\/div>\n\t\t\t\t<\/div>\n\t\t\t\t<div class=\"elementor-element elementor-element-20f4454 elementor-widget elementor-widget-text-editor\" data-id=\"20f4454\" data-element_type=\"widget\" data-widget_type=\"text-editor.default\">\n\t\t\t\t<div class=\"elementor-widget-container\">\n\t\t\t\t\t\t\t\t\t<p>Mein Name ist Nodira und ich bin in der pulsierenden Hauptstadt Usbekistans, Taschkent, geboren und aufgewachsen.<br \/>\nVon klein auf begeisterte ich mich f\u00fcr Sport und Tanz und verbrachte die meiste Zeit im Freien, umgeben von der Natur.<br \/>\nDiese tiefe Verbundenheit mit der Natur hat sowohl den Sport als auch die Natur zu meinen wichtigsten Energie- und Motivationsquellen gemacht.  <\/p>\n\t\t\t\t\t\t\t\t<\/div>\n\t\t\t\t<\/div>\n\t\t\t\t<div class=\"elementor-element elementor-element-31617f0 elementor-widget__width-initial elementor-widget elementor-widget-text-editor\" data-id=\"31617f0\" data-element_type=\"widget\" data-widget_type=\"text-editor.default\">\n\t\t\t\t<div class=\"elementor-widget-container\">\n\t\t\t\t\t\t\t\t\t<h4><b>Die Entdeckung des Yoga<\/b><\/h4>\n<p>Da ich von Natur aus neugierig bin, habe ich im Laufe meines Lebens viele verschiedene Sportarten ausprobiert.<br \/>\nEines Tages stolperte ich \u00fcber Yoga und es er\u00f6ffnete mir eine ganz neue Welt.<br \/>\nYoga hat mir geholfen, achtsamer, geduldiger und selbstbewusster zu werden.<br \/>\nIch verliebte mich sofort darin und begann, einfache Asanas zu \u00fcben, die bald zu einem wesentlichen Teil meiner t\u00e4glichen Routine wurden.     <\/p>\n\t\t\t\t\t\t\t\t<\/div>\n\t\t\t\t<\/div>\n\t\t\t\t\t<\/div>\n\t\t<\/div>\n\t\t\t\t<div class=\"elementor-column elementor-col-50 elementor-top-column elementor-element elementor-element-2ca6e37\" data-id=\"2ca6e37\" data-element_type=\"column\">\n\t\t\t<div class=\"elementor-widget-wrap elementor-element-populated\">\n\t\t\t\t\t\t<div class=\"elementor-element elementor-element-19a047b elementor-widget elementor-widget-image\" data-id=\"19a047b\" data-element_type=\"widget\" data-widget_type=\"image.default\">\n\t\t\t\t<div class=\"elementor-widget-container\">\n\t\t\t\t\t\t\t\t\t\t\t\t\t\t\t<img fetchpriority=\"high\" decoding=\"async\" width=\"640\" height=\"640\" src=\"https:\/\/samarali.com\/wp-content\/uploads\/2024\/09\/Samarali-6.jpg\" class=\"attachment-large size-large wp-image-26440\" alt=\"About Us  About\" srcset=\"https:\/\/samarali.com\/wp-content\/uploads\/2024\/09\/Samarali-6.jpg 1000w, https:\/\/samarali.com\/wp-content\/uploads\/2024\/09\/Samarali-6-300x300.jpg 300w, https:\/\/samarali.com\/wp-content\/uploads\/2024\/09\/Samarali-6-150x150.jpg 150w, https:\/\/samarali.com\/wp-content\/uploads\/2024\/09\/Samarali-6-768x768.jpg 768w, https:\/\/samarali.com\/wp-content\/uploads\/2024\/09\/Samarali-6-500x500.jpg 500w, https:\/\/samarali.com\/wp-content\/uploads\/2024\/09\/Samarali-6-670x670.jpg 670w, https:\/\/samarali.com\/wp-content\/uploads\/2024\/09\/Samarali-6-130x130.jpg 130w, https:\/\/samarali.com\/wp-content\/uploads\/2024\/09\/Samarali-6-50x50.jpg 50w, https:\/\/samarali.com\/wp-content\/uploads\/2024\/09\/Samarali-6-100x100.jpg 100w\" sizes=\"(max-width: 640px) 100vw, 640px\" \/>\t\t\t\t\t\t\t\t\t\t\t\t\t\t\t<\/div>\n\t\t\t\t<\/div>\n\t\t\t\t\t<\/div>\n\t\t<\/div>\n\t\t\t\t\t<\/div>\n\t\t<\/section>\n\t\t\t\t<section class=\"elementor-section elementor-top-section elementor-element elementor-element-aa9529d elementor-section-boxed elementor-section-height-default elementor-section-height-default\" data-id=\"aa9529d\" data-element_type=\"section\">\n\t\t\t\t\t\t<div class=\"elementor-container elementor-column-gap-extended\">\n\t\t\t\t\t<div class=\"elementor-column elementor-col-50 elementor-top-column elementor-element elementor-element-925596a\" data-id=\"925596a\" data-element_type=\"column\">\n\t\t\t<div class=\"elementor-widget-wrap elementor-element-populated\">\n\t\t\t\t\t\t<div class=\"elementor-element elementor-element-0873476 elementor-widget elementor-widget-image\" data-id=\"0873476\" data-element_type=\"widget\" data-widget_type=\"image.default\">\n\t\t\t\t<div class=\"elementor-widget-container\">\n\t\t\t\t\t\t\t\t\t\t\t\t\t\t\t<img decoding=\"async\" width=\"640\" height=\"640\" src=\"https:\/\/samarali.com\/wp-content\/uploads\/2024\/08\/Samarali-yoga-bags.jpg\" class=\"attachment-large size-large wp-image-24981\" alt=\"Yogamattentasche Yogamattentasche Yogamattentasche Yogamattentasche Yogamattentasche Yogamattentasche Yogamattentasche Yogamattentasche Yogamattentasche Kork Yogamattentasche und Kork Rucksack Yogamattentasche Yogamattentasche Yogamattentasche Yogamattentasche Yogamattentasche Yogamattentasche Yogamattentasche Yogamattentasche\" srcset=\"https:\/\/samarali.com\/wp-content\/uploads\/2024\/08\/Samarali-yoga-bags.jpg 1000w, https:\/\/samarali.com\/wp-content\/uploads\/2024\/08\/Samarali-yoga-bags-300x300.jpg 300w, https:\/\/samarali.com\/wp-content\/uploads\/2024\/08\/Samarali-yoga-bags-150x150.jpg 150w, https:\/\/samarali.com\/wp-content\/uploads\/2024\/08\/Samarali-yoga-bags-768x768.jpg 768w, https:\/\/samarali.com\/wp-content\/uploads\/2024\/08\/Samarali-yoga-bags-500x500.jpg 500w, https:\/\/samarali.com\/wp-content\/uploads\/2024\/08\/Samarali-yoga-bags-670x670.jpg 670w, https:\/\/samarali.com\/wp-content\/uploads\/2024\/08\/Samarali-yoga-bags-130x130.jpg 130w, https:\/\/samarali.com\/wp-content\/uploads\/2024\/08\/Samarali-yoga-bags-50x50.jpg 50w, https:\/\/samarali.com\/wp-content\/uploads\/2024\/08\/Samarali-yoga-bags-100x100.jpg 100w\" sizes=\"(max-width: 640px) 100vw, 640px\" \/>\t\t\t\t\t\t\t\t\t\t\t\t\t\t\t<\/div>\n\t\t\t\t<\/div>\n\t\t\t\t\t<\/div>\n\t\t<\/div>\n\t\t\t\t<div class=\"elementor-column elementor-col-50 elementor-top-column elementor-element elementor-element-5612fee\" data-id=\"5612fee\" data-element_type=\"column\">\n\t\t\t<div class=\"elementor-widget-wrap elementor-element-populated\">\n\t\t\t\t\t\t<div class=\"elementor-element elementor-element-ed70999 elementor-widget elementor-widget-text-editor\" data-id=\"ed70999\" data-element_type=\"widget\" data-widget_type=\"text-editor.default\">\n\t\t\t\t<div class=\"elementor-widget-container\">\n\t\t\t\t\t\t\t\t\t<h4><span style=\"white-space-collapse: preserve;\"><b>Passion f\u00fcr nachhaltige Yoga-Produkte  <\/b><\/span><\/h4>\n<p><span style=\"white-space-collapse: preserve;\">Als sich meine Leidenschaft f\u00fcr Yoga vertiefte, begann ich nach nachhaltigen Produkten zu suchen, um meine Praxis zu verbessern.<br \/>\nEs fiel mir jedoch schwer, umweltfreundliche, qualitativ hochwertige Yoga-Werkzeuge zu finden, die mit meinen Werten \u00fcbereinstimmten.<br \/>\nDas brachte mich auf die Idee, ein Unternehmen zu gr\u00fcnden, in dem ich sch\u00f6ne, nachhaltige Produkte herstellen kann, die von einzigartigen zentralasiatischen Designs inspiriert sind und gleichzeitig die Umwelt schonen.    <\/span><\/p>\n\t\t\t\t\t\t\t\t<\/div>\n\t\t\t\t<\/div>\n\t\t\t\t<div class=\"elementor-element elementor-element-2c01c8e elementor-widget elementor-widget-text-editor\" data-id=\"2c01c8e\" data-element_type=\"widget\" data-widget_type=\"text-editor.default\">\n\t\t\t\t<div class=\"elementor-widget-container\">\n\t\t\t\t\t\t\t\t\t<h4><span style=\"white-space-collapse: preserve;\"><b>Gesch\u00e4ftsvision und Ziele<\/b> <\/span><\/h4>\n<p><span style=\"white-space-collapse: preserve;\">Unsere Vision bei Samarali ist es, qualitativ hochwertige Yoga-Werkzeuge herzustellen, die das reiche Erbe Zentralasiens ehren und gleichzeitig umweltbewusst sind.<br \/>\nUnsere Produkte bestechen durch ihr Design, das sowohl die kulturelle Sch\u00f6nheit als auch unser tiefes Engagement f\u00fcr Nachhaltigkeit widerspiegelt.<br \/>\nMit jedem Schritt streben wir nach Innovation und kontinuierlicher Verbesserung, um sicherzustellen, dass unsere Reise in eine nachhaltigere Zukunft nie endet.  <\/span><\/p>\n\t\t\t\t\t\t\t\t<\/div>\n\t\t\t\t<\/div>\n\t\t\t\t\t<\/div>\n\t\t<\/div>\n\t\t\t\t\t<\/div>\n\t\t<\/section>\n\t\t<div class=\"elementor-element elementor-element-291e833 e-flex e-con-boxed e-con e-parent\" data-id=\"291e833\" data-element_type=\"container\">\n\t\t\t\t\t<div class=\"e-con-inner\">\n\t\t<div class=\"elementor-element elementor-element-6813fdc e-con-full e-flex e-con e-child\" data-id=\"6813fdc\" data-element_type=\"container\">\n\t\t\t\t<div class=\"elementor-element elementor-element-742e2a8 elementor-widget elementor-widget-text-editor\" data-id=\"742e2a8\" data-element_type=\"widget\" data-widget_type=\"text-editor.default\">\n\t\t\t\t<div class=\"elementor-widget-container\">\n\t\t\t\t\t\t\t\t\t<h4>Auswirkungen auf die Gemeinschaft und die Umwelt<\/h4>\n<p>Wir sind bestrebt, nicht nur durch unsere Produkte, sondern auch durch die Unterst\u00fctzung von Umweltorganisationen, die sich f\u00fcr den Schutz unseres Planeten einsetzen, einen positiven Einfluss auszu\u00fcben.<\/p>\n<p>Danke, dass Sie Teil dieser Reise sind.<br \/>\nGemeinsam k\u00f6nnen wir eine nachhaltigere und sch\u00f6nere Zukunft schaffen, ein Produkt nach dem anderen.<br \/>\nWir sehen uns bald wieder!  <\/p>\n<p>Bis bald!  <\/p>\n<p>Nodira<\/p>\n<p>Gr\u00fcnder und CEO von Samarali<\/p>\n<\/p>\n<div> <\/div>\n\t\t\t\t\t\t\t\t<\/div>\n\t\t\t\t<\/div>\n\t\t\t\t<\/div>\n\t\t<div class=\"elementor-element elementor-element-cb6b391 e-con-full e-flex e-con e-child\" data-id=\"cb6b391\" data-element_type=\"container\">\n\t\t\t\t<div class=\"elementor-element elementor-element-8c69622 elementor-widget elementor-widget-image\" data-id=\"8c69622\" data-element_type=\"widget\" data-widget_type=\"image.default\">\n\t\t\t\t<div class=\"elementor-widget-container\">\n\t\t\t\t\t\t\t\t\t\t\t\t\t\t\t<img decoding=\"async\" width=\"640\" height=\"640\" src=\"https:\/\/samarali.com\/wp-content\/uploads\/2024\/09\/Samarali-9.jpg\" class=\"attachment-large size-large wp-image-26435\" alt=\"About Us  About\" srcset=\"https:\/\/samarali.com\/wp-content\/uploads\/2024\/09\/Samarali-9.jpg 1000w, https:\/\/samarali.com\/wp-content\/uploads\/2024\/09\/Samarali-9-300x300.jpg 300w, https:\/\/samarali.com\/wp-content\/uploads\/2024\/09\/Samarali-9-150x150.jpg 150w, https:\/\/samarali.com\/wp-content\/uploads\/2024\/09\/Samarali-9-768x768.jpg 768w, https:\/\/samarali.com\/wp-content\/uploads\/2024\/09\/Samarali-9-500x500.jpg 500w, https:\/\/samarali.com\/wp-content\/uploads\/2024\/09\/Samarali-9-670x670.jpg 670w, https:\/\/samarali.com\/wp-content\/uploads\/2024\/09\/Samarali-9-130x130.jpg 130w, https:\/\/samarali.com\/wp-content\/uploads\/2024\/09\/Samarali-9-50x50.jpg 50w, https:\/\/samarali.com\/wp-content\/uploads\/2024\/09\/Samarali-9-100x100.jpg 100w\" sizes=\"(max-width: 640px) 100vw, 640px\" \/>\t\t\t\t\t\t\t\t\t\t\t\t\t\t\t<\/div>\n\t\t\t\t<\/div>\n\t\t\t\t<\/div>\n\t\t\t\t\t<\/div>\n\t\t\t\t<\/div>\n\t\t\t\t<section class=\"elementor-section elementor-top-section elementor-element elementor-element-40b30cb elementor-section-boxed elementor-section-height-default elementor-section-height-default\" data-id=\"40b30cb\" data-element_type=\"section\">\n\t\t\t\t\t\t<div class=\"elementor-container elementor-column-gap-extended\">\n\t\t\t\t\t<div class=\"elementor-column elementor-col-100 elementor-top-column elementor-element elementor-element-19bed29\" data-id=\"19bed29\" data-element_type=\"column\">\n\t\t\t<div class=\"elementor-widget-wrap elementor-element-populated\">\n\t\t\t\t\t\t\t<\/div>\n\t\t<\/div>\n\t\t\t\t\t<\/div>\n\t\t<\/section>\n\t\t\t\t<\/div>\n\t\t","protected":false},"excerpt":{"rendered":"<p>Geschichte \u00dcber US Mein Name ist Nodira und ich bin in der pulsierenden Hauptstadt Usbekistans, Taschkent, geboren und aufgewachsen. Von klein auf begeisterte ich mich f\u00fcr Sport und Tanz und verbrachte die meiste Zeit im Freien, umgeben von der Natur. Diese tiefe Verbundenheit mit der Natur hat sowohl den Sport als auch die Natur zu [&hellip;]<\/p>\n","protected":false},"author":1,"featured_media":0,"parent":0,"menu_order":0,"comment_status":"closed","ping_status":"closed","template":"","meta":{"_acf_changed":false,"_improvement_type_select":"improve_an_existing","_thumb_yes_seoaic":false,"_frame_yes_seoaic":false,"seoaic_generate_description":"","seoaic_improve_instructions_prompt":"","seoaic_rollback_content_improvement":"","seoaic_idea_thumbnail_generator":"","thumbnail_generated":false,"thumbnail_generate_prompt":"","seoaic_article_description":"","inline_featured_image":false,"footnotes":""},"class_list":["post-27436","page","type-page","status-publish","hentry"],"acf":[],"yoast_head":"<!-- This site is optimized with the Yoast SEO Premium plugin v27.3 (Yoast SEO v27.3) - https:\/\/yoast.com\/product\/yoast-seo-premium-wordpress\/ -->\n<title>\u00dcber uns - Samarali<\/title>\n<meta name=\"description\" content=\"Entdecken Sie die Geschichte hinter unserer Leidenschaft f\u00fcr Yoga und nachhaltige Produkte. Erfahren Sie, wie alles begann: Nodiras Reise von Usbekistan zu einer achtsamen Yogapraxis.\" \/>\n<meta name=\"robots\" content=\"index, follow, max-snippet:-1, max-image-preview:large, max-video-preview:-1\" \/>\n<link rel=\"canonical\" href=\"https:\/\/samarali.com\/de\/ueber-uns\/\" \/>\n<meta property=\"og:locale\" content=\"de_DE\" \/>\n<meta property=\"og:type\" content=\"article\" \/>\n<meta property=\"og:title\" content=\"\u00dcber uns\" \/>\n<meta property=\"og:description\" content=\"Entdecken Sie die Geschichte hinter unserer Leidenschaft f\u00fcr Yoga und nachhaltige Produkte. Erfahren Sie, wie alles begann: Nodiras Reise von Usbekistan zu einer achtsamen Yogapraxis.\" \/>\n<meta property=\"og:url\" content=\"https:\/\/samarali.com\/de\/ueber-uns\/\" \/>\n<meta property=\"og:site_name\" content=\"Samarali\" \/>\n<meta property=\"article:publisher\" content=\"https:\/\/www.facebook.com\/samaraliyoga\" \/>\n<meta property=\"article:modified_time\" content=\"2024-10-14T11:50:59+00:00\" \/>\n<meta property=\"og:image\" content=\"https:\/\/samarali.com\/wp-content\/uploads\/2024\/09\/Samarali-6.jpg\" \/>\n\t<meta property=\"og:image:width\" content=\"1000\" \/>\n\t<meta property=\"og:image:height\" content=\"1000\" \/>\n\t<meta property=\"og:image:type\" content=\"image\/jpeg\" \/>\n<meta name=\"twitter:card\" content=\"summary_large_image\" \/>\n<meta name=\"twitter:label1\" content=\"Gesch\u00e4tzte Lesezeit\" \/>\n\t<meta name=\"twitter:data1\" content=\"2\u00a0Minute\" \/>\n<script type=\"application\/ld+json\" class=\"yoast-schema-graph\">{\"@context\":\"https:\\\/\\\/schema.org\",\"@graph\":[{\"@type\":\"WebPage\",\"@id\":\"https:\\\/\\\/samarali.com\\\/de\\\/ueber-uns\\\/\",\"url\":\"https:\\\/\\\/samarali.com\\\/de\\\/ueber-uns\\\/\",\"name\":\"\u00dcber uns - Samarali\",\"isPartOf\":{\"@id\":\"https:\\\/\\\/samarali.com\\\/de\\\/#website\"},\"primaryImageOfPage\":{\"@id\":\"https:\\\/\\\/samarali.com\\\/de\\\/ueber-uns\\\/#primaryimage\"},\"image\":{\"@id\":\"https:\\\/\\\/samarali.com\\\/de\\\/ueber-uns\\\/#primaryimage\"},\"thumbnailUrl\":\"https:\\\/\\\/samarali.com\\\/wp-content\\\/uploads\\\/2024\\\/09\\\/Samarali-6.jpg\",\"datePublished\":\"2020-10-13T07:00:26+00:00\",\"dateModified\":\"2024-10-14T11:50:59+00:00\",\"description\":\"Entdecken Sie die Geschichte hinter unserer Leidenschaft f\u00fcr Yoga und nachhaltige Produkte. Erfahren Sie, wie alles begann: Nodiras Reise von Usbekistan zu einer achtsamen Yogapraxis.\",\"breadcrumb\":{\"@id\":\"https:\\\/\\\/samarali.com\\\/de\\\/ueber-uns\\\/#breadcrumb\"},\"inLanguage\":\"de\",\"potentialAction\":[{\"@type\":\"ReadAction\",\"target\":[\"https:\\\/\\\/samarali.com\\\/de\\\/ueber-uns\\\/\"]}]},{\"@type\":\"ImageObject\",\"inLanguage\":\"de\",\"@id\":\"https:\\\/\\\/samarali.com\\\/de\\\/ueber-uns\\\/#primaryimage\",\"url\":\"https:\\\/\\\/samarali.com\\\/wp-content\\\/uploads\\\/2024\\\/09\\\/Samarali-6.jpg\",\"contentUrl\":\"https:\\\/\\\/samarali.com\\\/wp-content\\\/uploads\\\/2024\\\/09\\\/Samarali-6.jpg\"},{\"@type\":\"BreadcrumbList\",\"@id\":\"https:\\\/\\\/samarali.com\\\/de\\\/ueber-uns\\\/#breadcrumb\",\"itemListElement\":[{\"@type\":\"ListItem\",\"position\":1,\"name\":\"Startseite\",\"item\":\"https:\\\/\\\/samarali.com\\\/de\\\/startseite\\\/\"},{\"@type\":\"ListItem\",\"position\":2,\"name\":\"\u00dcber uns\"}]},{\"@type\":\"WebSite\",\"@id\":\"https:\\\/\\\/samarali.com\\\/de\\\/#website\",\"url\":\"https:\\\/\\\/samarali.com\\\/de\\\/\",\"name\":\"Samarali\",\"description\":\"Samarali ist eine nachhaltige Yoga- und Lifestyle-Marke mit Sitz in den Niederlanden\",\"publisher\":{\"@id\":\"https:\\\/\\\/samarali.com\\\/de\\\/#organization\"},\"potentialAction\":[{\"@type\":\"SearchAction\",\"target\":{\"@type\":\"EntryPoint\",\"urlTemplate\":\"https:\\\/\\\/samarali.com\\\/de\\\/?s={search_term_string}\"},\"query-input\":{\"@type\":\"PropertyValueSpecification\",\"valueRequired\":true,\"valueName\":\"search_term_string\"}}],\"inLanguage\":\"de\"},{\"@type\":\"Organization\",\"@id\":\"https:\\\/\\\/samarali.com\\\/de\\\/#organization\",\"name\":\"Samarali\",\"url\":\"https:\\\/\\\/samarali.com\\\/de\\\/\",\"logo\":{\"@type\":\"ImageObject\",\"inLanguage\":\"de\",\"@id\":\"https:\\\/\\\/samarali.com\\\/de\\\/#\\\/schema\\\/logo\\\/image\\\/\",\"url\":\"https:\\\/\\\/samarali.com\\\/wp-content\\\/uploads\\\/2024\\\/05\\\/cropped-samarali-icon.png\",\"contentUrl\":\"https:\\\/\\\/samarali.com\\\/wp-content\\\/uploads\\\/2024\\\/05\\\/cropped-samarali-icon.png\",\"width\":512,\"height\":512,\"caption\":\"Samarali\"},\"image\":{\"@id\":\"https:\\\/\\\/samarali.com\\\/de\\\/#\\\/schema\\\/logo\\\/image\\\/\"},\"sameAs\":[\"https:\\\/\\\/www.facebook.com\\\/samaraliyoga\",\"https:\\\/\\\/www.linkedin.com\\\/company\\\/69563155\\\/\",\"https:\\\/\\\/www.instagram.com\\\/samaraliyoga\\\/\",\"https:\\\/\\\/nl.pinterest.com\\\/Samaraliyoga\\\/\"],\"description\":\"Samarali is a sustainable yoga and lifestyle brand based in the Netherlands\",\"email\":\"info@samarali.com\",\"legalName\":\"Samarali B.V.\",\"vatID\":\"NL859820324B01\",\"numberOfEmployees\":{\"@type\":\"QuantitativeValue\",\"minValue\":\"1\",\"maxValue\":\"10\"}}]}<\/script>\n<!-- \/ Yoast SEO Premium plugin. -->","yoast_head_json":{"title":"\u00dcber uns - Samarali","description":"Entdecken Sie die Geschichte hinter unserer Leidenschaft f\u00fcr Yoga und nachhaltige Produkte. Erfahren Sie, wie alles begann: Nodiras Reise von Usbekistan zu einer achtsamen Yogapraxis.","robots":{"index":"index","follow":"follow","max-snippet":"max-snippet:-1","max-image-preview":"max-image-preview:large","max-video-preview":"max-video-preview:-1"},"canonical":"https:\/\/samarali.com\/de\/ueber-uns\/","og_locale":"de_DE","og_type":"article","og_title":"\u00dcber uns","og_description":"Entdecken Sie die Geschichte hinter unserer Leidenschaft f\u00fcr Yoga und nachhaltige Produkte. Erfahren Sie, wie alles begann: Nodiras Reise von Usbekistan zu einer achtsamen Yogapraxis.","og_url":"https:\/\/samarali.com\/de\/ueber-uns\/","og_site_name":"Samarali","article_publisher":"https:\/\/www.facebook.com\/samaraliyoga","article_modified_time":"2024-10-14T11:50:59+00:00","og_image":[{"width":1000,"height":1000,"url":"https:\/\/samarali.com\/wp-content\/uploads\/2024\/09\/Samarali-6.jpg","type":"image\/jpeg"}],"twitter_card":"summary_large_image","twitter_misc":{"Gesch\u00e4tzte Lesezeit":"2\u00a0Minute"},"schema":{"@context":"https:\/\/schema.org","@graph":[{"@type":"WebPage","@id":"https:\/\/samarali.com\/de\/ueber-uns\/","url":"https:\/\/samarali.com\/de\/ueber-uns\/","name":"\u00dcber uns - Samarali","isPartOf":{"@id":"https:\/\/samarali.com\/de\/#website"},"primaryImageOfPage":{"@id":"https:\/\/samarali.com\/de\/ueber-uns\/#primaryimage"},"image":{"@id":"https:\/\/samarali.com\/de\/ueber-uns\/#primaryimage"},"thumbnailUrl":"https:\/\/samarali.com\/wp-content\/uploads\/2024\/09\/Samarali-6.jpg","datePublished":"2020-10-13T07:00:26+00:00","dateModified":"2024-10-14T11:50:59+00:00","description":"Entdecken Sie die Geschichte hinter unserer Leidenschaft f\u00fcr Yoga und nachhaltige Produkte. Erfahren Sie, wie alles begann: Nodiras Reise von Usbekistan zu einer achtsamen Yogapraxis.","breadcrumb":{"@id":"https:\/\/samarali.com\/de\/ueber-uns\/#breadcrumb"},"inLanguage":"de","potentialAction":[{"@type":"ReadAction","target":["https:\/\/samarali.com\/de\/ueber-uns\/"]}]},{"@type":"ImageObject","inLanguage":"de","@id":"https:\/\/samarali.com\/de\/ueber-uns\/#primaryimage","url":"https:\/\/samarali.com\/wp-content\/uploads\/2024\/09\/Samarali-6.jpg","contentUrl":"https:\/\/samarali.com\/wp-content\/uploads\/2024\/09\/Samarali-6.jpg"},{"@type":"BreadcrumbList","@id":"https:\/\/samarali.com\/de\/ueber-uns\/#breadcrumb","itemListElement":[{"@type":"ListItem","position":1,"name":"Startseite","item":"https:\/\/samarali.com\/de\/startseite\/"},{"@type":"ListItem","position":2,"name":"\u00dcber uns"}]},{"@type":"WebSite","@id":"https:\/\/samarali.com\/de\/#website","url":"https:\/\/samarali.com\/de\/","name":"Samarali","description":"Samarali ist eine nachhaltige Yoga- und Lifestyle-Marke mit Sitz in den Niederlanden","publisher":{"@id":"https:\/\/samarali.com\/de\/#organization"},"potentialAction":[{"@type":"SearchAction","target":{"@type":"EntryPoint","urlTemplate":"https:\/\/samarali.com\/de\/?s={search_term_string}"},"query-input":{"@type":"PropertyValueSpecification","valueRequired":true,"valueName":"search_term_string"}}],"inLanguage":"de"},{"@type":"Organization","@id":"https:\/\/samarali.com\/de\/#organization","name":"Samarali","url":"https:\/\/samarali.com\/de\/","logo":{"@type":"ImageObject","inLanguage":"de","@id":"https:\/\/samarali.com\/de\/#\/schema\/logo\/image\/","url":"https:\/\/samarali.com\/wp-content\/uploads\/2024\/05\/cropped-samarali-icon.png","contentUrl":"https:\/\/samarali.com\/wp-content\/uploads\/2024\/05\/cropped-samarali-icon.png","width":512,"height":512,"caption":"Samarali"},"image":{"@id":"https:\/\/samarali.com\/de\/#\/schema\/logo\/image\/"},"sameAs":["https:\/\/www.facebook.com\/samaraliyoga","https:\/\/www.linkedin.com\/company\/69563155\/","https:\/\/www.instagram.com\/samaraliyoga\/","https:\/\/nl.pinterest.com\/Samaraliyoga\/"],"description":"Samarali is a sustainable yoga and lifestyle brand based in the Netherlands","email":"info@samarali.com","legalName":"Samarali B.V.","vatID":"NL859820324B01","numberOfEmployees":{"@type":"QuantitativeValue","minValue":"1","maxValue":"10"}}]}},"jetpack_sharing_enabled":true,"_links":{"self":[{"href":"https:\/\/samarali.com\/de\/wp-json\/wp\/v2\/pages\/27436","targetHints":{"allow":["GET"]}}],"collection":[{"href":"https:\/\/samarali.com\/de\/wp-json\/wp\/v2\/pages"}],"about":[{"href":"https:\/\/samarali.com\/de\/wp-json\/wp\/v2\/types\/page"}],"author":[{"embeddable":true,"href":"https:\/\/samarali.com\/de\/wp-json\/wp\/v2\/users\/1"}],"replies":[{"embeddable":true,"href":"https:\/\/samarali.com\/de\/wp-json\/wp\/v2\/comments?post=27436"}],"version-history":[{"count":9,"href":"https:\/\/samarali.com\/de\/wp-json\/wp\/v2\/pages\/27436\/revisions"}],"predecessor-version":[{"id":31847,"href":"https:\/\/samarali.com\/de\/wp-json\/wp\/v2\/pages\/27436\/revisions\/31847"}],"wp:attachment":[{"href":"https:\/\/samarali.com\/de\/wp-json\/wp\/v2\/media?parent=27436"}],"curies":[{"name":"wp","href":"https:\/\/api.w.org\/{rel}","templated":true}]}}