{"id":27385,"date":"2024-07-04T08:12:01","date_gmt":"2024-07-04T08:12:01","guid":{"rendered":"https:\/\/samarali.com\/grosshandelsprogramm\/"},"modified":"2024-10-07T13:48:21","modified_gmt":"2024-10-07T11:48:21","slug":"grosshandelsprogramm","status":"publish","type":"page","link":"https:\/\/samarali.com\/de\/grosshandelsprogramm\/","title":{"rendered":"Gro\u00dfhandelsprogramm"},"content":{"rendered":"\t\t<div data-elementor-type=\"wp-page\" data-elementor-id=\"27385\" class=\"elementor elementor-27385 elementor-14424\">\n\t\t\t\t\t\t<section class=\"elementor-section elementor-top-section elementor-element elementor-element-04b4079 elementor-section-boxed elementor-section-height-default elementor-section-height-default\" data-id=\"04b4079\" data-element_type=\"section\">\n\t\t\t\t\t\t<div class=\"elementor-container elementor-column-gap-extended\">\n\t\t\t\t\t<div class=\"elementor-column elementor-col-50 elementor-top-column elementor-element elementor-element-8114dbf\" data-id=\"8114dbf\" data-element_type=\"column\">\n\t\t\t<div class=\"elementor-widget-wrap elementor-element-populated\">\n\t\t\t\t\t\t<div class=\"elementor-element elementor-element-ad80d57 elementor-widget elementor-widget-heading\" data-id=\"ad80d57\" data-element_type=\"widget\" data-widget_type=\"heading.default\">\n\t\t\t\t<div class=\"elementor-widget-container\">\n\t\t\t\t\t<h6 class=\"elementor-heading-title elementor-size-default\">Gro\u00dfhandel\n<\/h6>\t\t\t\t<\/div>\n\t\t\t\t<\/div>\n\t\t\t\t<div class=\"elementor-element elementor-element-2e2efb3 elementor-widget elementor-widget-heading\" data-id=\"2e2efb3\" data-element_type=\"widget\" data-widget_type=\"heading.default\">\n\t\t\t\t<div class=\"elementor-widget-container\">\n\t\t\t\t\t<h3 class=\"elementor-heading-title elementor-size-default\">Programm<\/h3>\t\t\t\t<\/div>\n\t\t\t\t<\/div>\n\t\t\t\t<div class=\"elementor-element elementor-element-6a413c7 elementor-widget elementor-widget-text-editor\" data-id=\"6a413c7\" data-element_type=\"widget\" data-widget_type=\"text-editor.default\">\n\t\t\t\t<div class=\"elementor-widget-container\">\n\t\t\t\t\t\t\t\t\t<div style=\"text-align: left;\">\n<p>Wir von Samarali bieten Ihnen \u00fcber unser Gro\u00dfhandelsprogramm eine gro\u00dfe Auswahl an ethisch produzierten, hochwertigen Yoga- und Lifestyle-Produkten.<br \/>\nGanz gleich, ob Sie sich f\u00fcr ein Yogastudio, ein Gesch\u00e4ft oder eine Unterrichtseinrichtung eindecken m\u00f6chten, wir haben alles f\u00fcr Sie \u2013 ganz gleich, wo auf der Welt Sie sich befinden. <\/p>\n<p>Mit unserem Gro\u00dfhandelsprogramm k\u00f6nnen Sie von wettbewerbsf\u00e4higen Preisen und erheblichen Rabatten auf Gro\u00dfbestellungen unserer umweltfreundlichen Yoga-Produkte profitieren.<br \/>\nDieses Programm steht Gro\u00dfh\u00e4ndlern, Einzelh\u00e4ndlern, Unternehmen und Veranstaltungen auf der ganzen Welt offen. <\/p>\n<p>Sind Sie bereit, Ihren Kunden nachhaltige Yoga-Produkte anzubieten?<br \/>\nDann f\u00fcllen Sie das untenstehende Formular aus, und wir werden uns innerhalb weniger Tage bei Ihnen melden. <\/p>\n<\/div>\n\t\t\t\t\t\t\t\t<\/div>\n\t\t\t\t<\/div>\n\t\t\t\t\t<\/div>\n\t\t<\/div>\n\t\t\t\t<div class=\"elementor-column elementor-col-50 elementor-top-column elementor-element elementor-element-a3fd29a\" data-id=\"a3fd29a\" data-element_type=\"column\">\n\t\t\t<div class=\"elementor-widget-wrap elementor-element-populated\">\n\t\t\t\t<div class=\"elementor-element elementor-element-a1a056d e-flex e-con-boxed e-con e-parent\" data-id=\"a1a056d\" data-element_type=\"container\">\n\t\t\t\t\t<div class=\"e-con-inner\">\n\t\t\t\t<div class=\"elementor-element elementor-element-f6c1448 elementor-widget elementor-widget-text-editor\" data-id=\"f6c1448\" data-element_type=\"widget\" data-widget_type=\"text-editor.default\">\n\t\t\t\t<div class=\"elementor-widget-container\">\n\t\t\t\t\t\t\t\t\t<p style=\"text-align: center;\"><strong>Laden Sie unseren Produktkatalog herunter<\/strong><\/p>\n\t\t\t\t\t\t\t\t<\/div>\n\t\t\t\t<\/div>\n\t\t\t\t<div class=\"elementor-element elementor-element-edf0331 elementor-widget elementor-widget-text-editor\" data-id=\"edf0331\" data-element_type=\"widget\" data-widget_type=\"text-editor.default\">\n\t\t\t\t<div class=\"elementor-widget-container\">\n\t\t\t\t\t\t\t\t\t<div class=\"et_pb_promo_description\">\n<p class=\"et_pb_module_header\" style=\"text-align: center;\">Sind Sie neugierig auf die nachhaltigen Yoga-Produkte, die wir anbieten?<br \/>\nKlicken Sie hier, um unser gesamtes Produktportfolio zu erkunden und die perfekten Artikel f\u00fcr Ihr Unternehmen zu finden. <\/p>\n<\/div>\n\t\t\t\t\t\t\t\t<\/div>\n\t\t\t\t<\/div>\n\t\t\t\t<div class=\"elementor-element elementor-element-0d821b2 elementor-align-center elementor-widget elementor-widget-razzi-button\" data-id=\"0d821b2\" data-element_type=\"widget\" data-widget_type=\"razzi-button.default\">\n\t\t\t\t<div class=\"elementor-widget-container\">\n\t\t\t\t\t        <a href=\"\/wp-content\/uploads\/2024\/09\/Samarali-Product-Catalogue-EN.pdf\" class=\"razzi-button-link razzi-button\">\n\t\t\t\t\t<span class=\"razzi-button-text\">Herunterladen<\/span>\t\t            <span class=\"razzi-svg-icon razzi-align-icon-right\">\n\t\t\t\t<svg xmlns=\"http:\/\/www.w3.org\/2000\/svg\" width=\"20\" height=\"20\" viewBox=\"0 0 20 20\" fill=\"none\"><g clip-path=\"url(#clip0_84_976)\"><path d=\"M3.125 10H16.875\" stroke=\"white\" stroke-width=\"2\" stroke-linecap=\"round\" stroke-linejoin=\"round\"><\/path><path d=\"M11.25 4.375L16.875 10L11.25 15.625\" stroke=\"white\" stroke-width=\"2\" stroke-linecap=\"round\" stroke-linejoin=\"round\"><\/path><\/g><defs><clipPath id=\"clip0_84_976\"><rect width=\"20\" height=\"20\" fill=\"white\"><\/rect><\/clipPath><\/defs><\/svg>\t\t\t<\/span>\n\t\t\t\t        <\/a>\n\t\t\t\t\t\t<\/div>\n\t\t\t\t<\/div>\n\t\t\t\t\t<\/div>\n\t\t\t\t<\/div>\n\t\t\t\t\t<\/div>\n\t\t<\/div>\n\t\t\t\t\t<\/div>\n\t\t<\/section>\n\t\t<div class=\"elementor-element elementor-element-ec15a14 e-flex e-con-boxed e-con e-parent\" data-id=\"ec15a14\" data-element_type=\"container\">\n\t\t\t\t\t<div class=\"e-con-inner\">\n\t\t\t\t<div class=\"elementor-element elementor-element-b20eb64 elementor-widget elementor-widget-heading\" data-id=\"b20eb64\" data-element_type=\"widget\" data-widget_type=\"heading.default\">\n\t\t\t\t<div class=\"elementor-widget-container\">\n\t\t\t\t\t<h6 class=\"elementor-heading-title elementor-size-default\">Gro\u00dfhandel\n<\/h6>\t\t\t\t<\/div>\n\t\t\t\t<\/div>\n\t\t\t\t<div class=\"elementor-element elementor-element-3e116ab elementor-widget elementor-widget-heading\" data-id=\"3e116ab\" data-element_type=\"widget\" data-widget_type=\"heading.default\">\n\t\t\t\t<div class=\"elementor-widget-container\">\n\t\t\t\t\t<h3 class=\"elementor-heading-title elementor-size-default\">Anmeldung<\/h3>\t\t\t\t<\/div>\n\t\t\t\t<\/div>\n\t\t\t\t\t<\/div>\n\t\t\t\t<\/div>\n\t\t<div class=\"elementor-element elementor-element-392d6bb e-flex e-con-boxed e-con e-parent\" data-id=\"392d6bb\" data-element_type=\"container\">\n\t\t\t\t\t<div class=\"e-con-inner\">\n\t\t\t\t<div class=\"elementor-element elementor-element-f541074 elementor-widget elementor-widget-razzi-contact-form-7\" data-id=\"f541074\" data-element_type=\"widget\" data-widget_type=\"razzi-contact-form-7.default\">\n\t\t\t\t<div class=\"elementor-widget-container\">\n\t\t\t\t\t\t\t<div class=\"razzi-contact-form-7\">\r\n\t\t\t\n<div class=\"wpcf7 no-js\" id=\"wpcf7-f27510-o1\" lang=\"de-DE\" dir=\"ltr\" data-wpcf7-id=\"27510\">\n<div class=\"screen-reader-response\"><p role=\"status\" aria-live=\"polite\" aria-atomic=\"true\"><\/p> <ul><\/ul><\/div>\n<form action=\"\/de\/wp-json\/wp\/v2\/pages\/27385#wpcf7-f27510-o1\" method=\"post\" class=\"wpcf7-form init\" aria-label=\"Kontaktformular\" novalidate=\"novalidate\" data-status=\"init\">\n<fieldset class=\"hidden-fields-container\"><input type=\"hidden\" name=\"_wpcf7\" value=\"27510\" \/><input type=\"hidden\" name=\"_wpcf7_version\" value=\"6.1.5\" \/><input type=\"hidden\" name=\"_wpcf7_locale\" value=\"de_DE\" \/><input type=\"hidden\" name=\"_wpcf7_unit_tag\" value=\"wpcf7-f27510-o1\" \/><input type=\"hidden\" name=\"_wpcf7_container_post\" value=\"0\" \/><input type=\"hidden\" name=\"_wpcf7_posted_data_hash\" value=\"\" \/>\n<\/fieldset>\n<div class=\"row-flex\">\n\t<div class=\"col-flex col-flex-xs-12 col-flex-sm-6 col-flex-md-6\">\n\t\t<p><span class=\"wpcf7-form-control-wrap\" data-name=\"name-123\"><input size=\"40\" maxlength=\"400\" class=\"wpcf7-form-control wpcf7-text wpcf7-validates-as-required\" aria-required=\"true\" aria-invalid=\"false\" placeholder=\"Ihr Name *\" value=\"\" type=\"text\" name=\"name-123\" \/><\/span>\n\t\t<\/p>\n\t<\/div>\n\t<div class=\"col-flex col-flex-xs-12 col-flex-sm-6 col-flex-md-6\">\n\t\t<p><span class=\"wpcf7-form-control-wrap\" data-name=\"email-845\"><input size=\"40\" maxlength=\"400\" class=\"wpcf7-form-control wpcf7-email wpcf7-validates-as-required wpcf7-text wpcf7-validates-as-email\" aria-required=\"true\" aria-invalid=\"false\" placeholder=\"Ihre E-Mail *\" value=\"\" type=\"email\" name=\"email-845\" \/><\/span>\n\t\t<\/p>\n\t<\/div>\n<\/div>\n<div class=\"row-flex\">\n\t<div class=\"col-flex col-flex-xs-12 col-flex-sm-6 col-flex-md-6\">\n\t\t<p><span class=\"wpcf7-form-control-wrap\" data-name=\"phone\"><input size=\"40\" maxlength=\"400\" class=\"wpcf7-form-control wpcf7-text wpcf7-validates-as-required\" aria-required=\"true\" aria-invalid=\"false\" placeholder=\"Telefon *\" value=\"\" type=\"text\" name=\"phone\" \/><\/span>\n\t\t<\/p>\n\t<\/div>\n\t<div class=\"col-flex col-flex-xs-12 col-flex-sm-6 col-flex-md-6\">\n\t\t<p><span class=\"wpcf7-form-control-wrap\" data-name=\"website\"><input size=\"40\" maxlength=\"400\" class=\"wpcf7-form-control wpcf7-text\" aria-invalid=\"false\" placeholder=\"Website\" value=\"\" type=\"text\" name=\"website\" \/><\/span>\n\t\t<\/p>\n\t<\/div>\n<\/div>\n<div class=\"row-flex\">\n\t<div class=\"col-flex col-flex-xs-12 col-flex-sm-6 col-flex-md-6\">\n\t\t<p><span class=\"wpcf7-form-control-wrap\" data-name=\"company\"><input size=\"40\" maxlength=\"400\" class=\"wpcf7-form-control wpcf7-text wpcf7-validates-as-required\" aria-required=\"true\" aria-invalid=\"false\" placeholder=\"Name des Unternehmens *\" value=\"\" type=\"text\" name=\"company\" \/><\/span>\n\t\t<\/p>\n\t<\/div>\n\t<div class=\"col-flex col-flex-xs-12 col-flex-sm-6 col-flex-md-6\">\n\t\t<p><span class=\"wpcf7-form-control-wrap\" data-name=\"vat\"><input size=\"40\" maxlength=\"400\" class=\"wpcf7-form-control wpcf7-text wpcf7-validates-as-required\" aria-required=\"true\" aria-invalid=\"false\" placeholder=\"Umsatzsteueridentifikationsnummer \/ TAX ID\" value=\"\" type=\"text\" name=\"vat\" \/><\/span>\n\t\t<\/p>\n\t<\/div>\n<\/div>\n<div class=\"row-flex\">\n\t<div class=\"col-flex col-flex-xs-12 col-flex-sm-6 col-flex-md-6\">\n\t\t<p><span class=\"wpcf7-form-control-wrap\" data-name=\"address\"><input size=\"40\" maxlength=\"400\" class=\"wpcf7-form-control wpcf7-text wpcf7-validates-as-required\" aria-required=\"true\" aria-invalid=\"false\" placeholder=\"Stra\u00dfe und Hausnummer *\" value=\"\" type=\"text\" name=\"address\" \/><\/span>\n\t\t<\/p>\n\t<\/div>\n\t<div class=\"col-flex col-flex-xs-12 col-flex-sm-6 col-flex-md-6\">\n\t\t<p><span class=\"wpcf7-form-control-wrap\" data-name=\"address2\"><input size=\"40\" maxlength=\"400\" class=\"wpcf7-form-control wpcf7-text\" aria-invalid=\"false\" placeholder=\"Adresse Zeile 2\" value=\"\" type=\"text\" name=\"address2\" \/><\/span>\n\t\t<\/p>\n\t<\/div>\n<\/div>\n<div class=\"row-flex\">\n\t<div class=\"col-flex col-flex-xs-12 col-flex-sm-6 col-flex-md-6\">\n\t\t<p><span class=\"wpcf7-form-control-wrap\" data-name=\"city\"><input size=\"40\" maxlength=\"400\" class=\"wpcf7-form-control wpcf7-text wpcf7-validates-as-required\" aria-required=\"true\" aria-invalid=\"false\" placeholder=\"Stadt *\" value=\"\" type=\"text\" name=\"city\" \/><\/span>\n\t\t<\/p>\n\t<\/div>\n\t<div class=\"col-flex col-flex-xs-12 col-flex-sm-6 col-flex-md-6\">\n\t\t<p><span class=\"wpcf7-form-control-wrap\" data-name=\"state\"><input size=\"40\" maxlength=\"400\" class=\"wpcf7-form-control wpcf7-text\" aria-invalid=\"false\" placeholder=\"Bundesland\/Provinz\/Region\" value=\"\" type=\"text\" name=\"state\" \/><\/span>\n\t\t<\/p>\n\t<\/div>\n<\/div>\n<div class=\"row-flex\">\n\t<div class=\"col-flex col-flex-xs-12 col-flex-sm-6 col-flex-md-6\">\n\t\t<p><span class=\"wpcf7-form-control-wrap\" data-name=\"country\"><input size=\"40\" maxlength=\"400\" class=\"wpcf7-form-control wpcf7-text wpcf7-validates-as-required\" aria-required=\"true\" aria-invalid=\"false\" placeholder=\"Land *\" value=\"\" type=\"text\" name=\"country\" \/><\/span>\n\t\t<\/p>\n\t<\/div>\n\t<div class=\"col-flex col-flex-xs-12 col-flex-sm-6 col-flex-md-6\">\n\t\t<p><span class=\"wpcf7-form-control-wrap\" data-name=\"state\"><input size=\"40\" maxlength=\"400\" class=\"wpcf7-form-control wpcf7-text wpcf7-validates-as-required\" aria-required=\"true\" aria-invalid=\"false\" placeholder=\"ZIP \/ Postleitzahl *\" value=\"\" type=\"text\" name=\"state\" \/><\/span>\n\t\t<\/p>\n\t<\/div>\n<\/div>\n<div class=\"row-flex\">\n\t<div class=\"col-flex col-flex-xs-12 col-flex-sm-6 col-flex-md-6\">\n\t\t<p><span class=\"wpcf7-form-control-wrap\" data-name=\"type\"><select class=\"wpcf7-form-control wpcf7-select wpcf7-validates-as-required\" aria-required=\"true\" aria-invalid=\"false\" name=\"type\"><option value=\"Art des Unternehmens *\">Art des Unternehmens *<\/option><option value=\"Yoga-Studio\">Yoga-Studio<\/option><option value=\"Fitnessstudio\/Fitnesscenter\">Fitnessstudio\/Fitnesscenter<\/option><option value=\"Hotel\/Spa\/Wellness\">Hotel\/Spa\/Wellness<\/option><option value=\"Einzelh\u00e4ndler\">Einzelh\u00e4ndler<\/option><option value=\"Vertriebspartner\">Vertriebspartner<\/option><option value=\"Andere\">Andere<\/option><\/select><\/span>\n\t\t<\/p>\n\t<\/div>\n\t<div class=\"col-flex col-flex-xs-12 col-flex-sm-6 col-flex-md-6\">\n\t\t<p><span class=\"wpcf7-form-control-wrap\" data-name=\"hear\"><select class=\"wpcf7-form-control wpcf7-select wpcf7-validates-as-required\" aria-required=\"true\" aria-invalid=\"false\" name=\"hear\"><option value=\"Wie haben Sie von uns erfahren? *\">Wie haben Sie von uns erfahren? *<\/option><option value=\"Gebrauchtes Samarali Produkt\">Gebrauchtes Samarali Produkt<\/option><option value=\"Suchmaschine\">Suchmaschine<\/option><option value=\"Empfohlen von einem Freund\/Studio\">Empfohlen von einem Freund\/Studio<\/option><option value=\"Messe\">Messe<\/option><option value=\"Andere\">Andere<\/option><\/select><\/span>\n\t\t<\/p>\n\t<\/div>\n<\/div>\n<p><span class=\"wpcf7-form-control-wrap\" data-name=\"textarea-595\"><textarea cols=\"40\" rows=\"10\" maxlength=\"2000\" class=\"wpcf7-form-control wpcf7-textarea wpcf7-validates-as-required\" aria-required=\"true\" aria-invalid=\"false\" placeholder=\"Haben Sie weitere Kommentare oder Fragen? *\" name=\"textarea-595\"><\/textarea><\/span>\n<\/p>\n<div class=\"wpcf7-turnstile cf-turnstile\" data-sitekey=\"0x4AAAAAADAFXISxhvqJMuRm\" data-response-field-name=\"_wpcf7_turnstile_response\" data-language=\"de\"><\/div>\n<p>\u00a0<br \/>\n<input class=\"wpcf7-form-control wpcf7-submit has-spinner\" type=\"submit\" value=\"Senden Sie\" \/>\n<\/p><div class=\"wpcf7-response-output\" aria-hidden=\"true\"><\/div>\n<\/form>\n<\/div>\n\t\t<\/div>\r\n\t\t\t\t\t\t<\/div>\n\t\t\t\t<\/div>\n\t\t\t\t\t<\/div>\n\t\t\t\t<\/div>\n\t\t\t\t<\/div>\n\t\t","protected":false},"excerpt":{"rendered":"<p>Gro\u00dfhandel Programm Wir von Samarali bieten Ihnen \u00fcber unser Gro\u00dfhandelsprogramm eine gro\u00dfe Auswahl an ethisch produzierten, hochwertigen Yoga- und Lifestyle-Produkten. Ganz gleich, ob Sie sich f\u00fcr ein Yogastudio, ein Gesch\u00e4ft oder eine Unterrichtseinrichtung eindecken m\u00f6chten, wir haben alles f\u00fcr Sie \u2013 ganz gleich, wo auf der Welt Sie sich befinden. Mit unserem Gro\u00dfhandelsprogramm k\u00f6nnen Sie [&hellip;]<\/p>\n","protected":false},"author":2,"featured_media":0,"parent":0,"menu_order":0,"comment_status":"closed","ping_status":"closed","template":"","meta":{"_acf_changed":false,"_improvement_type_select":"improve_an_existing","_thumb_yes_seoaic":false,"_frame_yes_seoaic":false,"seoaic_generate_description":"","seoaic_improve_instructions_prompt":"","seoaic_rollback_content_improvement":"","seoaic_idea_thumbnail_generator":"","thumbnail_generated":false,"thumbnail_generate_prompt":"","seoaic_article_description":"","inline_featured_image":false,"footnotes":""},"class_list":["post-27385","page","type-page","status-publish","hentry"],"acf":[],"yoast_head":"<!-- This site is optimized with the Yoast SEO Premium plugin v27.5 (Yoast SEO v27.5) - https:\/\/yoast.com\/product\/yoast-seo-premium-wordpress\/ -->\n<title>Gro\u00dfhandelsprogramm - Samarali<\/title>\n<meta name=\"description\" content=\"Entdecken Sie unser Gro\u00dfhandelsprogramm und decken Sie sich mit ethisch produzierten Yoga- und Lifestyle-Produkten ein. Profitieren Sie von wettbewerbsf\u00e4higen Preisen und erheblichen Rabatten bei Gro\u00dfbestellungen.\" \/>\n<meta name=\"robots\" content=\"index, follow, max-snippet:-1, max-image-preview:large, max-video-preview:-1\" \/>\n<link rel=\"canonical\" href=\"https:\/\/samarali.com\/de\/grosshandelsprogramm\/\" \/>\n<meta property=\"og:locale\" content=\"de_DE\" \/>\n<meta property=\"og:type\" content=\"article\" \/>\n<meta property=\"og:title\" content=\"Gro\u00dfhandelsprogramm\" \/>\n<meta property=\"og:description\" content=\"Entdecken Sie unser Gro\u00dfhandelsprogramm und decken Sie sich mit ethisch produzierten Yoga- und Lifestyle-Produkten ein. Profitieren Sie von wettbewerbsf\u00e4higen Preisen und erheblichen Rabatten bei Gro\u00dfbestellungen.\" \/>\n<meta property=\"og:url\" content=\"https:\/\/samarali.com\/de\/grosshandelsprogramm\/\" \/>\n<meta property=\"og:site_name\" content=\"Samarali\" \/>\n<meta property=\"article:publisher\" content=\"https:\/\/www.facebook.com\/samaraliyoga\" \/>\n<meta property=\"article:modified_time\" content=\"2024-10-07T11:48:21+00:00\" \/>\n<meta property=\"og:image\" content=\"https:\/\/samarali.com\/wp-content\/uploads\/2024\/09\/Natural-rubber-yoga-mats-prune-and-dark-green_16.jpg\" \/>\n\t<meta property=\"og:image:width\" content=\"1000\" \/>\n\t<meta property=\"og:image:height\" content=\"1000\" \/>\n\t<meta property=\"og:image:type\" content=\"image\/jpeg\" \/>\n<meta name=\"twitter:card\" content=\"summary_large_image\" \/>\n<meta name=\"twitter:label1\" content=\"Gesch\u00e4tzte Lesezeit\" \/>\n\t<meta name=\"twitter:data1\" content=\"1\u00a0Minute\" \/>\n<script type=\"application\/ld+json\" class=\"yoast-schema-graph\">{\"@context\":\"https:\\\/\\\/schema.org\",\"@graph\":[{\"@type\":\"WebPage\",\"@id\":\"https:\\\/\\\/samarali.com\\\/de\\\/grosshandelsprogramm\\\/\",\"url\":\"https:\\\/\\\/samarali.com\\\/de\\\/grosshandelsprogramm\\\/\",\"name\":\"Gro\u00dfhandelsprogramm - Samarali\",\"isPartOf\":{\"@id\":\"https:\\\/\\\/samarali.com\\\/de\\\/#website\"},\"datePublished\":\"2024-07-04T08:12:01+00:00\",\"dateModified\":\"2024-10-07T11:48:21+00:00\",\"description\":\"Entdecken Sie unser Gro\u00dfhandelsprogramm und decken Sie sich mit ethisch produzierten Yoga- und Lifestyle-Produkten ein. Profitieren Sie von wettbewerbsf\u00e4higen Preisen und erheblichen Rabatten bei Gro\u00dfbestellungen.\",\"breadcrumb\":{\"@id\":\"https:\\\/\\\/samarali.com\\\/de\\\/grosshandelsprogramm\\\/#breadcrumb\"},\"inLanguage\":\"de\",\"potentialAction\":[{\"@type\":\"ReadAction\",\"target\":[\"https:\\\/\\\/samarali.com\\\/de\\\/grosshandelsprogramm\\\/\"]}]},{\"@type\":\"BreadcrumbList\",\"@id\":\"https:\\\/\\\/samarali.com\\\/de\\\/grosshandelsprogramm\\\/#breadcrumb\",\"itemListElement\":[{\"@type\":\"ListItem\",\"position\":1,\"name\":\"Startseite\",\"item\":\"https:\\\/\\\/samarali.com\\\/de\\\/startseite\\\/\"},{\"@type\":\"ListItem\",\"position\":2,\"name\":\"Gro\u00dfhandelsprogramm\"}]},{\"@type\":\"WebSite\",\"@id\":\"https:\\\/\\\/samarali.com\\\/de\\\/#website\",\"url\":\"https:\\\/\\\/samarali.com\\\/de\\\/\",\"name\":\"Samarali\",\"description\":\"Samarali ist eine nachhaltige Yoga- und Lifestyle-Marke mit Sitz in den Niederlanden\",\"publisher\":{\"@id\":\"https:\\\/\\\/samarali.com\\\/de\\\/#organization\"},\"potentialAction\":[{\"@type\":\"SearchAction\",\"target\":{\"@type\":\"EntryPoint\",\"urlTemplate\":\"https:\\\/\\\/samarali.com\\\/de\\\/?s={search_term_string}\"},\"query-input\":{\"@type\":\"PropertyValueSpecification\",\"valueRequired\":true,\"valueName\":\"search_term_string\"}}],\"inLanguage\":\"de\"},{\"@type\":\"Organization\",\"@id\":\"https:\\\/\\\/samarali.com\\\/de\\\/#organization\",\"name\":\"Samarali\",\"url\":\"https:\\\/\\\/samarali.com\\\/de\\\/\",\"logo\":{\"@type\":\"ImageObject\",\"inLanguage\":\"de\",\"@id\":\"https:\\\/\\\/samarali.com\\\/de\\\/#\\\/schema\\\/logo\\\/image\\\/\",\"url\":\"https:\\\/\\\/samarali.com\\\/wp-content\\\/uploads\\\/2024\\\/05\\\/cropped-samarali-icon.png\",\"contentUrl\":\"https:\\\/\\\/samarali.com\\\/wp-content\\\/uploads\\\/2024\\\/05\\\/cropped-samarali-icon.png\",\"width\":512,\"height\":512,\"caption\":\"Samarali\"},\"image\":{\"@id\":\"https:\\\/\\\/samarali.com\\\/de\\\/#\\\/schema\\\/logo\\\/image\\\/\"},\"sameAs\":[\"https:\\\/\\\/www.facebook.com\\\/samaraliyoga\",\"https:\\\/\\\/www.linkedin.com\\\/company\\\/69563155\\\/\",\"https:\\\/\\\/www.instagram.com\\\/samaraliyoga\\\/\",\"https:\\\/\\\/nl.pinterest.com\\\/Samaraliyoga\\\/\"],\"description\":\"Samarali is a sustainable yoga and lifestyle brand based in the Netherlands\",\"email\":\"info@samarali.com\",\"legalName\":\"Samarali B.V.\",\"vatID\":\"NL859820324B01\",\"numberOfEmployees\":{\"@type\":\"QuantitativeValue\",\"minValue\":\"1\",\"maxValue\":\"10\"}}]}<\/script>\n<!-- \/ Yoast SEO Premium plugin. -->","yoast_head_json":{"title":"Gro\u00dfhandelsprogramm - Samarali","description":"Entdecken Sie unser Gro\u00dfhandelsprogramm und decken Sie sich mit ethisch produzierten Yoga- und Lifestyle-Produkten ein. Profitieren Sie von wettbewerbsf\u00e4higen Preisen und erheblichen Rabatten bei Gro\u00dfbestellungen.","robots":{"index":"index","follow":"follow","max-snippet":"max-snippet:-1","max-image-preview":"max-image-preview:large","max-video-preview":"max-video-preview:-1"},"canonical":"https:\/\/samarali.com\/de\/grosshandelsprogramm\/","og_locale":"de_DE","og_type":"article","og_title":"Gro\u00dfhandelsprogramm","og_description":"Entdecken Sie unser Gro\u00dfhandelsprogramm und decken Sie sich mit ethisch produzierten Yoga- und Lifestyle-Produkten ein. Profitieren Sie von wettbewerbsf\u00e4higen Preisen und erheblichen Rabatten bei Gro\u00dfbestellungen.","og_url":"https:\/\/samarali.com\/de\/grosshandelsprogramm\/","og_site_name":"Samarali","article_publisher":"https:\/\/www.facebook.com\/samaraliyoga","article_modified_time":"2024-10-07T11:48:21+00:00","og_image":[{"width":1000,"height":1000,"url":"https:\/\/samarali.com\/wp-content\/uploads\/2024\/09\/Natural-rubber-yoga-mats-prune-and-dark-green_16.jpg","type":"image\/jpeg"}],"twitter_card":"summary_large_image","twitter_misc":{"Gesch\u00e4tzte Lesezeit":"1\u00a0Minute"},"schema":{"@context":"https:\/\/schema.org","@graph":[{"@type":"WebPage","@id":"https:\/\/samarali.com\/de\/grosshandelsprogramm\/","url":"https:\/\/samarali.com\/de\/grosshandelsprogramm\/","name":"Gro\u00dfhandelsprogramm - Samarali","isPartOf":{"@id":"https:\/\/samarali.com\/de\/#website"},"datePublished":"2024-07-04T08:12:01+00:00","dateModified":"2024-10-07T11:48:21+00:00","description":"Entdecken Sie unser Gro\u00dfhandelsprogramm und decken Sie sich mit ethisch produzierten Yoga- und Lifestyle-Produkten ein. Profitieren Sie von wettbewerbsf\u00e4higen Preisen und erheblichen Rabatten bei Gro\u00dfbestellungen.","breadcrumb":{"@id":"https:\/\/samarali.com\/de\/grosshandelsprogramm\/#breadcrumb"},"inLanguage":"de","potentialAction":[{"@type":"ReadAction","target":["https:\/\/samarali.com\/de\/grosshandelsprogramm\/"]}]},{"@type":"BreadcrumbList","@id":"https:\/\/samarali.com\/de\/grosshandelsprogramm\/#breadcrumb","itemListElement":[{"@type":"ListItem","position":1,"name":"Startseite","item":"https:\/\/samarali.com\/de\/startseite\/"},{"@type":"ListItem","position":2,"name":"Gro\u00dfhandelsprogramm"}]},{"@type":"WebSite","@id":"https:\/\/samarali.com\/de\/#website","url":"https:\/\/samarali.com\/de\/","name":"Samarali","description":"Samarali ist eine nachhaltige Yoga- und Lifestyle-Marke mit Sitz in den Niederlanden","publisher":{"@id":"https:\/\/samarali.com\/de\/#organization"},"potentialAction":[{"@type":"SearchAction","target":{"@type":"EntryPoint","urlTemplate":"https:\/\/samarali.com\/de\/?s={search_term_string}"},"query-input":{"@type":"PropertyValueSpecification","valueRequired":true,"valueName":"search_term_string"}}],"inLanguage":"de"},{"@type":"Organization","@id":"https:\/\/samarali.com\/de\/#organization","name":"Samarali","url":"https:\/\/samarali.com\/de\/","logo":{"@type":"ImageObject","inLanguage":"de","@id":"https:\/\/samarali.com\/de\/#\/schema\/logo\/image\/","url":"https:\/\/samarali.com\/wp-content\/uploads\/2024\/05\/cropped-samarali-icon.png","contentUrl":"https:\/\/samarali.com\/wp-content\/uploads\/2024\/05\/cropped-samarali-icon.png","width":512,"height":512,"caption":"Samarali"},"image":{"@id":"https:\/\/samarali.com\/de\/#\/schema\/logo\/image\/"},"sameAs":["https:\/\/www.facebook.com\/samaraliyoga","https:\/\/www.linkedin.com\/company\/69563155\/","https:\/\/www.instagram.com\/samaraliyoga\/","https:\/\/nl.pinterest.com\/Samaraliyoga\/"],"description":"Samarali is a sustainable yoga and lifestyle brand based in the Netherlands","email":"info@samarali.com","legalName":"Samarali B.V.","vatID":"NL859820324B01","numberOfEmployees":{"@type":"QuantitativeValue","minValue":"1","maxValue":"10"}}]}},"jetpack_sharing_enabled":true,"_links":{"self":[{"href":"https:\/\/samarali.com\/de\/wp-json\/wp\/v2\/pages\/27385","targetHints":{"allow":["GET"]}}],"collection":[{"href":"https:\/\/samarali.com\/de\/wp-json\/wp\/v2\/pages"}],"about":[{"href":"https:\/\/samarali.com\/de\/wp-json\/wp\/v2\/types\/page"}],"author":[{"embeddable":true,"href":"https:\/\/samarali.com\/de\/wp-json\/wp\/v2\/users\/2"}],"replies":[{"embeddable":true,"href":"https:\/\/samarali.com\/de\/wp-json\/wp\/v2\/comments?post=27385"}],"version-history":[{"count":4,"href":"https:\/\/samarali.com\/de\/wp-json\/wp\/v2\/pages\/27385\/revisions"}],"predecessor-version":[{"id":30895,"href":"https:\/\/samarali.com\/de\/wp-json\/wp\/v2\/pages\/27385\/revisions\/30895"}],"wp:attachment":[{"href":"https:\/\/samarali.com\/de\/wp-json\/wp\/v2\/media?parent=27385"}],"curies":[{"name":"wp","href":"https:\/\/api.w.org\/{rel}","templated":true}]}}