{"id":27339,"date":"2024-07-04T12:20:50","date_gmt":"2024-07-04T10:20:50","guid":{"rendered":"https:\/\/samarali.com\/partnerprogramm\/"},"modified":"2025-03-16T12:35:24","modified_gmt":"2025-03-16T11:35:24","slug":"partnerprogramm","status":"publish","type":"page","link":"https:\/\/samarali.com\/de\/partnerprogramm\/","title":{"rendered":"Partnerprogramm"},"content":{"rendered":"\t\t<div data-elementor-type=\"wp-page\" data-elementor-id=\"27339\" class=\"elementor elementor-27339 elementor-14579\">\n\t\t\t\t\t\t<section class=\"elementor-section elementor-top-section elementor-element elementor-element-0c224ae elementor-section-boxed elementor-section-height-default elementor-section-height-default\" data-id=\"0c224ae\" data-element_type=\"section\">\n\t\t\t\t\t\t<div class=\"elementor-container elementor-column-gap-extended\">\n\t\t\t\t\t<div class=\"elementor-column elementor-col-50 elementor-top-column elementor-element elementor-element-51b91c1\" data-id=\"51b91c1\" data-element_type=\"column\">\n\t\t\t<div class=\"elementor-widget-wrap elementor-element-populated\">\n\t\t\t\t\t\t<div class=\"elementor-element elementor-element-2b441bd elementor-widget elementor-widget-image\" data-id=\"2b441bd\" data-element_type=\"widget\" data-widget_type=\"image.default\">\n\t\t\t\t<div class=\"elementor-widget-container\">\n\t\t\t\t\t\t\t\t\t\t\t\t\t\t\t<img fetchpriority=\"high\" decoding=\"async\" width=\"640\" height=\"427\" src=\"https:\/\/samarali.com\/wp-content\/uploads\/2024\/07\/Winish-DSC_4276-1024x683.jpg\" class=\"attachment-large size-large wp-image-14613\" alt=\"Partnerprogramm\" srcset=\"https:\/\/samarali.com\/wp-content\/uploads\/2024\/07\/Winish-DSC_4276-1024x683.jpg 1024w, https:\/\/samarali.com\/wp-content\/uploads\/2024\/07\/Winish-DSC_4276-scaled-670x447.jpg 670w, https:\/\/samarali.com\/wp-content\/uploads\/2024\/07\/Winish-DSC_4276-300x200.jpg 300w, https:\/\/samarali.com\/wp-content\/uploads\/2024\/07\/Winish-DSC_4276-768x512.jpg 768w, https:\/\/samarali.com\/wp-content\/uploads\/2024\/07\/Winish-DSC_4276-1536x1024.jpg 1536w, https:\/\/samarali.com\/wp-content\/uploads\/2024\/07\/Winish-DSC_4276-2048x1365.jpg 2048w, https:\/\/samarali.com\/wp-content\/uploads\/2024\/07\/Winish-DSC_4276-1320x880.jpg 1320w\" sizes=\"(max-width: 640px) 100vw, 640px\" \/>\t\t\t\t\t\t\t\t\t\t\t\t\t\t\t<\/div>\n\t\t\t\t<\/div>\n\t\t\t\t\t<\/div>\n\t\t<\/div>\n\t\t\t\t<div class=\"elementor-column elementor-col-50 elementor-top-column elementor-element elementor-element-4e85892\" data-id=\"4e85892\" data-element_type=\"column\">\n\t\t\t<div class=\"elementor-widget-wrap elementor-element-populated\">\n\t\t\t\t\t\t<div class=\"elementor-element elementor-element-f494397 elementor-widget elementor-widget-heading\" data-id=\"f494397\" data-element_type=\"widget\" data-widget_type=\"heading.default\">\n\t\t\t\t<div class=\"elementor-widget-container\">\n\t\t\t\t\t<h6 class=\"elementor-heading-title elementor-size-default\">Tochtergesellschaft<\/h6>\t\t\t\t<\/div>\n\t\t\t\t<\/div>\n\t\t\t\t<div class=\"elementor-element elementor-element-27e61eb elementor-widget elementor-widget-heading\" data-id=\"27e61eb\" data-element_type=\"widget\" data-widget_type=\"heading.default\">\n\t\t\t\t<div class=\"elementor-widget-container\">\n\t\t\t\t\t<h3 class=\"elementor-heading-title elementor-size-default\">Programm<\/h3>\t\t\t\t<\/div>\n\t\t\t\t<\/div>\n\t\t\t\t<div class=\"elementor-element elementor-element-e7f8918 elementor-widget elementor-widget-text-editor\" data-id=\"e7f8918\" data-element_type=\"widget\" data-widget_type=\"text-editor.default\">\n\t\t\t\t<div class=\"elementor-widget-container\">\n\t\t\t\t\t\t\t\t\t<p>Sind Sie ein begeisterter Blogger, Influencer, Yogalehrer oder einfach nur begeistert von unseren Produkten? Hier haben Sie die Chance, Ihre Liebe zu Samarali mit Ihrem Netzwerk oder Ihren Freunden zu teilen, indem Sie ein Partner der Marke Samarali werden. <\/p>\n<p>Und nat\u00fcrlich ist auch f\u00fcr Sie etwas dabei! Als Samarali-Partner erhalten Sie Pr\u00e4mien f\u00fcr die Werbung f\u00fcr unsere umweltfreundlichen, wundersch\u00f6n gestalteten Yoga-Produkte und helfen gleichzeitig, das Thema Nachhaltigkeit zu verbreiten. <\/p>\n<p>Sind Sie bereit, uns auf dieser Reise zu begleiten? Lassen Sie uns gemeinsam eine bessere Zukunft schaffen! <\/p>\n\t\t\t\t\t\t\t\t<\/div>\n\t\t\t\t<\/div>\n\t\t\t\t\t<\/div>\n\t\t<\/div>\n\t\t\t\t\t<\/div>\n\t\t<\/section>\n\t\t\t\t<section class=\"elementor-section elementor-top-section elementor-element elementor-element-0bc8b2f elementor-section-boxed elementor-section-height-default elementor-section-height-default\" data-id=\"0bc8b2f\" data-element_type=\"section\">\n\t\t\t\t\t\t<div class=\"elementor-container elementor-column-gap-extended\">\n\t\t\t\t\t<div class=\"elementor-column elementor-col-50 elementor-top-column elementor-element elementor-element-817c1bb\" data-id=\"817c1bb\" data-element_type=\"column\">\n\t\t\t<div class=\"elementor-widget-wrap elementor-element-populated\">\n\t\t\t\t\t\t<div class=\"elementor-element elementor-element-61d4d1b elementor-widget elementor-widget-heading\" data-id=\"61d4d1b\" data-element_type=\"widget\" data-widget_type=\"heading.default\">\n\t\t\t\t<div class=\"elementor-widget-container\">\n\t\t\t\t\t<h6 class=\"elementor-heading-title elementor-size-default\">Wie<\/h6>\t\t\t\t<\/div>\n\t\t\t\t<\/div>\n\t\t\t\t<div class=\"elementor-element elementor-element-c5ff098 elementor-widget elementor-widget-heading\" data-id=\"c5ff098\" data-element_type=\"widget\" data-widget_type=\"heading.default\">\n\t\t\t\t<div class=\"elementor-widget-container\">\n\t\t\t\t\t<h3 class=\"elementor-heading-title elementor-size-default\">Funktioniert es?<\/h3>\t\t\t\t<\/div>\n\t\t\t\t<\/div>\n\t\t\t\t<div class=\"elementor-element elementor-element-7d8584c elementor-widget elementor-widget-text-editor\" data-id=\"7d8584c\" data-element_type=\"widget\" data-widget_type=\"text-editor.default\">\n\t\t\t\t<div class=\"elementor-widget-container\">\n\t\t\t\t\t\t\t\t\t<p>Wir freuen uns, Sie in unserem Partnerprogramm begr\u00fc\u00dfen zu d\u00fcrfen! Wir setzen auf Transparenz in unserer Zusammenarbeit und stellen Ihnen ein personalisiertes Dashboard zur Verf\u00fcgung, um Empfehlungen zu verfolgen, Provisionen zu verwalten und vieles mehr. So funktioniert unser Partnerprogramm:<\/p>\n<p><b>Wie es funktioniert:<\/b><\/p>\n<ol>\n<li><strong style=\"\">Anmeldung<\/strong>: Beginnen Sie mit dem Ausf\u00fcllen des <strong><a href=\"https:\/\/samarali.com\/de\/partnerprogramm\/werden-sie-ein-partner\/\"><u>Anmeldeformular f\u00fcr Partner<\/u><\/a><\/strong>.<\/li>\n<li><strong style=\"\">Zugang zum Dashboard<\/strong>: Nachdem Ihr Antrag genehmigt wurde, erhalten Sie einen Link zu Ihrem personalisierten Dashboard. Auf diese Weise k\u00f6nnen Sie die Statistiken der Kunden einsehen, die unsere Website \u00fcber Ihren eindeutigen Empfehlungslink oder Code besucht haben.<\/li>\n<li><strong>Rabatt &amp; Provision<\/strong>:<br>&nbsp; &nbsp; &nbsp; &nbsp;o Kunden, die Sie an uns verweisen, erhalten einen Rabatt von 10% auf ihren ersten Einkauf.<br>&nbsp; &nbsp; &nbsp; &nbsp;o Sie erhalten eine Provision von 10% auf jeden Kauf, der von Ihren Empfehlern get\u00e4tigt wird.<\/li>\n<li><strong>Verfolgung von Empfehlungen<\/strong>: Bestellungen, die \u00fcber Ihren Empfehlungslink get\u00e4tigt werden (mit oder ohne Gutscheincode), werden nachverfolgt und in Ihrem pers\u00f6nlichen Dashboard angezeigt.<\/li>\n<li><strong>Belohnungen f\u00fcr Errungenschaften<\/strong>: Affiliates, die bestimmte Ziele erreichen (diese werden in Ihrem Dashboard detailliert aufgef\u00fchrt), haben Anspruch auf zus\u00e4tzliche Belohnungen.<\/li>\n<li><strong>Individuelle Werbematerialien<\/strong>: Ben\u00f6tigen Sie Bilder f\u00fcr Ihre Werbema\u00dfnahmen? Kontaktieren Sie uns unter info@samarali.com, und wir werden sie Ihnen zur Verf\u00fcgung stellen.<\/li>\n<\/ol>\n<p>Sind Sie bereit anzufangen? Folgen Sie diesem Link zur Registrierung <strong><a href=\"https:\/\/samarali.com\/de\/partnerprogramm\/werden-sie-ein-partner\/\"><u>ANMELDEFORMULAR F\u00dcR PARTNER<\/u><\/a><\/strong><\/p>\t\t\t\t\t\t\t\t<\/div>\n\t\t\t\t<\/div>\n\t\t\t\t\t<\/div>\n\t\t<\/div>\n\t\t\t\t<div class=\"elementor-column elementor-col-50 elementor-top-column elementor-element elementor-element-c4139c2\" data-id=\"c4139c2\" data-element_type=\"column\">\n\t\t\t<div class=\"elementor-widget-wrap elementor-element-populated\">\n\t\t\t\t\t\t<div class=\"elementor-element elementor-element-3305b9d elementor-widget elementor-widget-image\" data-id=\"3305b9d\" data-element_type=\"widget\" data-widget_type=\"image.default\">\n\t\t\t\t<div class=\"elementor-widget-container\">\n\t\t\t\t\t\t\t\t\t\t\t\t\t\t\t<img decoding=\"async\" width=\"640\" height=\"640\" src=\"https:\/\/samarali.com\/wp-content\/uploads\/2024\/07\/1200-x-1200-Jumpsuit-Atlantic-1024x1024.jpg\" class=\"attachment-large size-large wp-image-14628\" alt=\"Partnerprogramm\" srcset=\"https:\/\/samarali.com\/wp-content\/uploads\/2024\/07\/1200-x-1200-Jumpsuit-Atlantic-1024x1024.jpg 1024w, https:\/\/samarali.com\/wp-content\/uploads\/2024\/07\/1200-x-1200-Jumpsuit-Atlantic-500x500.jpg 500w, https:\/\/samarali.com\/wp-content\/uploads\/2024\/07\/1200-x-1200-Jumpsuit-Atlantic-130x130.jpg 130w, https:\/\/samarali.com\/wp-content\/uploads\/2024\/07\/1200-x-1200-Jumpsuit-Atlantic-670x670.jpg 670w, https:\/\/samarali.com\/wp-content\/uploads\/2024\/07\/1200-x-1200-Jumpsuit-Atlantic-300x300.jpg 300w, https:\/\/samarali.com\/wp-content\/uploads\/2024\/07\/1200-x-1200-Jumpsuit-Atlantic-150x150.jpg 150w, https:\/\/samarali.com\/wp-content\/uploads\/2024\/07\/1200-x-1200-Jumpsuit-Atlantic-768x768.jpg 768w, https:\/\/samarali.com\/wp-content\/uploads\/2024\/07\/1200-x-1200-Jumpsuit-Atlantic-50x50.jpg 50w, https:\/\/samarali.com\/wp-content\/uploads\/2024\/07\/1200-x-1200-Jumpsuit-Atlantic-100x100.jpg 100w, https:\/\/samarali.com\/wp-content\/uploads\/2024\/07\/1200-x-1200-Jumpsuit-Atlantic.jpg 1200w\" sizes=\"(max-width: 640px) 100vw, 640px\" \/>\t\t\t\t\t\t\t\t\t\t\t\t\t\t\t<\/div>\n\t\t\t\t<\/div>\n\t\t\t\t\t<\/div>\n\t\t<\/div>\n\t\t\t\t\t<\/div>\n\t\t<\/section>\n\t\t\t\t<\/div>\n\t\t","protected":false},"excerpt":{"rendered":"<p>Tochtergesellschaft Programm Sind Sie ein begeisterter Blogger, Influencer, Yogalehrer oder einfach nur begeistert von unseren Produkten? Hier haben Sie die Chance, Ihre Liebe zu Samarali mit Ihrem Netzwerk oder Ihren Freunden zu teilen, indem Sie ein Partner der Marke Samarali werden. Und nat\u00fcrlich ist auch f\u00fcr Sie etwas dabei! Als Samarali-Partner erhalten Sie Pr\u00e4mien f\u00fcr [&hellip;]<\/p>\n","protected":false},"author":2,"featured_media":0,"parent":0,"menu_order":0,"comment_status":"closed","ping_status":"closed","template":"","meta":{"_acf_changed":false,"_improvement_type_select":"improve_an_existing","_thumb_yes_seoaic":false,"_frame_yes_seoaic":false,"seoaic_generate_description":"","seoaic_improve_instructions_prompt":"","seoaic_rollback_content_improvement":"","seoaic_idea_thumbnail_generator":"","thumbnail_generated":false,"thumbnail_generate_prompt":"","seoaic_article_description":"","inline_featured_image":false,"footnotes":""},"class_list":["post-27339","page","type-page","status-publish","hentry"],"acf":[],"yoast_head":"<!-- This site is optimized with the Yoast SEO Premium plugin v27.3 (Yoast SEO v27.3) - https:\/\/yoast.com\/product\/yoast-seo-premium-wordpress\/ -->\n<title>Partnerprogramm - Samarali<\/title>\n<meta name=\"description\" content=\"Nehmen Sie am Samarali-Partnerprogramm teil und verdienen Sie Pr\u00e4mien, w\u00e4hrend Sie unsere wundersch\u00f6n gestalteten, nachhaltigen Yoga-Produkte bekannt machen.\" \/>\n<meta name=\"robots\" content=\"index, follow, max-snippet:-1, max-image-preview:large, max-video-preview:-1\" \/>\n<link rel=\"canonical\" href=\"https:\/\/samarali.com\/de\/partnerprogramm\/\" \/>\n<meta property=\"og:locale\" content=\"de_DE\" \/>\n<meta property=\"og:type\" content=\"article\" \/>\n<meta property=\"og:title\" content=\"Partnerprogramm\" \/>\n<meta property=\"og:description\" content=\"Nehmen Sie am Samarali-Partnerprogramm teil und verdienen Sie Pr\u00e4mien, w\u00e4hrend Sie unsere wundersch\u00f6n gestalteten, nachhaltigen Yoga-Produkte bekannt machen.\" \/>\n<meta property=\"og:url\" content=\"https:\/\/samarali.com\/de\/partnerprogramm\/\" \/>\n<meta property=\"og:site_name\" content=\"Samarali\" \/>\n<meta property=\"article:publisher\" content=\"https:\/\/www.facebook.com\/samaraliyoga\" \/>\n<meta property=\"article:modified_time\" content=\"2025-03-16T11:35:24+00:00\" \/>\n<meta property=\"og:image\" content=\"https:\/\/samarali.com\/wp-content\/uploads\/2024\/07\/Winish-DSC_4276-scaled.jpg\" \/>\n\t<meta property=\"og:image:width\" content=\"2560\" \/>\n\t<meta property=\"og:image:height\" content=\"1707\" \/>\n\t<meta property=\"og:image:type\" content=\"image\/jpeg\" \/>\n<meta name=\"twitter:card\" content=\"summary_large_image\" \/>\n<meta name=\"twitter:label1\" content=\"Gesch\u00e4tzte Lesezeit\" \/>\n\t<meta name=\"twitter:data1\" content=\"2\u00a0Minute\" \/>\n<script type=\"application\/ld+json\" class=\"yoast-schema-graph\">{\"@context\":\"https:\\\/\\\/schema.org\",\"@graph\":[{\"@type\":\"WebPage\",\"@id\":\"https:\\\/\\\/samarali.com\\\/de\\\/partnerprogramm\\\/\",\"url\":\"https:\\\/\\\/samarali.com\\\/de\\\/partnerprogramm\\\/\",\"name\":\"Partnerprogramm - Samarali\",\"isPartOf\":{\"@id\":\"https:\\\/\\\/samarali.com\\\/de\\\/#website\"},\"primaryImageOfPage\":{\"@id\":\"https:\\\/\\\/samarali.com\\\/de\\\/partnerprogramm\\\/#primaryimage\"},\"image\":{\"@id\":\"https:\\\/\\\/samarali.com\\\/de\\\/partnerprogramm\\\/#primaryimage\"},\"thumbnailUrl\":\"https:\\\/\\\/samarali.com\\\/wp-content\\\/uploads\\\/2024\\\/07\\\/Winish-DSC_4276-1024x683.jpg\",\"datePublished\":\"2024-07-04T10:20:50+00:00\",\"dateModified\":\"2025-03-16T11:35:24+00:00\",\"description\":\"Nehmen Sie am Samarali-Partnerprogramm teil und verdienen Sie Pr\u00e4mien, w\u00e4hrend Sie unsere wundersch\u00f6n gestalteten, nachhaltigen Yoga-Produkte bekannt machen.\",\"breadcrumb\":{\"@id\":\"https:\\\/\\\/samarali.com\\\/de\\\/partnerprogramm\\\/#breadcrumb\"},\"inLanguage\":\"de\",\"potentialAction\":[{\"@type\":\"ReadAction\",\"target\":[\"https:\\\/\\\/samarali.com\\\/de\\\/partnerprogramm\\\/\"]}]},{\"@type\":\"ImageObject\",\"inLanguage\":\"de\",\"@id\":\"https:\\\/\\\/samarali.com\\\/de\\\/partnerprogramm\\\/#primaryimage\",\"url\":\"https:\\\/\\\/samarali.com\\\/wp-content\\\/uploads\\\/2024\\\/07\\\/Winish-DSC_4276-1024x683.jpg\",\"contentUrl\":\"https:\\\/\\\/samarali.com\\\/wp-content\\\/uploads\\\/2024\\\/07\\\/Winish-DSC_4276-1024x683.jpg\"},{\"@type\":\"BreadcrumbList\",\"@id\":\"https:\\\/\\\/samarali.com\\\/de\\\/partnerprogramm\\\/#breadcrumb\",\"itemListElement\":[{\"@type\":\"ListItem\",\"position\":1,\"name\":\"Startseite\",\"item\":\"https:\\\/\\\/samarali.com\\\/de\\\/startseite\\\/\"},{\"@type\":\"ListItem\",\"position\":2,\"name\":\"Partnerprogramm\"}]},{\"@type\":\"WebSite\",\"@id\":\"https:\\\/\\\/samarali.com\\\/de\\\/#website\",\"url\":\"https:\\\/\\\/samarali.com\\\/de\\\/\",\"name\":\"Samarali\",\"description\":\"Samarali ist eine nachhaltige Yoga- und Lifestyle-Marke mit Sitz in den Niederlanden\",\"publisher\":{\"@id\":\"https:\\\/\\\/samarali.com\\\/de\\\/#organization\"},\"potentialAction\":[{\"@type\":\"SearchAction\",\"target\":{\"@type\":\"EntryPoint\",\"urlTemplate\":\"https:\\\/\\\/samarali.com\\\/de\\\/?s={search_term_string}\"},\"query-input\":{\"@type\":\"PropertyValueSpecification\",\"valueRequired\":true,\"valueName\":\"search_term_string\"}}],\"inLanguage\":\"de\"},{\"@type\":\"Organization\",\"@id\":\"https:\\\/\\\/samarali.com\\\/de\\\/#organization\",\"name\":\"Samarali\",\"url\":\"https:\\\/\\\/samarali.com\\\/de\\\/\",\"logo\":{\"@type\":\"ImageObject\",\"inLanguage\":\"de\",\"@id\":\"https:\\\/\\\/samarali.com\\\/de\\\/#\\\/schema\\\/logo\\\/image\\\/\",\"url\":\"https:\\\/\\\/samarali.com\\\/wp-content\\\/uploads\\\/2024\\\/05\\\/cropped-samarali-icon.png\",\"contentUrl\":\"https:\\\/\\\/samarali.com\\\/wp-content\\\/uploads\\\/2024\\\/05\\\/cropped-samarali-icon.png\",\"width\":512,\"height\":512,\"caption\":\"Samarali\"},\"image\":{\"@id\":\"https:\\\/\\\/samarali.com\\\/de\\\/#\\\/schema\\\/logo\\\/image\\\/\"},\"sameAs\":[\"https:\\\/\\\/www.facebook.com\\\/samaraliyoga\",\"https:\\\/\\\/www.linkedin.com\\\/company\\\/69563155\\\/\",\"https:\\\/\\\/www.instagram.com\\\/samaraliyoga\\\/\",\"https:\\\/\\\/nl.pinterest.com\\\/Samaraliyoga\\\/\"],\"description\":\"Samarali is a sustainable yoga and lifestyle brand based in the Netherlands\",\"email\":\"info@samarali.com\",\"legalName\":\"Samarali B.V.\",\"vatID\":\"NL859820324B01\",\"numberOfEmployees\":{\"@type\":\"QuantitativeValue\",\"minValue\":\"1\",\"maxValue\":\"10\"}}]}<\/script>\n<!-- \/ Yoast SEO Premium plugin. -->","yoast_head_json":{"title":"Partnerprogramm - Samarali","description":"Nehmen Sie am Samarali-Partnerprogramm teil und verdienen Sie Pr\u00e4mien, w\u00e4hrend Sie unsere wundersch\u00f6n gestalteten, nachhaltigen Yoga-Produkte bekannt machen.","robots":{"index":"index","follow":"follow","max-snippet":"max-snippet:-1","max-image-preview":"max-image-preview:large","max-video-preview":"max-video-preview:-1"},"canonical":"https:\/\/samarali.com\/de\/partnerprogramm\/","og_locale":"de_DE","og_type":"article","og_title":"Partnerprogramm","og_description":"Nehmen Sie am Samarali-Partnerprogramm teil und verdienen Sie Pr\u00e4mien, w\u00e4hrend Sie unsere wundersch\u00f6n gestalteten, nachhaltigen Yoga-Produkte bekannt machen.","og_url":"https:\/\/samarali.com\/de\/partnerprogramm\/","og_site_name":"Samarali","article_publisher":"https:\/\/www.facebook.com\/samaraliyoga","article_modified_time":"2025-03-16T11:35:24+00:00","og_image":[{"width":2560,"height":1707,"url":"https:\/\/samarali.com\/wp-content\/uploads\/2024\/07\/Winish-DSC_4276-scaled.jpg","type":"image\/jpeg"}],"twitter_card":"summary_large_image","twitter_misc":{"Gesch\u00e4tzte Lesezeit":"2\u00a0Minute"},"schema":{"@context":"https:\/\/schema.org","@graph":[{"@type":"WebPage","@id":"https:\/\/samarali.com\/de\/partnerprogramm\/","url":"https:\/\/samarali.com\/de\/partnerprogramm\/","name":"Partnerprogramm - Samarali","isPartOf":{"@id":"https:\/\/samarali.com\/de\/#website"},"primaryImageOfPage":{"@id":"https:\/\/samarali.com\/de\/partnerprogramm\/#primaryimage"},"image":{"@id":"https:\/\/samarali.com\/de\/partnerprogramm\/#primaryimage"},"thumbnailUrl":"https:\/\/samarali.com\/wp-content\/uploads\/2024\/07\/Winish-DSC_4276-1024x683.jpg","datePublished":"2024-07-04T10:20:50+00:00","dateModified":"2025-03-16T11:35:24+00:00","description":"Nehmen Sie am Samarali-Partnerprogramm teil und verdienen Sie Pr\u00e4mien, w\u00e4hrend Sie unsere wundersch\u00f6n gestalteten, nachhaltigen Yoga-Produkte bekannt machen.","breadcrumb":{"@id":"https:\/\/samarali.com\/de\/partnerprogramm\/#breadcrumb"},"inLanguage":"de","potentialAction":[{"@type":"ReadAction","target":["https:\/\/samarali.com\/de\/partnerprogramm\/"]}]},{"@type":"ImageObject","inLanguage":"de","@id":"https:\/\/samarali.com\/de\/partnerprogramm\/#primaryimage","url":"https:\/\/samarali.com\/wp-content\/uploads\/2024\/07\/Winish-DSC_4276-1024x683.jpg","contentUrl":"https:\/\/samarali.com\/wp-content\/uploads\/2024\/07\/Winish-DSC_4276-1024x683.jpg"},{"@type":"BreadcrumbList","@id":"https:\/\/samarali.com\/de\/partnerprogramm\/#breadcrumb","itemListElement":[{"@type":"ListItem","position":1,"name":"Startseite","item":"https:\/\/samarali.com\/de\/startseite\/"},{"@type":"ListItem","position":2,"name":"Partnerprogramm"}]},{"@type":"WebSite","@id":"https:\/\/samarali.com\/de\/#website","url":"https:\/\/samarali.com\/de\/","name":"Samarali","description":"Samarali ist eine nachhaltige Yoga- und Lifestyle-Marke mit Sitz in den Niederlanden","publisher":{"@id":"https:\/\/samarali.com\/de\/#organization"},"potentialAction":[{"@type":"SearchAction","target":{"@type":"EntryPoint","urlTemplate":"https:\/\/samarali.com\/de\/?s={search_term_string}"},"query-input":{"@type":"PropertyValueSpecification","valueRequired":true,"valueName":"search_term_string"}}],"inLanguage":"de"},{"@type":"Organization","@id":"https:\/\/samarali.com\/de\/#organization","name":"Samarali","url":"https:\/\/samarali.com\/de\/","logo":{"@type":"ImageObject","inLanguage":"de","@id":"https:\/\/samarali.com\/de\/#\/schema\/logo\/image\/","url":"https:\/\/samarali.com\/wp-content\/uploads\/2024\/05\/cropped-samarali-icon.png","contentUrl":"https:\/\/samarali.com\/wp-content\/uploads\/2024\/05\/cropped-samarali-icon.png","width":512,"height":512,"caption":"Samarali"},"image":{"@id":"https:\/\/samarali.com\/de\/#\/schema\/logo\/image\/"},"sameAs":["https:\/\/www.facebook.com\/samaraliyoga","https:\/\/www.linkedin.com\/company\/69563155\/","https:\/\/www.instagram.com\/samaraliyoga\/","https:\/\/nl.pinterest.com\/Samaraliyoga\/"],"description":"Samarali is a sustainable yoga and lifestyle brand based in the Netherlands","email":"info@samarali.com","legalName":"Samarali B.V.","vatID":"NL859820324B01","numberOfEmployees":{"@type":"QuantitativeValue","minValue":"1","maxValue":"10"}}]}},"jetpack_sharing_enabled":true,"_links":{"self":[{"href":"https:\/\/samarali.com\/de\/wp-json\/wp\/v2\/pages\/27339","targetHints":{"allow":["GET"]}}],"collection":[{"href":"https:\/\/samarali.com\/de\/wp-json\/wp\/v2\/pages"}],"about":[{"href":"https:\/\/samarali.com\/de\/wp-json\/wp\/v2\/types\/page"}],"author":[{"embeddable":true,"href":"https:\/\/samarali.com\/de\/wp-json\/wp\/v2\/users\/2"}],"replies":[{"embeddable":true,"href":"https:\/\/samarali.com\/de\/wp-json\/wp\/v2\/comments?post=27339"}],"version-history":[{"count":11,"href":"https:\/\/samarali.com\/de\/wp-json\/wp\/v2\/pages\/27339\/revisions"}],"predecessor-version":[{"id":33370,"href":"https:\/\/samarali.com\/de\/wp-json\/wp\/v2\/pages\/27339\/revisions\/33370"}],"wp:attachment":[{"href":"https:\/\/samarali.com\/de\/wp-json\/wp\/v2\/media?parent=27339"}],"curies":[{"name":"wp","href":"https:\/\/api.w.org\/{rel}","templated":true}]}}