{"id":27326,"date":"2024-07-30T11:32:45","date_gmt":"2024-07-30T09:32:45","guid":{"rendered":"https:\/\/samarali.com\/groessentabelle\/"},"modified":"2024-09-23T15:16:48","modified_gmt":"2024-09-23T15:16:48","slug":"groessentabelle","status":"publish","type":"page","link":"https:\/\/samarali.com\/de\/groessentabelle\/","title":{"rendered":"Gr\u00f6\u00dfentabelle"},"content":{"rendered":"\t\t<div data-elementor-type=\"wp-page\" data-elementor-id=\"27326\" class=\"elementor elementor-27326 elementor-17059\">\n\t\t\t\t\t\t<section class=\"elementor-section elementor-top-section elementor-element elementor-element-40a3e25 elementor-section-boxed elementor-section-height-default elementor-section-height-default\" data-id=\"40a3e25\" data-element_type=\"section\">\n\t\t\t\t\t\t<div class=\"elementor-container elementor-column-gap-extended\">\n\t\t\t\t\t<div class=\"elementor-column elementor-col-100 elementor-top-column elementor-element elementor-element-d55243d\" data-id=\"d55243d\" data-element_type=\"column\">\n\t\t\t<div class=\"elementor-widget-wrap elementor-element-populated\">\n\t\t\t\t\t\t<div class=\"elementor-element elementor-element-e8c238f elementor-widget elementor-widget-razzi-heading\" data-id=\"e8c238f\" data-element_type=\"widget\" data-widget_type=\"razzi-heading.default\">\n\t\t\t\t<div class=\"elementor-widget-container\">\n\t\t\t\t\t<div class=\"razzi-heading-wrapper\"><h3 class=\"razzi-heading-title\"><small>Gr\u00f6\u00dfe<\/small> Leitfaden<\/h3><\/div>\t\t\t\t<\/div>\n\t\t\t\t<\/div>\n\t\t\t\t\t<\/div>\n\t\t<\/div>\n\t\t\t\t\t<\/div>\n\t\t<\/section>\n\t\t<div class=\"elementor-element elementor-element-8552fde e-flex e-con-boxed e-con e-parent\" data-id=\"8552fde\" data-element_type=\"container\">\n\t\t\t\t\t<div class=\"e-con-inner\">\n\t\t<div class=\"elementor-element elementor-element-909d9b0 e-con-full e-flex e-con e-child\" data-id=\"909d9b0\" data-element_type=\"container\">\n\t\t\t\t<div class=\"elementor-element elementor-element-598c4d8 elementor-widget elementor-widget-image\" data-id=\"598c4d8\" data-element_type=\"widget\" data-widget_type=\"image.default\">\n\t\t\t\t<div class=\"elementor-widget-container\">\n\t\t\t\t\t\t\t\t\t\t\t\t\t\t\t<img decoding=\"async\" src=\"https:\/\/samarali.com\/wp-content\/uploads\/2024\/08\/sizes123.png\" title=\"sizes123\" alt=\"Gr\u00f6\u00dfentabelle\" loading=\"lazy\" \/>\t\t\t\t\t\t\t\t\t\t\t\t\t\t\t<\/div>\n\t\t\t\t<\/div>\n\t\t\t\t<\/div>\n\t\t<div class=\"elementor-element elementor-element-0c6d1e3 e-con-full e-flex e-con e-child\" data-id=\"0c6d1e3\" data-element_type=\"container\">\n\t\t\t\t<div class=\"elementor-element elementor-element-0c1433d elementor-widget elementor-widget-heading\" data-id=\"0c1433d\" data-element_type=\"widget\" data-widget_type=\"heading.default\">\n\t\t\t\t<div class=\"elementor-widget-container\">\n\t\t\t\t\t<h5 class=\"elementor-heading-title elementor-size-default\">Wie man misst<\/h5>\t\t\t\t<\/div>\n\t\t\t\t<\/div>\n\t\t\t\t<div class=\"elementor-element elementor-element-754d812 elementor-widget elementor-widget-accordion\" data-id=\"754d812\" data-element_type=\"widget\" data-widget_type=\"accordion.default\">\n\t\t\t\t<div class=\"elementor-widget-container\">\n\t\t\t\t\t\t\t<div class=\"elementor-accordion\">\n\t\t\t\t\t\t\t<div class=\"elementor-accordion-item\">\n\t\t\t\t\t<div id=\"elementor-tab-title-1231\" class=\"elementor-tab-title\" data-tab=\"1\" role=\"button\" aria-controls=\"elementor-tab-content-1231\" aria-expanded=\"false\">\n\t\t\t\t\t\t\t\t\t\t\t\t\t<span class=\"elementor-accordion-icon elementor-accordion-icon-left\" aria-hidden=\"true\">\n\t\t\t\t\t\t\t\t\t\t\t\t\t\t\t<span class=\"elementor-accordion-icon-closed\"><svg class=\"e-font-icon-svg e-fas-plus\" viewBox=\"0 0 448 512\" xmlns=\"http:\/\/www.w3.org\/2000\/svg\"><path d=\"M416 208H272V64c0-17.67-14.33-32-32-32h-32c-17.67 0-32 14.33-32 32v144H32c-17.67 0-32 14.33-32 32v32c0 17.67 14.33 32 32 32h144v144c0 17.67 14.33 32 32 32h32c17.67 0 32-14.33 32-32V304h144c17.67 0 32-14.33 32-32v-32c0-17.67-14.33-32-32-32z\"><\/path><\/svg><\/span>\n\t\t\t\t\t\t\t\t<span class=\"elementor-accordion-icon-opened\"><svg class=\"e-font-icon-svg e-fas-minus\" viewBox=\"0 0 448 512\" xmlns=\"http:\/\/www.w3.org\/2000\/svg\"><path d=\"M416 208H32c-17.67 0-32 14.33-32 32v32c0 17.67 14.33 32 32 32h384c17.67 0 32-14.33 32-32v-32c0-17.67-14.33-32-32-32z\"><\/path><\/svg><\/span>\n\t\t\t\t\t\t\t\t\t\t\t\t\t\t<\/span>\n\t\t\t\t\t\t\t\t\t\t\t\t<a class=\"elementor-accordion-title\" tabindex=\"0\">B\u00fcste #1<\/a>\n\t\t\t\t\t<\/div>\n\t\t\t\t\t<div id=\"elementor-tab-content-1231\" class=\"elementor-tab-content elementor-clearfix\" data-tab=\"1\" role=\"region\" aria-labelledby=\"elementor-tab-title-1231\"><p>Messen Sie unter Ihren Armen, um die breiteste Stelle Ihrer Brust.<\/p>\n<\/div>\n\t\t\t\t<\/div>\n\t\t\t\t\t\t\t<div class=\"elementor-accordion-item\">\n\t\t\t\t\t<div id=\"elementor-tab-title-1232\" class=\"elementor-tab-title\" data-tab=\"2\" role=\"button\" aria-controls=\"elementor-tab-content-1232\" aria-expanded=\"false\">\n\t\t\t\t\t\t\t\t\t\t\t\t\t<span class=\"elementor-accordion-icon elementor-accordion-icon-left\" aria-hidden=\"true\">\n\t\t\t\t\t\t\t\t\t\t\t\t\t\t\t<span class=\"elementor-accordion-icon-closed\"><svg class=\"e-font-icon-svg e-fas-plus\" viewBox=\"0 0 448 512\" xmlns=\"http:\/\/www.w3.org\/2000\/svg\"><path d=\"M416 208H272V64c0-17.67-14.33-32-32-32h-32c-17.67 0-32 14.33-32 32v144H32c-17.67 0-32 14.33-32 32v32c0 17.67 14.33 32 32 32h144v144c0 17.67 14.33 32 32 32h32c17.67 0 32-14.33 32-32V304h144c17.67 0 32-14.33 32-32v-32c0-17.67-14.33-32-32-32z\"><\/path><\/svg><\/span>\n\t\t\t\t\t\t\t\t<span class=\"elementor-accordion-icon-opened\"><svg class=\"e-font-icon-svg e-fas-minus\" viewBox=\"0 0 448 512\" xmlns=\"http:\/\/www.w3.org\/2000\/svg\"><path d=\"M416 208H32c-17.67 0-32 14.33-32 32v32c0 17.67 14.33 32 32 32h384c17.67 0 32-14.33 32-32v-32c0-17.67-14.33-32-32-32z\"><\/path><\/svg><\/span>\n\t\t\t\t\t\t\t\t\t\t\t\t\t\t<\/span>\n\t\t\t\t\t\t\t\t\t\t\t\t<a class=\"elementor-accordion-title\" tabindex=\"0\">Taille #2<\/a>\n\t\t\t\t\t<\/div>\n\t\t\t\t\t<div id=\"elementor-tab-content-1232\" class=\"elementor-tab-content elementor-clearfix\" data-tab=\"2\" role=\"region\" aria-labelledby=\"elementor-tab-title-1232\"><p>Messen Sie um Ihre nat\u00fcrliche Taille herum, knapp oberhalb Ihrer H\u00fcftknochen, und achten Sie darauf, das Ma\u00dfband nicht zu straff zu ziehen.<\/p>\n<\/div>\n\t\t\t\t<\/div>\n\t\t\t\t\t\t\t<div class=\"elementor-accordion-item\">\n\t\t\t\t\t<div id=\"elementor-tab-title-1233\" class=\"elementor-tab-title\" data-tab=\"3\" role=\"button\" aria-controls=\"elementor-tab-content-1233\" aria-expanded=\"false\">\n\t\t\t\t\t\t\t\t\t\t\t\t\t<span class=\"elementor-accordion-icon elementor-accordion-icon-left\" aria-hidden=\"true\">\n\t\t\t\t\t\t\t\t\t\t\t\t\t\t\t<span class=\"elementor-accordion-icon-closed\"><svg class=\"e-font-icon-svg e-fas-plus\" viewBox=\"0 0 448 512\" xmlns=\"http:\/\/www.w3.org\/2000\/svg\"><path d=\"M416 208H272V64c0-17.67-14.33-32-32-32h-32c-17.67 0-32 14.33-32 32v144H32c-17.67 0-32 14.33-32 32v32c0 17.67 14.33 32 32 32h144v144c0 17.67 14.33 32 32 32h32c17.67 0 32-14.33 32-32V304h144c17.67 0 32-14.33 32-32v-32c0-17.67-14.33-32-32-32z\"><\/path><\/svg><\/span>\n\t\t\t\t\t\t\t\t<span class=\"elementor-accordion-icon-opened\"><svg class=\"e-font-icon-svg e-fas-minus\" viewBox=\"0 0 448 512\" xmlns=\"http:\/\/www.w3.org\/2000\/svg\"><path d=\"M416 208H32c-17.67 0-32 14.33-32 32v32c0 17.67 14.33 32 32 32h384c17.67 0 32-14.33 32-32v-32c0-17.67-14.33-32-32-32z\"><\/path><\/svg><\/span>\n\t\t\t\t\t\t\t\t\t\t\t\t\t\t<\/span>\n\t\t\t\t\t\t\t\t\t\t\t\t<a class=\"elementor-accordion-title\" tabindex=\"0\">H\u00fcften #3<\/a>\n\t\t\t\t\t<\/div>\n\t\t\t\t\t<div id=\"elementor-tab-content-1233\" class=\"elementor-tab-content elementor-clearfix\" data-tab=\"3\" role=\"region\" aria-labelledby=\"elementor-tab-title-1233\"><p>Messen Sie um die breiteste Stelle Ihrer H\u00fcften und Ihres Ges\u00e4\u00dfes.<\/p>\n<\/div>\n\t\t\t\t<\/div>\n\t\t\t\t\t\t\t\t<\/div>\n\t\t\t\t\t\t<\/div>\n\t\t\t\t<\/div>\n\t\t\t\t<\/div>\n\t\t\t\t\t<\/div>\n\t\t\t\t<\/div>\n\t\t\t\t<section class=\"elementor-section elementor-top-section elementor-element elementor-element-71bcd76 elementor-section-boxed elementor-section-height-default elementor-section-height-default\" data-id=\"71bcd76\" data-element_type=\"section\">\n\t\t\t\t\t\t<div class=\"elementor-container elementor-column-gap-extended\">\n\t\t\t\t\t<div class=\"elementor-column elementor-col-100 elementor-top-column elementor-element elementor-element-395dd4a\" data-id=\"395dd4a\" data-element_type=\"column\">\n\t\t\t<div class=\"elementor-widget-wrap elementor-element-populated\">\n\t\t\t\t\t\t<div class=\"elementor-element elementor-element-ba7781e elementor-widget elementor-widget-razzi-heading\" data-id=\"ba7781e\" data-element_type=\"widget\" data-widget_type=\"razzi-heading.default\">\n\t\t\t\t<div class=\"elementor-widget-container\">\n\t\t\t\t\t<div class=\"razzi-heading-wrapper\"><h3 class=\"razzi-heading-title\"><small>Gr\u00f6\u00dfe<\/small> Umwandlung<\/h3><\/div>\t\t\t\t<\/div>\n\t\t\t\t<\/div>\n\t\t\t\t<div class=\"elementor-element elementor-element-563eec4 elementor-widget elementor-widget-heading\" data-id=\"563eec4\" data-element_type=\"widget\" data-widget_type=\"heading.default\">\n\t\t\t\t<div class=\"elementor-widget-container\">\n\t\t\t\t\t<h6 class=\"elementor-heading-title elementor-size-default\">Unsere Gr\u00f6\u00dfen folgen dem europ\u00e4ischen Gr\u00f6\u00dfensystem.<br>Verwenden Sie die nachstehende Tabelle, um die entsprechende Gr\u00f6\u00dfe in Ihrer Region zu finden.<\/h6>\t\t\t\t<\/div>\n\t\t\t\t<\/div>\n\t\t\t\t<div class=\"elementor-element elementor-element-26efdc3 elementor-widget elementor-widget-text-editor\" data-id=\"26efdc3\" data-element_type=\"widget\" data-widget_type=\"text-editor.default\">\n\t\t\t\t<div class=\"elementor-widget-container\">\n\t\t\t\t\t\t\t\t\t<table border=\"1\">\n<tbody>\n<tr>\n<th><strong>EU-Gr\u00f6\u00dfe<\/strong><\/th>\n<th><strong>Frankreich<\/strong><\/th>\n<th><strong>Italien<\/strong><\/th>\n<th><strong>UK<\/strong><\/th>\n<th><strong>US<\/strong><\/th>\n<\/tr>\n<tr>\n<td>32 \/ XXS \/ 00<\/td>\n<td>34<\/td>\n<td>36<\/td>\n<td>4<\/td>\n<td>2<\/td>\n<\/tr>\n<tr>\n<td>34 \/ XS \/ 0<\/td>\n<td>36<\/td>\n<td>38<\/td>\n<td>6<\/td>\n<td>4<\/td>\n<\/tr>\n<tr>\n<td>36 \/ S \/ 1<\/td>\n<td>38<\/td>\n<td>40<\/td>\n<td>8<\/td>\n<td>6<\/td>\n<\/tr>\n<tr>\n<td>38 \/ M \/ 2<\/td>\n<td>40<\/td>\n<td>42<\/td>\n<td>10<\/td>\n<td>8<\/td>\n<\/tr>\n<tr>\n<td>40 \/ L \/ 3<\/td>\n<td>42<\/td>\n<td>44<\/td>\n<td>12<\/td>\n<td>10<\/td>\n<\/tr>\n<tr>\n<td>42 \/ XL \/ 4<\/td>\n<td>44<\/td>\n<td>46<\/td>\n<td>14<\/td>\n<td>12<\/td>\n<\/tr>\n<tr>\n<td>44 \/ XXL \/ 5<\/td>\n<td>46<\/td>\n<td>48<\/td>\n<td>16<\/td>\n<td>14<\/td>\n<\/tr>\n<\/tbody>\n<\/table>\n\t\t\t\t\t\t\t\t<\/div>\n\t\t\t\t<\/div>\n\t\t\t\t\t<\/div>\n\t\t<\/div>\n\t\t\t\t\t<\/div>\n\t\t<\/section>\n\t\t\t\t<section class=\"elementor-section elementor-top-section elementor-element elementor-element-7183af9 elementor-section-boxed elementor-section-height-default elementor-section-height-default\" data-id=\"7183af9\" data-element_type=\"section\">\n\t\t\t\t\t\t<div class=\"elementor-container elementor-column-gap-extended\">\n\t\t\t\t\t<div class=\"elementor-column elementor-col-100 elementor-top-column elementor-element elementor-element-6f190d7\" data-id=\"6f190d7\" data-element_type=\"column\">\n\t\t\t<div class=\"elementor-widget-wrap elementor-element-populated\">\n\t\t\t\t\t\t<div class=\"elementor-element elementor-element-0805282 elementor-widget elementor-widget-razzi-heading\" data-id=\"0805282\" data-element_type=\"widget\" data-widget_type=\"razzi-heading.default\">\n\t\t\t\t<div class=\"elementor-widget-container\">\n\t\t\t\t\t<div class=\"razzi-heading-wrapper\"><h3 class=\"razzi-heading-title\"><small>Unser<\/small> Kleidung<\/h3><\/div>\t\t\t\t<\/div>\n\t\t\t\t<\/div>\n\t\t\t\t<div class=\"elementor-element elementor-element-fc01573 elementor-widget elementor-widget-heading\" data-id=\"fc01573\" data-element_type=\"widget\" data-widget_type=\"heading.default\">\n\t\t\t\t<div class=\"elementor-widget-container\">\n\t\t\t\t\t<h6 class=\"elementor-heading-title elementor-size-default\">Die Passform kann je nach Stil oder pers\u00f6nlicher Vorliebe variieren.<\/h6>\t\t\t\t<\/div>\n\t\t\t\t<\/div>\n\t\t\t\t<div class=\"elementor-element elementor-element-b37c02b elementor-tabs-view-horizontal elementor-widget elementor-widget-tabs\" data-id=\"b37c02b\" data-element_type=\"widget\" data-widget_type=\"tabs.default\">\n\t\t\t\t<div class=\"elementor-widget-container\">\n\t\t\t\t\t\t\t<div class=\"elementor-tabs\">\n\t\t\t<div class=\"elementor-tabs-wrapper\" role=\"tablist\" >\n\t\t\t\t\t\t\t\t\t<div id=\"elementor-tab-title-1881\" class=\"elementor-tab-title elementor-tab-desktop-title\" aria-selected=\"true\" data-tab=\"1\" role=\"tab\" tabindex=\"0\" aria-controls=\"elementor-tab-content-1881\" aria-expanded=\"false\">CM<\/div>\n\t\t\t\t\t\t\t\t\t<div id=\"elementor-tab-title-1882\" class=\"elementor-tab-title elementor-tab-desktop-title\" aria-selected=\"false\" data-tab=\"2\" role=\"tab\" tabindex=\"-1\" aria-controls=\"elementor-tab-content-1882\" aria-expanded=\"false\">IN<\/div>\n\t\t\t\t\t\t\t<\/div>\n\t\t\t<div class=\"elementor-tabs-content-wrapper\" role=\"tablist\" aria-orientation=\"vertical\">\n\t\t\t\t\t\t\t\t\t<div class=\"elementor-tab-title elementor-tab-mobile-title\" aria-selected=\"true\" data-tab=\"1\" role=\"tab\" tabindex=\"0\" aria-controls=\"elementor-tab-content-1881\" aria-expanded=\"false\">CM<\/div>\n\t\t\t\t\t<div id=\"elementor-tab-content-1881\" class=\"elementor-tab-content elementor-clearfix\" data-tab=\"1\" role=\"tabpanel\" aria-labelledby=\"elementor-tab-title-1881\" tabindex=\"0\" hidden=\"false\"><table border=\"1\" class=\"dataframe\">\n<thead>\n<tr style=\"text-align: right;\">\n<th>EU-Gr\u00f6\u00dfe<\/th>\n<th>B\u00fcste<\/th>\n<th>Taille<\/th>\n<th>H\u00fcften<\/th>\n<\/tr>\n<\/thead>\n<tbody>\n<tr>\n<td>32 \/ XXS \/ 00<\/td>\n<td>76 &#8211; 80<\/td>\n<td>56 &#8211; 60<\/td>\n<td>84 &#8211; 88<\/td>\n<\/tr>\n<tr>\n<td>34 \/ XS \/ 0<\/td>\n<td>80 &#8211; 84<\/td>\n<td>60 &#8211; 64<\/td>\n<td>88 &#8211; 92<\/td>\n<\/tr>\n<tr>\n<td>36 \/ S \/ 1<\/td>\n<td>84 &#8211; 88<\/td>\n<td>64 &#8211; 68<\/td>\n<td>92 &#8211; 96<\/td>\n<\/tr>\n<tr>\n<td>38 \/ M \/ 2<\/td>\n<td>88 &#8211; 92<\/td>\n<td>68 &#8211; 72<\/td>\n<td>96 &#8211; 100<\/td>\n<\/tr>\n<tr>\n<td>40 \/ L \/ 3<\/td>\n<td>92 &#8211; 96<\/td>\n<td>72 &#8211; 76<\/td>\n<td>100 &#8211; 104<\/td>\n<\/tr>\n<tr>\n<td>42 \/ XL \/ 4<\/td>\n<td>96 &#8211; 100<\/td>\n<td>76 &#8211; 80<\/td>\n<td>104 &#8211; 108<\/td>\n<\/tr>\n<\/tbody>\n<\/table>\n<\/div>\n\t\t\t\t\t\t\t\t\t<div class=\"elementor-tab-title elementor-tab-mobile-title\" aria-selected=\"false\" data-tab=\"2\" role=\"tab\" tabindex=\"-1\" aria-controls=\"elementor-tab-content-1882\" aria-expanded=\"false\">IN<\/div>\n\t\t\t\t\t<div id=\"elementor-tab-content-1882\" class=\"elementor-tab-content elementor-clearfix\" data-tab=\"2\" role=\"tabpanel\" aria-labelledby=\"elementor-tab-title-1882\" tabindex=\"0\" hidden=\"hidden\"><table border=\"1\" class=\"dataframe\">\n<thead>\n<tr style=\"text-align: right;\">\n<th>EU-Gr\u00f6\u00dfe<\/th>\n<th>B\u00fcste<\/th>\n<th>Taille<\/th>\n<th>H\u00fcften<\/th>\n<\/tr>\n<\/thead>\n<tbody>\n<tr>\n<td>32 \/ XXS \/ 00<\/td>\n<td>30 &#8211; 31.5<\/td>\n<td>22 &#8211; 23.6<\/td>\n<td>33 &#8211; 34.6<\/td>\n<\/tr>\n<tr>\n<td>34 \/ XS \/ 0<\/td>\n<td>31.5 &#8211; 33<\/td>\n<td>23.6 &#8211; 25.2<\/td>\n<td>34.6 &#8211; 36.2<\/td>\n<\/tr>\n<tr>\n<td>36 \/ S \/ 1<\/td>\n<td>33 &#8211; 34.6<\/td>\n<td>25.2 &#8211; 26.8<\/td>\n<td>36.2 &#8211; 37.8<\/td>\n<\/tr>\n<tr>\n<td>38 \/ M \/ 2<\/td>\n<td>34.6 &#8211; 36.2<\/td>\n<td>26.8 &#8211; 28.3<\/td>\n<td>37.8 &#8211; 39.4<\/td>\n<\/tr>\n<tr>\n<td>40 \/ L \/ 3<\/td>\n<td>36.2 &#8211; 37.8<\/td>\n<td>28.3 &#8211; 29.9<\/td>\n<td>39.4 &#8211; 41<\/td>\n<\/tr>\n<tr>\n<td>42 \/ XL \/ 4<\/td>\n<td>37.8 &#8211; 39.4<\/td>\n<td>29.9 &#8211; 31.5<\/td>\n<td>41 &#8211; 42.5<\/td>\n<\/tr>\n<\/tbody>\n<\/table>\n<\/div>\n\t\t\t\t\t\t\t<\/div>\n\t\t<\/div>\n\t\t\t\t\t\t<\/div>\n\t\t\t\t<\/div>\n\t\t\t\t\t<\/div>\n\t\t<\/div>\n\t\t\t\t\t<\/div>\n\t\t<\/section>\n\t\t\t\t<\/div>\n\t\t","protected":false},"excerpt":{"rendered":"<p>Gr\u00f6\u00dfe Leitfaden Wie man misst B\u00fcste #1 Messen Sie unter Ihren Armen, um die breiteste Stelle Ihrer Brust. Taille #2 Messen Sie um Ihre nat\u00fcrliche Taille herum, knapp oberhalb Ihrer H\u00fcftknochen, und achten Sie darauf, das Ma\u00dfband nicht zu straff zu ziehen. H\u00fcften #3 Messen Sie um die breiteste Stelle Ihrer H\u00fcften und Ihres Ges\u00e4\u00dfes. [&hellip;]<\/p>\n","protected":false},"author":1,"featured_media":0,"parent":0,"menu_order":0,"comment_status":"closed","ping_status":"closed","template":"","meta":{"_acf_changed":false,"_improvement_type_select":"improve_an_existing","_thumb_yes_seoaic":false,"_frame_yes_seoaic":false,"seoaic_generate_description":"","seoaic_improve_instructions_prompt":"","seoaic_rollback_content_improvement":"","seoaic_idea_thumbnail_generator":"","thumbnail_generated":false,"thumbnail_generate_prompt":"","seoaic_article_description":"","inline_featured_image":false,"footnotes":""},"class_list":["post-27326","page","type-page","status-publish","hentry"],"acf":[],"yoast_head":"<!-- This site is optimized with the Yoast SEO Premium plugin v27.3 (Yoast SEO v27.3) - https:\/\/yoast.com\/product\/yoast-seo-premium-wordpress\/ -->\n<title>Gr\u00f6\u00dfentabelle - Samarali<\/title>\n<meta name=\"robots\" content=\"index, follow, max-snippet:-1, max-image-preview:large, max-video-preview:-1\" \/>\n<link rel=\"canonical\" href=\"https:\/\/samarali.com\/de\/groessentabelle\/\" \/>\n<meta property=\"og:locale\" content=\"de_DE\" \/>\n<meta property=\"og:type\" content=\"article\" \/>\n<meta property=\"og:title\" content=\"Gr\u00f6\u00dfentabelle\" \/>\n<meta property=\"og:description\" content=\"Gr\u00f6\u00dfe Leitfaden Wie man misst B\u00fcste #1 Messen Sie unter Ihren Armen, um die breiteste Stelle Ihrer Brust. Taille #2 Messen Sie um Ihre nat\u00fcrliche Taille herum, knapp oberhalb Ihrer H\u00fcftknochen, und achten Sie darauf, das Ma\u00dfband nicht zu straff zu ziehen. H\u00fcften #3 Messen Sie um die breiteste Stelle Ihrer H\u00fcften und Ihres Ges\u00e4\u00dfes. [&hellip;]\" \/>\n<meta property=\"og:url\" content=\"https:\/\/samarali.com\/de\/groessentabelle\/\" \/>\n<meta property=\"og:site_name\" content=\"Samarali\" \/>\n<meta property=\"article:publisher\" content=\"https:\/\/www.facebook.com\/samaraliyoga\" \/>\n<meta property=\"article:modified_time\" content=\"2024-09-23T15:16:48+00:00\" \/>\n<meta property=\"og:image\" content=\"https:\/\/samarali.com\/wp-content\/uploads\/2024\/08\/sizes123.png\" \/>\n<meta name=\"twitter:card\" content=\"summary_large_image\" \/>\n<meta name=\"twitter:label1\" content=\"Gesch\u00e4tzte Lesezeit\" \/>\n\t<meta name=\"twitter:data1\" content=\"1\u00a0Minute\" \/>\n<script type=\"application\/ld+json\" class=\"yoast-schema-graph\">{\"@context\":\"https:\\\/\\\/schema.org\",\"@graph\":[{\"@type\":\"WebPage\",\"@id\":\"https:\\\/\\\/samarali.com\\\/de\\\/groessentabelle\\\/\",\"url\":\"https:\\\/\\\/samarali.com\\\/de\\\/groessentabelle\\\/\",\"name\":\"Gr\u00f6\u00dfentabelle - Samarali\",\"isPartOf\":{\"@id\":\"https:\\\/\\\/samarali.com\\\/de\\\/#website\"},\"primaryImageOfPage\":{\"@id\":\"https:\\\/\\\/samarali.com\\\/de\\\/groessentabelle\\\/#primaryimage\"},\"image\":{\"@id\":\"https:\\\/\\\/samarali.com\\\/de\\\/groessentabelle\\\/#primaryimage\"},\"thumbnailUrl\":\"https:\\\/\\\/samarali.com\\\/wp-content\\\/uploads\\\/2024\\\/08\\\/sizes123.png\",\"datePublished\":\"2024-07-30T09:32:45+00:00\",\"dateModified\":\"2024-09-23T15:16:48+00:00\",\"breadcrumb\":{\"@id\":\"https:\\\/\\\/samarali.com\\\/de\\\/groessentabelle\\\/#breadcrumb\"},\"inLanguage\":\"de\",\"potentialAction\":[{\"@type\":\"ReadAction\",\"target\":[\"https:\\\/\\\/samarali.com\\\/de\\\/groessentabelle\\\/\"]}]},{\"@type\":\"ImageObject\",\"inLanguage\":\"de\",\"@id\":\"https:\\\/\\\/samarali.com\\\/de\\\/groessentabelle\\\/#primaryimage\",\"url\":\"https:\\\/\\\/samarali.com\\\/wp-content\\\/uploads\\\/2024\\\/08\\\/sizes123.png\",\"contentUrl\":\"https:\\\/\\\/samarali.com\\\/wp-content\\\/uploads\\\/2024\\\/08\\\/sizes123.png\"},{\"@type\":\"BreadcrumbList\",\"@id\":\"https:\\\/\\\/samarali.com\\\/de\\\/groessentabelle\\\/#breadcrumb\",\"itemListElement\":[{\"@type\":\"ListItem\",\"position\":1,\"name\":\"Startseite\",\"item\":\"https:\\\/\\\/samarali.com\\\/de\\\/startseite\\\/\"},{\"@type\":\"ListItem\",\"position\":2,\"name\":\"Gr\u00f6\u00dfentabelle\"}]},{\"@type\":\"WebSite\",\"@id\":\"https:\\\/\\\/samarali.com\\\/de\\\/#website\",\"url\":\"https:\\\/\\\/samarali.com\\\/de\\\/\",\"name\":\"Samarali\",\"description\":\"Samarali ist eine nachhaltige Yoga- und Lifestyle-Marke mit Sitz in den Niederlanden\",\"publisher\":{\"@id\":\"https:\\\/\\\/samarali.com\\\/de\\\/#organization\"},\"potentialAction\":[{\"@type\":\"SearchAction\",\"target\":{\"@type\":\"EntryPoint\",\"urlTemplate\":\"https:\\\/\\\/samarali.com\\\/de\\\/?s={search_term_string}\"},\"query-input\":{\"@type\":\"PropertyValueSpecification\",\"valueRequired\":true,\"valueName\":\"search_term_string\"}}],\"inLanguage\":\"de\"},{\"@type\":\"Organization\",\"@id\":\"https:\\\/\\\/samarali.com\\\/de\\\/#organization\",\"name\":\"Samarali\",\"url\":\"https:\\\/\\\/samarali.com\\\/de\\\/\",\"logo\":{\"@type\":\"ImageObject\",\"inLanguage\":\"de\",\"@id\":\"https:\\\/\\\/samarali.com\\\/de\\\/#\\\/schema\\\/logo\\\/image\\\/\",\"url\":\"https:\\\/\\\/samarali.com\\\/wp-content\\\/uploads\\\/2024\\\/05\\\/cropped-samarali-icon.png\",\"contentUrl\":\"https:\\\/\\\/samarali.com\\\/wp-content\\\/uploads\\\/2024\\\/05\\\/cropped-samarali-icon.png\",\"width\":512,\"height\":512,\"caption\":\"Samarali\"},\"image\":{\"@id\":\"https:\\\/\\\/samarali.com\\\/de\\\/#\\\/schema\\\/logo\\\/image\\\/\"},\"sameAs\":[\"https:\\\/\\\/www.facebook.com\\\/samaraliyoga\",\"https:\\\/\\\/www.linkedin.com\\\/company\\\/69563155\\\/\",\"https:\\\/\\\/www.instagram.com\\\/samaraliyoga\\\/\",\"https:\\\/\\\/nl.pinterest.com\\\/Samaraliyoga\\\/\"],\"description\":\"Samarali is a sustainable yoga and lifestyle brand based in the Netherlands\",\"email\":\"info@samarali.com\",\"legalName\":\"Samarali B.V.\",\"vatID\":\"NL859820324B01\",\"numberOfEmployees\":{\"@type\":\"QuantitativeValue\",\"minValue\":\"1\",\"maxValue\":\"10\"}}]}<\/script>\n<!-- \/ Yoast SEO Premium plugin. -->","yoast_head_json":{"title":"Gr\u00f6\u00dfentabelle - Samarali","robots":{"index":"index","follow":"follow","max-snippet":"max-snippet:-1","max-image-preview":"max-image-preview:large","max-video-preview":"max-video-preview:-1"},"canonical":"https:\/\/samarali.com\/de\/groessentabelle\/","og_locale":"de_DE","og_type":"article","og_title":"Gr\u00f6\u00dfentabelle","og_description":"Gr\u00f6\u00dfe Leitfaden Wie man misst B\u00fcste #1 Messen Sie unter Ihren Armen, um die breiteste Stelle Ihrer Brust. Taille #2 Messen Sie um Ihre nat\u00fcrliche Taille herum, knapp oberhalb Ihrer H\u00fcftknochen, und achten Sie darauf, das Ma\u00dfband nicht zu straff zu ziehen. H\u00fcften #3 Messen Sie um die breiteste Stelle Ihrer H\u00fcften und Ihres Ges\u00e4\u00dfes. [&hellip;]","og_url":"https:\/\/samarali.com\/de\/groessentabelle\/","og_site_name":"Samarali","article_publisher":"https:\/\/www.facebook.com\/samaraliyoga","article_modified_time":"2024-09-23T15:16:48+00:00","og_image":[{"url":"https:\/\/samarali.com\/wp-content\/uploads\/2024\/08\/sizes123.png","type":"","width":"","height":""}],"twitter_card":"summary_large_image","twitter_misc":{"Gesch\u00e4tzte Lesezeit":"1\u00a0Minute"},"schema":{"@context":"https:\/\/schema.org","@graph":[{"@type":"WebPage","@id":"https:\/\/samarali.com\/de\/groessentabelle\/","url":"https:\/\/samarali.com\/de\/groessentabelle\/","name":"Gr\u00f6\u00dfentabelle - Samarali","isPartOf":{"@id":"https:\/\/samarali.com\/de\/#website"},"primaryImageOfPage":{"@id":"https:\/\/samarali.com\/de\/groessentabelle\/#primaryimage"},"image":{"@id":"https:\/\/samarali.com\/de\/groessentabelle\/#primaryimage"},"thumbnailUrl":"https:\/\/samarali.com\/wp-content\/uploads\/2024\/08\/sizes123.png","datePublished":"2024-07-30T09:32:45+00:00","dateModified":"2024-09-23T15:16:48+00:00","breadcrumb":{"@id":"https:\/\/samarali.com\/de\/groessentabelle\/#breadcrumb"},"inLanguage":"de","potentialAction":[{"@type":"ReadAction","target":["https:\/\/samarali.com\/de\/groessentabelle\/"]}]},{"@type":"ImageObject","inLanguage":"de","@id":"https:\/\/samarali.com\/de\/groessentabelle\/#primaryimage","url":"https:\/\/samarali.com\/wp-content\/uploads\/2024\/08\/sizes123.png","contentUrl":"https:\/\/samarali.com\/wp-content\/uploads\/2024\/08\/sizes123.png"},{"@type":"BreadcrumbList","@id":"https:\/\/samarali.com\/de\/groessentabelle\/#breadcrumb","itemListElement":[{"@type":"ListItem","position":1,"name":"Startseite","item":"https:\/\/samarali.com\/de\/startseite\/"},{"@type":"ListItem","position":2,"name":"Gr\u00f6\u00dfentabelle"}]},{"@type":"WebSite","@id":"https:\/\/samarali.com\/de\/#website","url":"https:\/\/samarali.com\/de\/","name":"Samarali","description":"Samarali ist eine nachhaltige Yoga- und Lifestyle-Marke mit Sitz in den Niederlanden","publisher":{"@id":"https:\/\/samarali.com\/de\/#organization"},"potentialAction":[{"@type":"SearchAction","target":{"@type":"EntryPoint","urlTemplate":"https:\/\/samarali.com\/de\/?s={search_term_string}"},"query-input":{"@type":"PropertyValueSpecification","valueRequired":true,"valueName":"search_term_string"}}],"inLanguage":"de"},{"@type":"Organization","@id":"https:\/\/samarali.com\/de\/#organization","name":"Samarali","url":"https:\/\/samarali.com\/de\/","logo":{"@type":"ImageObject","inLanguage":"de","@id":"https:\/\/samarali.com\/de\/#\/schema\/logo\/image\/","url":"https:\/\/samarali.com\/wp-content\/uploads\/2024\/05\/cropped-samarali-icon.png","contentUrl":"https:\/\/samarali.com\/wp-content\/uploads\/2024\/05\/cropped-samarali-icon.png","width":512,"height":512,"caption":"Samarali"},"image":{"@id":"https:\/\/samarali.com\/de\/#\/schema\/logo\/image\/"},"sameAs":["https:\/\/www.facebook.com\/samaraliyoga","https:\/\/www.linkedin.com\/company\/69563155\/","https:\/\/www.instagram.com\/samaraliyoga\/","https:\/\/nl.pinterest.com\/Samaraliyoga\/"],"description":"Samarali is a sustainable yoga and lifestyle brand based in the Netherlands","email":"info@samarali.com","legalName":"Samarali B.V.","vatID":"NL859820324B01","numberOfEmployees":{"@type":"QuantitativeValue","minValue":"1","maxValue":"10"}}]}},"jetpack_sharing_enabled":true,"_links":{"self":[{"href":"https:\/\/samarali.com\/de\/wp-json\/wp\/v2\/pages\/27326","targetHints":{"allow":["GET"]}}],"collection":[{"href":"https:\/\/samarali.com\/de\/wp-json\/wp\/v2\/pages"}],"about":[{"href":"https:\/\/samarali.com\/de\/wp-json\/wp\/v2\/types\/page"}],"author":[{"embeddable":true,"href":"https:\/\/samarali.com\/de\/wp-json\/wp\/v2\/users\/1"}],"replies":[{"embeddable":true,"href":"https:\/\/samarali.com\/de\/wp-json\/wp\/v2\/comments?post=27326"}],"version-history":[{"count":3,"href":"https:\/\/samarali.com\/de\/wp-json\/wp\/v2\/pages\/27326\/revisions"}],"predecessor-version":[{"id":29414,"href":"https:\/\/samarali.com\/de\/wp-json\/wp\/v2\/pages\/27326\/revisions\/29414"}],"wp:attachment":[{"href":"https:\/\/samarali.com\/de\/wp-json\/wp\/v2\/media?parent=27326"}],"curies":[{"name":"wp","href":"https:\/\/api.w.org\/{rel}","templated":true}]}}